{"id":1004,"date":"2022-09-01T14:14:28","date_gmt":"2022-09-01T14:14:28","guid":{"rendered":"https:\/\/theclimatebook.org\/notas-finais\/como-somos-afetados\/3-1-o-mundo-esta-com-febre\/"},"modified":"2022-09-01T14:14:28","modified_gmt":"2022-09-01T14:14:28","slug":"3-1-o-mundo-esta-com-febre","status":"publish","type":"page","link":"https:\/\/theclimatebook.org\/pt-pt\/notas-finais\/como-somos-afetados\/3-1-o-mundo-esta-com-febre\/","title":{"rendered":"3.1 O mundo est\u00e1 com febre"},"content":{"rendered":"<div class=\"notes\">\n<p class=\"author\"><a href=\"\/contributors#greta-thunberg\" rel=\"author\">Greta Thunberg<\/a><\/p>\n<p class=\"date\">Todas as fontes online foram acedidas no dia <time datetime=\"2022-02-03\">3 de Fevereiro de 2022<\/time><\/p>\n<ol start=\"132\">\n<li>\n<p>\n<q>o 1% de pessoas mais ricas \u00e9 respons\u00e1vel<\/q> Gore, T., <cite>\u2018Confronting carbon inequality: putting climate justice at the heart of the COVID-19 recovery\u2019<\/cite>, Oxfam International, 21 de Setembro de 2020, <a href=\"https:\/\/www.oxfam.org\/en\/research\/confronting-carbon-inequality\" target=\"_blank\" rel=\"noopener\">https:\/\/www.oxfam.org\/en\/research\/confronting-carbon-inequality<\/a>.\n<\/p>\n<\/li>\n<li>\n<p>\n<q>75% das novas doen\u00e7as infecciosas t\u00eam origem na vida selvagem<\/q> National Center for Emerging and Zoonotic Infectious Diseases, <cite>\u2018Zoonotic diseases\u2019<\/cite>, Centers for Disease Control and Prevention, 1 de Julho de 2021, <a href=\"https:\/\/www.cdc.gov\/onehealth\/basics\/zoonotic-diseases.html\" target=\"_blank\" rel=\"noopener\">https:\/\/www.cdc.gov\/onehealth\/basics\/zoonotic-diseases.html<\/a>.\n<\/p>\n<p>\n<q>\u201cEstamos a criar as condi\u00e7\u00f5es para o desenvolvimento de epidemias\u201d<\/q>  <cite>\u2018Tr\u00f3caire, \u20185 lessons Dr. Mike Ryan says we need to learn from Covid-19\u2019<\/cite>, 18 de Fevereiro de 2021, <a href=\"https:\/\/www.trocaire.org\/news\/5-lessons-dr-mike-ryan-says-we-need-to-learn-from-covid-19\/\" target=\"_blank\" rel=\"noopener\">https:\/\/www.trocaire.org\/news\/5-lessons-dr-mike-ryan-says-we-need-to-learn-from-covid-19\/<\/a>.\n<\/p>\n<p>\n<q>37% das mortes relacionadas com o calor s\u00e3o causadas pelas altera\u00e7\u00f5es clim\u00e1ticas<\/q> Vicedo-Cabrera, A. M., <em>et al<\/em>., <cite>\u2018The burden of heat-related mortality attributable to recent human-induced climate change\u2019<\/cite>, <span class=\"book\">Nature Climate Change<\/span>, 11 (6), 2021: 492\u2013500, <a href=\"https:\/\/doi.org\/10.1038\/s41558-021-01058-x\" target=\"_blank\" rel=\"noopener\">https:\/\/doi.org\/10.1038\/s41558-021-01058-x<\/a>.\n<\/p>\n<p>\n<q>cerca de 10 milh\u00f5es de pessoas morrem todos os anos em consequ\u00eancia da polui\u00e7\u00e3o atmosf\u00e9rica<\/q> Shindell, D., <em>et al<\/em>., <cite>\u2018Temporal and spatial distribution of health, labor, and crop benefits of climate change mitigation in the United States\u2019<\/cite>, <span class=\"book\">Proceedings of the National Academy of Sciences<\/span>, 118 (46), 2021: Article e2104061118, <a href=\"https:\/\/doi.org\/10.1073\/pnas.2104061118\" target=\"_blank\" rel=\"noopener\">https:\/\/doi.org\/10.1073\/pnas.2104061118<\/a>; Shindell, D., <em>et al<\/em>., <cite>\u2018Quantified, localized health benefits of accelerated carbon dioxide emissions reductions\u2019<\/cite>, <span class=\"book\">Nature Climate Change<\/span>, 8 (4), 2018: 291\u20135, <a href=\"https:\/\/doi.org\/10.1038\/s41558-018-0108-y\" target=\"_blank\" rel=\"noopener\">https:\/\/doi.org\/10.1038\/s41558-018-0108-y<\/a>.\n<\/p>\n<p>\n<q>a mal\u00e1ria e a dengue podem p\u00f4r milhares de milh\u00f5es em risco<\/q> Col\u00f3n-Gonz\u00e1lez, F. J., <em>et al<\/em>., <cite>\u2018Projecting the risk of mosquito-borne diseases in a warmer and more populated world: a multi-model, multi-scenario intercomparison modelling study\u2019<\/cite>, <span class=\"book\">Lancet Planetary Health<\/span>, 5 (7), 2021: e404\u2013e414, <a href=\"https:\/\/doi.org\/10.1016\/S2542-5196(21)00132-7\" target=\"_blank\" rel=\"noopener\">https:\/\/doi.org\/10.1016\/S2542-5196(21)00132-7<\/a>; Caminade, C., <em>et al<\/em>., <cite>\u2018Impact of climate change on global malaria distribution\u2019<\/cite>, <span class=\"book\">Proceedings of the National Academy of Sciences<\/span>, 111 (9), 2014: 3286\u201391, <a href=\"https:\/\/doi.org\/10.1073\/pnas.1302089111\" target=\"_blank\" rel=\"noopener\">https:\/\/doi.org\/10.1073\/pnas.1302089111<\/a>; Liu-Helmersson, J., <em>et al<\/em>., <cite>\u2018Climate change may enable Aedes aegypti infestation in major European cities by 2100\u2019<\/cite>, <span class=\"book\">Environmental Research<\/span>, 172, 2019: 693\u20139, <a href=\"https:\/\/doi.org\/10.1016\/j.envres.2019.02.026\" target=\"_blank\" rel=\"noopener\">https:\/\/doi.org\/10.1016\/j.envres.2019.02.026<\/a>.\n<\/p>\n<\/li>\n<\/ol>\n<\/div>\n","protected":false},"excerpt":{"rendered":"<p>Greta Thunberg Todas as fontes online foram acedidas no dia 3 de Fevereiro de 2022 o 1% de pessoas mais ricas \u00e9 respons\u00e1vel Gore, T., \u2018Confronting carbon inequality: putting climate justice at the heart of the COVID-19 recovery\u2019, Oxfam International, 21 de Setembro de 2020, https:\/\/www.oxfam.org\/en\/research\/confronting-carbon-inequality. 75% das novas doen\u00e7as infecciosas t\u00eam origem na vida&hellip;<\/p>\n","protected":false},"author":5,"featured_media":0,"parent":1003,"menu_order":1,"comment_status":"closed","ping_status":"closed","template":"page-essay.php","meta":{"footnotes":""},"class_list":["post-1004","page","type-page","status-publish","hentry"],"_links":{"self":[{"href":"https:\/\/theclimatebook.org\/pt-pt\/wp-json\/wp\/v2\/pages\/1004","targetHints":{"allow":["GET"]}}],"collection":[{"href":"https:\/\/theclimatebook.org\/pt-pt\/wp-json\/wp\/v2\/pages"}],"about":[{"href":"https:\/\/theclimatebook.org\/pt-pt\/wp-json\/wp\/v2\/types\/page"}],"author":[{"embeddable":true,"href":"https:\/\/theclimatebook.org\/pt-pt\/wp-json\/wp\/v2\/users\/5"}],"replies":[{"embeddable":true,"href":"https:\/\/theclimatebook.org\/pt-pt\/wp-json\/wp\/v2\/comments?post=1004"}],"version-history":[{"count":0,"href":"https:\/\/theclimatebook.org\/pt-pt\/wp-json\/wp\/v2\/pages\/1004\/revisions"}],"up":[{"embeddable":true,"href":"https:\/\/theclimatebook.org\/pt-pt\/wp-json\/wp\/v2\/pages\/1003"}],"wp:attachment":[{"href":"https:\/\/theclimatebook.org\/pt-pt\/wp-json\/wp\/v2\/media?parent=1004"}],"curies":[{"name":"wp","href":"https:\/\/api.w.org\/{rel}","templated":true}]}}