{"id":1001,"date":"2022-09-01T11:47:24","date_gmt":"2022-09-01T11:47:24","guid":{"rendered":"https:\/\/theclimatebook.org\/notas-finais\/como-o-planeta-esta-a-mudar\/2-23-o-permafrost\/"},"modified":"2022-09-01T11:47:24","modified_gmt":"2022-09-01T11:47:24","slug":"2-23-o-permafrost","status":"publish","type":"page","link":"https:\/\/theclimatebook.org\/pt-pt\/notas-finais\/como-o-planeta-esta-a-mudar\/2-23-o-permafrost\/","title":{"rendered":"2.23 O Permafrost"},"content":{"rendered":"<div class=\"notes\">\n<p class=\"author\"><a href=\"\/contributors#\u00f6rjan-gustafsson\" rel=\"author\">\u00d6rjan Gustafsson<\/a><\/p>\n<p class=\"date\">Todas as fontes online foram acedidas no dia <time datetime=\"2022-03-01\">1 de Mar\u00e7o de 2022<\/time><\/p>\n<ol start=\"114\">\n<li>\n<p>\n<q>75% dos hidratos pouco profundos da Terra<\/q> Shakhova, N., <em>et al<\/em>., <cite>\u2018Understanding the permafrost\u2013hydrate system and associated methane releases in the east Siberian Arctic shelf\u2019<\/cite>, <span class=\"book\">Geosciences<\/span>, 9 (6), 2019: Article 251, <a href=\"https:\/\/doi.org\/10.3390\/geosciences9060251\" target=\"_blank\" rel=\"noopener\">https:\/\/doi.org\/10.3390\/geosciences9060251<\/a>.\n<\/p>\n<\/li>\n<li>\n<p>\n<q>dez vezes mais depressa no planalto tibetano<\/q> Gao, T., <em>et al<\/em>., <cite>\u2018Accelerating permafrost collapse on the eastern Tibetan Plateau\u2019<\/cite>, <span class=\"book\">Environmental Research Letters<\/span>, 16 (5), 2021: Article 054023, <a href=\"https:\/\/doi.org\/10.1088\/1748-9326\/abf7f0\" target=\"_blank\" rel=\"noopener\">https:\/\/doi.org\/10.1088\/1748-9326\/abf7f0https:\/\/doi.org\/10.1088\/1748-9326\/abf7f0<\/a>.\n<\/p>\n<p>\n<q>um aumento de temperatura de cerca de 10\u00b0C devido \u00e0 sobreposi\u00e7\u00e3o da \u00e1gua do mar<\/q> Shakhova, N., <em>et al<\/em>., <cite>\u2018Current rates and mechanisms of subsea permafrost degradation in the east Siberian Arctic shelf\u2019<\/cite>, <span class=\"book\">Nature Communications<\/span>, 8, 2017: Article 15872, <a href=\"https:\/\/doi.org\/10.1038\/ncomms15872\" target=\"_blank\" rel=\"noopener\">https:\/\/doi.org\/10.1038\/ncomms15872<\/a>.\n<\/p>\n<\/li>\n<li>\n<p>\n<q>a liberta\u00e7\u00e3o de metano de grandes c\u00e2maras submarinas<\/q> Shakhova, N., <em>et al<\/em>., <cite>\u2018Extensive methane venting to the atmosphere from sediments of the east Siberian Arctic shelf\u2019<\/cite>, <span class=\"book\">Science<\/span>, 327 (5970), 2010: 1246\u201350, <a href=\"https:\/\/doi.org\/10.1126\/science.1182221\" target=\"_blank\" rel=\"noopener\">https:\/\/doi.org\/10.1126\/science.1182221<\/a>; Steinbach, J., <em>et al<\/em>., <cite>\u2018Source apportionment of methane escaping the subsea permafrost system in the outer Eurasian Arctic shelf\u2019<\/cite>, <span class=\"book\">Proceedings of the National Academy of Sciences<\/span>, 118 (10), 2021: Article e2019672118, <a href=\"https:\/\/doi.org\/10.1073\/pnas.2019672118\" target=\"_blank\" rel=\"noopener\">https:\/\/doi.org\/10.1073\/pnas.2019672118<\/a>.\n<\/p>\n<\/li>\n<\/ol>\n<\/div>\n","protected":false},"excerpt":{"rendered":"<p>\u00d6rjan Gustafsson Todas as fontes online foram acedidas no dia 1 de Mar\u00e7o de 2022 75% dos hidratos pouco profundos da Terra Shakhova, N., et al., \u2018Understanding the permafrost\u2013hydrate system and associated methane releases in the east Siberian Arctic shelf\u2019, Geosciences, 9 (6), 2019: Article 251, https:\/\/doi.org\/10.3390\/geosciences9060251. dez vezes mais depressa no planalto tibetano Gao,&hellip;<\/p>\n","protected":false},"author":5,"featured_media":0,"parent":981,"menu_order":23,"comment_status":"closed","ping_status":"closed","template":"page-essay.php","meta":{"footnotes":""},"class_list":["post-1001","page","type-page","status-publish","hentry"],"_links":{"self":[{"href":"https:\/\/theclimatebook.org\/pt-pt\/wp-json\/wp\/v2\/pages\/1001","targetHints":{"allow":["GET"]}}],"collection":[{"href":"https:\/\/theclimatebook.org\/pt-pt\/wp-json\/wp\/v2\/pages"}],"about":[{"href":"https:\/\/theclimatebook.org\/pt-pt\/wp-json\/wp\/v2\/types\/page"}],"author":[{"embeddable":true,"href":"https:\/\/theclimatebook.org\/pt-pt\/wp-json\/wp\/v2\/users\/5"}],"replies":[{"embeddable":true,"href":"https:\/\/theclimatebook.org\/pt-pt\/wp-json\/wp\/v2\/comments?post=1001"}],"version-history":[{"count":0,"href":"https:\/\/theclimatebook.org\/pt-pt\/wp-json\/wp\/v2\/pages\/1001\/revisions"}],"up":[{"embeddable":true,"href":"https:\/\/theclimatebook.org\/pt-pt\/wp-json\/wp\/v2\/pages\/981"}],"wp:attachment":[{"href":"https:\/\/theclimatebook.org\/pt-pt\/wp-json\/wp\/v2\/media?parent=1001"}],"curies":[{"name":"wp","href":"https:\/\/api.w.org\/{rel}","templated":true}]}}