{"id":1000,"date":"2022-09-01T00:05:02","date_gmt":"2022-09-01T00:05:02","guid":{"rendered":"https:\/\/theclimatebook.org\/notas-finais\/como-o-planeta-esta-a-mudar\/2-21o-calendario-da-natureza\/"},"modified":"2022-09-01T00:05:02","modified_gmt":"2022-09-01T00:05:02","slug":"2-21o-calendario-da-natureza","status":"publish","type":"page","link":"https:\/\/theclimatebook.org\/pt-pt\/notas-finais\/como-o-planeta-esta-a-mudar\/2-21o-calendario-da-natureza\/","title":{"rendered":"2.21O Calend\u00e1rio da Natureza"},"content":{"rendered":"<div class=\"notes\">\n<p class=\"author\"><a href=\"\/contributors#keith-w.-larson\" rel=\"author\">Keith W. Larson<\/a><\/p>\n<p class=\"date\">Todas as fontes online foram acedidas no dia <time datetime=\"2021-11-01\">1 de Novembro de 2021<\/time><\/p>\n<ol start=\"114\">\n<li>\n<p>\n<q>a \u00e1rea de reparti\u00e7\u00e3o da esp\u00e9cie e a fenologia s\u00e3o indicadores\u2026 das altera\u00e7\u00f5es clim\u00e1ticas<\/q> Parmesan, C., and Yohe, G., <cite>\u2018A globally coherent fingerprint of climate change impacts across natural systems\u2019<\/cite>, <span class=\"book\">Nature<\/span>, 421 (6198), 2003: 37\u201342, <a href=\"https:\/\/doi.org\/10.1038\/nature01286\" target=\"_blank\" rel=\"noopener\">https:\/\/doi.org\/10.1038\/nature01286<\/a>; Root, T. L., <em>et al<\/em>., <cite>\u2018Fingerprints of global warming on wild animals and plants\u2019<\/cite>, <span class=\"book\">Nature<\/span>, 421 (6198), 2003: 57\u201360, <a href=\"https:\/\/doi.org\/10.1038\/nature01333\" target=\"_blank\" rel=\"noopener\">https:\/\/doi.org\/10.1038\/nature01333<\/a>; Walther, G. R., <em>et al<\/em>., <cite>\u2018An ecological \u201cfootprint\u201d of climate change\u2019<\/cite>, <span class=\"book\">Proceedings of the Royal Society B: Biological Sciences<\/span>, 272 (1571), 2005: 1427\u201332, <a href=\"https:\/\/doi.org\/10.1098\/rspb.2005.3119\" target=\"_blank\" rel=\"noopener\">https:\/\/doi.org\/10.1098\/rspb.2005.3119<\/a>.\n<\/p>\n<p>\n<q>muitos casos de esp\u00e9cies que mudaram a sua \u00e1rea de reparti\u00e7\u00e3o geogr\u00e1fic<\/q> Lenoir, J., <em>et al<\/em>., <cite>\u2018A significant upward shift in plant species optimum elevation during the 20th century\u2019<\/cite>, <span class=\"book\">Science<\/span>, 320 (5884), 2008: 1768\u201371, <a href=\"https:\/\/doi.org\/10.1126\/science.1156831\" target=\"_blank\" rel=\"noopener\">https:\/\/doi.org\/10.1126\/science.1156831<\/a>; Massimino, D., <em>et al<\/em>., <cite>\u2018The geographical range of British birds expands during 15 years of warming\u2019<\/cite>, <span class=\"book\">Bird Study<\/span>, 62 (4), 2015: 523\u201334, <a href=\"https:\/\/doi.org\/10.1080\/00063657.2015.1089835\" target=\"_blank\" rel=\"noopener\">https:\/\/doi.org\/10.1080\/00063657.2015.1089835<\/a>; Parmesan, C., <em>et al<\/em>., <cite>\u2018Poleward shifts in geographical ranges of butterfly species associated with regional warming\u2019<\/cite>, <span class=\"book\">Nature<\/span>, 399 (6736), 1999: 579\u201383, <a href=\"https:\/\/doi.org\/10.1038\/21181\" target=\"_blank\" rel=\"noopener\">https:\/\/doi.org\/10.1038\/21181<\/a>.\n<\/p>\n<p>\n<q>alteraram a temporiza\u00e7\u00e3o dos seus fen\u00f3menos fenol\u00f3gicos<\/q> Cotton, P. A., <cite>\u2018Avian migration phenology and global climate change\u2019<\/cite>, <span class=\"book\">Proceedings of the National Academy of Sciences<\/span>, 100 (21), 2003: 12219\u201322, <a href=\"https:\/\/doi.org\/10.1073\/pnas.1930548100\" target=\"_blank\" rel=\"noopener\">https:\/\/doi.org\/10.1073\/pnas.1930548100<\/a>; Mazaris, A. D., <em>et al<\/em>., <cite>\u2018Phenological response of sea turtles to environmental variation across a species\u2019 northern range\u2019<\/cite>, <span class=\"book\">Proceedings of the Royal Society B: Biological Sciences<\/span>, 280 (1751), 2013: Article 20122397, <a href=\"https:\/\/doi.org\/10.1098\/rspb.2012.2397\" target=\"_blank\" rel=\"noopener\">https:\/\/doi.org\/10.1098\/rspb.2012.2397<\/a>; Parmesan, C., <cite>\u2018Influences of species, latitudes and methodologies on estimates of phenological response to global warming\u2019<\/cite>, <span class=\"book\">Global Change Biology<\/span>, 13 (9), 2007: 1860\u201372, <a href=\"https:\/\/doi.org\/10.1111\/j.1365-2486.2007.01404.x\" target=\"_blank\" rel=\"noopener\">https:\/\/doi.org\/10.1111\/j.1365-2486.2007.01404.x<\/a>.\n<\/p>\n<p>\n<q>tentando acompanhar as temperaturas mais baixas \u00e0 medida que o planeta aquecia<\/q> Hughes, L., <cite>\u2018Biological consequences of global warming: is the signal already apparent?\u2019<\/cite>, <span class=\"book\">Trends in Ecology and Evolution<\/span>, 15 (2), 2000: 56\u201361, <a href=\"https:\/\/doi.org\/10.1016\/S0169-5347(99)01764-4\" target=\"_blank\" rel=\"noopener\">https:\/\/doi.org\/10.1016\/S0169-5347(99)01764-4<\/a>; Scheffers, B. R., <em>et al<\/em>., <cite>\u2018The broad footprint of climate change from genes to biomes to people\u2019<\/cite>, <span class=\"book\">Science<\/span>, 354 (6313), 2016: Article aaf7671, <a href=\"https:\/\/doi.org\/10.1126\/science.aaf7671\" target=\"_blank\" rel=\"noopener\">https:\/\/doi.org\/10.1126\/science.aaf7671<\/a>.<\/p>\n<p>\n<q>o chapim-real antecipa at\u00e9 duas semanas a \u00e9poca de reprodu\u00e7\u00e3o<\/q> Cole, E. F., <em>et al<\/em>., <cite>\u2018Spatial variation in avian phenological response to climate change linked to tree health\u2019<\/cite>, <span class=\"book\">Nature Climate Change<\/span>, 11 (10), 2021: 872\u20138, , 11 (10), 2021: 872\u20138, , 11 (10), 2021: 872\u20138, <a href=\"https:\/\/doi.org\/10.1038\/s41558-021-01140-4\" target=\"_blank\" rel=\"noopener\">https:\/\/doi.org\/10.1038\/s41558-021-01140-4<\/a>; Bauer, Z., <em>et al<\/em>., <cite>\u2018Changing climate and the phenological response of great tit and collared flycatcher populations in floodplain forest ecosystems in central Europe\u2019<\/cite>, <span class=\"book\">International Journal of Biometeorology<\/span>, 54 (1), 2010: 99\u2013111, <a href=\"https:\/\/doi.org\/10.1007\/s00484-009-0259-7\" target=\"_blank\" rel=\"noopener\">https:\/\/doi.org\/10.1007\/s00484-009-0259-7<\/a>; Samplonius, J. M., <em>et al<\/em>., <cite>\u2018Phenological sensitivity to climate change is higher in resident than in migrant bird populations among European cavity breeders\u2019<\/cite>, <span class=\"book\">Global Change Biology<\/span>, 24 (8), 2018: 3780\u201390, <a href=\"https:\/\/doi.org\/10.1111\/gcb.14160\" target=\"_blank\" rel=\"noopener\">https:\/\/doi.org\/10.1111\/gcb.14160<\/a>.\n<\/p>\n<p>\n<q>encolher a um ritmo de 87 mil quil\u00f3metros quadrados por ano<\/q> Peng, X., <em>et al<\/em>., <cite>\u2018A holistic assessment of 1979\u20132016 global cryospheric extent\u2019<\/cite>, <span class=\"book\">Earth\u2019s Future<\/span>, 9 (8), 2021: Article e2020EF001969, <a href=\"https:\/\/doi.org\/10.1029\/2020EF001969\" target=\"_blank\" rel=\"noopener\">https:\/\/doi.org\/10.1029\/2020EF001969<\/a>.\n<\/p>\n<p>\n<q>algumas esp\u00e9cies estejam\u2026 reduzindo o tamanho corporal<\/q> Jirinec, V., <em>et al<\/em>., <cite>\u2018Morphological consequences of climate change for resident birds in intact Amazonian rainforest\u2019<\/cite>, <span class=\"book\"><span class=\"book\">Science Advances<\/span>, 7 (46), 2021, Article eabk1743, <a href=\"https:\/\/doi.org\/10.1126\/sciadv.abk1743\" target=\"_blank\" rel=\"noopener\">https:\/\/doi.org\/10.1126\/sciadv.abk1743<\/a>; Prokosch, J., <em>et al<\/em>., <cite>\u2018Are animals shrinking due to climate change? Temperature-mediated selection on body mass in mountain wagtails\u2019<\/cite>, <span class=\"book\">Oecologia<\/span>, 189 (3), 2019: 841\u20139, <a href=\"https:\/\/doi.org\/10.1007\/s00442-019-04368-2\" target=\"_blank\" rel=\"noopener\">https:\/\/doi.org\/10.1007\/s00442-019-04368-2<\/a>; Sheridan, J. A., and Bickford, D., <cite>\u2018Shrinking body size as an ecological response to climate change\u2019<\/cite>, <span class=\"book\">Nature Climate Change<\/span>, 1 (8), 2011: 401\u20136, <a href=\"https:\/\/doi.org\/10.1038\/nclimate1259\" target=\"_blank\" rel=\"noopener\">https:\/\/doi.org\/10.1038\/nclimate1259<\/a>.\n<\/p>\n<\/li>\n<li>\n<p>\n<q>a felosa-musical est\u00e1 a chegar mais cedo<\/q> Samplonius <em>et al<\/em>., <cite>\u2018Phenological sensitivity to climate change\u2019<\/cite>; Samplonius, J. M., and Both, C., <cite>\u2018Climate change may affect fatal competition between two bird species\u2019<\/cite>, <span class=\"book\">Current Biology<\/span>, 29 (2), 2019: 327\u2013331.e2, <a href=\"https:\/\/doi.org\/10.1016\/j.cub.2018.11.063\" target=\"_blank\" rel=\"noopener\">https:\/\/doi.org\/10.1016\/j.cub.2018.11.063<\/a>.\n<\/p>\n<p>\n<q>h\u00e1 biomas inteiros que a est\u00e3o a mudar<\/q> Scheffers <em>et al<\/em>., <cite>\u2018The broad footprint of climate change\u2019<\/cite>; Dobrowski, S. Z., <em>et al<\/em>., <cite>\u2018Protected-area targets could be undermined by climate change-driven shifts in ecoregions and biomes\u2019<\/cite>, <span class=\"book\">Communications Earth and Environment<\/span>, 2, 2021: Article 198, <a href=\"https:\/\/doi.org\/10.1038\/s43247-021-00270-z\" target=\"_blank\" rel=\"noopener\">https:\/\/doi.org\/10.1038\/s43247-021-00270-z<\/a>.\n<\/p>\n<\/li>\n<\/ol>\n<\/div>\n","protected":false},"excerpt":{"rendered":"<p>Keith W. Larson Todas as fontes online foram acedidas no dia 1 de Novembro de 2021 a \u00e1rea de reparti\u00e7\u00e3o da esp\u00e9cie e a fenologia s\u00e3o indicadores\u2026 das altera\u00e7\u00f5es clim\u00e1ticas Parmesan, C., and Yohe, G., \u2018A globally coherent fingerprint of climate change impacts across natural systems\u2019, Nature, 421 (6198), 2003: 37\u201342, https:\/\/doi.org\/10.1038\/nature01286; Root, T. L.,&hellip;<\/p>\n","protected":false},"author":5,"featured_media":0,"parent":981,"menu_order":21,"comment_status":"closed","ping_status":"closed","template":"page-essay.php","meta":{"footnotes":""},"class_list":["post-1000","page","type-page","status-publish","hentry"],"_links":{"self":[{"href":"https:\/\/theclimatebook.org\/pt-pt\/wp-json\/wp\/v2\/pages\/1000","targetHints":{"allow":["GET"]}}],"collection":[{"href":"https:\/\/theclimatebook.org\/pt-pt\/wp-json\/wp\/v2\/pages"}],"about":[{"href":"https:\/\/theclimatebook.org\/pt-pt\/wp-json\/wp\/v2\/types\/page"}],"author":[{"embeddable":true,"href":"https:\/\/theclimatebook.org\/pt-pt\/wp-json\/wp\/v2\/users\/5"}],"replies":[{"embeddable":true,"href":"https:\/\/theclimatebook.org\/pt-pt\/wp-json\/wp\/v2\/comments?post=1000"}],"version-history":[{"count":0,"href":"https:\/\/theclimatebook.org\/pt-pt\/wp-json\/wp\/v2\/pages\/1000\/revisions"}],"up":[{"embeddable":true,"href":"https:\/\/theclimatebook.org\/pt-pt\/wp-json\/wp\/v2\/pages\/981"}],"wp:attachment":[{"href":"https:\/\/theclimatebook.org\/pt-pt\/wp-json\/wp\/v2\/media?parent=1000"}],"curies":[{"name":"wp","href":"https:\/\/api.w.org\/{rel}","templated":true}]}}