{"id":889,"date":"2022-09-06T15:37:44","date_gmt":"2022-09-06T15:37:44","guid":{"rendered":"https:\/\/theclimatebook.org\/notes-de-fin\/quavons-nous-fait-jusquici\/4-8-et-la-geo-ingenierie-dans-tout-c%cc%a7a\/"},"modified":"2022-09-06T15:37:44","modified_gmt":"2022-09-06T15:37:44","slug":"4-8-et-la-geo-ingenierie-dans-tout-c%cc%a7a","status":"publish","type":"page","link":"https:\/\/theclimatebook.org\/fr\/notes-de-fin\/quavons-nous-fait-jusquici\/4-8-et-la-geo-ingenierie-dans-tout-c%cc%a7a\/","title":{"rendered":"4.8 Et la ge\u0301o-inge\u0301nierie dans tout c\u0327a ?"},"content":{"rendered":"<div class=\"notes\">\n<p class=\"author\"><a href=\"\/contributors#niclas-h\u00e4llstr\u00f6m\" rel=\"author\">Niclas H\u00e4llstr\u00f6m<\/a>, <a href=\"\/contributors#jennie-c.-stephens\" rel=\"author\">Jennie C. Stephens<\/a> et <a href=\"\/contributors#isak-stoddard\" rel=\"author\">Isak Stoddard<\/a><\/p>\n<p class=\"date\">Toutes les sources num\u00e9riques ont \u00e9t\u00e9 consult\u00e9es le <time datetime=\"2021-11-30\">30 novembre 2021<\/time><\/p>\n<ol start=\"233\">\n<li>\n<p>\n<q>l\u2019injection d\u2019ae\u0301rosols dans la stratosphe\u0300re risquerait de perturber les moussons<\/q> Jones, A. C., et al., <cite>\u2018Impacts of hemispheric solar geoengineering on tropical cyclone frequency\u2018<\/cite>, <span class=\"book\">Nature Communications<\/span>, 8, 2017: 1382, <a href=\"https:\/\/doi.org\/10.1038\/s41467-017-01606-0\" target=\"_blank\" rel=\"noopener\">https:\/\/doi.org\/10.1038\/s41467-017-01606-0<\/a>.\n<\/p>\n<p>\n<q>si [\u2026] les pulve\u0301risations qui tamisent les rayons solaires e\u0301taient interrompues<\/q> Pierrehumbert, R., and Mann, M., <cite>\u2018Some say we can \u201csolar-engineer\u201d ourselves out of the climate crisis. Don\u2019t buy it\u2019<\/cite>, <span class=\"book\">Guardian<\/span>. 22 avril 2021, <a href=\"https:\/\/www.theguardian.com\/commentisfree\/2021\/apr\/22\/climate-crisis-emergency-earth-day\" target=\"_blank\" rel=\"noopener\">https:\/\/www.theguardian.com\/commentisfree\/2021\/apr\/22\/climate-crisis-emergency-earth-day<\/a>.\n<\/p>\n<p>\n<q>ces technologies ne pouvaient pas e\u0302tre mises en \u0153uvre e\u0301quitablement et sans danger<\/q> Voir <cite>\u2018We call for an international non-use agreement on solar geoengineering\u2019<\/cite>, Solar Geoengineering Non-use Agreement, <a href=\"https:\/\/www.solargeoeng.org\/\" target=\"_blank\" rel=\"noopener\">https:\/\/www.solargeoeng.org\/<\/a>.\n<\/p>\n<\/li>\n<li>\n<p>\n<q>une gouvernance mondiale stable, susceptible de fonctionner sans faille<\/q> Stephens, J. C., et al., <cite>\u2018The dangers of mainstreaming solar geoengineering: a critique of the National Academies report\u2019<\/cite>, <span class=\"book\">Environmental Politics<\/span>, 18 octobre 2021, <a href=\"https:\/\/doi.org\/10.1080\/09644016.2021.1989214\" target=\"_blank\" rel=\"noopener\">https:\/\/doi.org\/10.1080\/09644016.2021.1989214<\/a>.\n<\/p>\n<p>\n<q>accentuerait d\u2019autant les injustices actuelles [\u2026] un risque accru de guerres<\/q> Stephens, J. C., et al., <cite>\u2018The risks of solar geoengineering research\u2019<\/cite>, <span class=\"book\">Science<\/span>, 372 (6547), 2021: 1161, <a href=\"https:\/\/doi.org\/10.1126\/science.abj3679\" target=\"_blank\" rel=\"noopener\">https:\/\/doi.org\/10.1126\/science.abj3679<\/a>.\n<\/p>\n<p>\n<q>la Convention des Nations unies sur la diversite\u0301 biologique<\/q> <cite>\u2018Climate-related geoengineering and biodiversity\u2019<\/cite>, Convention des Nations unies sur la diversit\u00e9 biologique, 23 mars 2017, <a href=\"https:\/\/www.cbd.int\/climate\/geoengineering\/\" target=\"_blank\" rel=\"noopener\">https:\/\/www.cbd.int\/climate\/geoengineering\/<\/a>.\n<\/p>\n<p>\n<q>la popularisation de la ge\u0301o-inge\u0301nierie, par des inte\u0301re\u0302ts prive\u0301s<\/q> Stephens, J. C., and Surprise, K., <cite>\u2018The hidden injustices of advancing solar geoengineering research\u2019<\/cite>, <span class=\"book\">Global Sustainability<\/span>, 3, 2020: Article e2, <a href=\"https:\/\/doi.org\/10.1017\/sus.2019.28\" target=\"_blank\" rel=\"noopener\">https:\/\/doi.org\/10.1017\/sus.2019.28<\/a>.\n<\/p>\n<p>\n<q>Sous-entendre que la ge\u0301o-inge\u0301nierie est un \u00ab plan B \u00bb<\/q> Voir par exemple Pierrehumbert, R., <cite>\u2018There is no plan B for dealing with the climate crisis\u2019<\/cite>, <span class=\"book\">Bulletin of the Atomic Scientists<\/span>, 75 (5), 2019: 215\u201321, <a href=\"https:\/\/doi.org\/10.1080\/00963402.2019.1654255\" target=\"_blank\" rel=\"noopener\">https:\/\/doi.org\/10.1080\/00963402.2019.1654255<\/a>.\n<\/p>\n<\/li>\n<\/ol>\n<\/div>\n","protected":false},"excerpt":{"rendered":"<p>Niclas H\u00e4llstr\u00f6m, Jennie C. Stephens et Isak Stoddard Toutes les sources num\u00e9riques ont \u00e9t\u00e9 consult\u00e9es le 30 novembre 2021 l\u2019injection d\u2019ae\u0301rosols dans la stratosphe\u0300re risquerait de perturber les moussons Jones, A. C., et al., \u2018Impacts of hemispheric solar geoengineering on tropical cyclone frequency\u2018, Nature Communications, 8, 2017: 1382, https:\/\/doi.org\/10.1038\/s41467-017-01606-0. si [\u2026] les pulve\u0301risations qui tamisent&hellip;<\/p>\n","protected":false},"author":5,"featured_media":0,"parent":759,"menu_order":8,"comment_status":"closed","ping_status":"closed","template":"page-essay.php","meta":{"footnotes":""},"class_list":["post-889","page","type-page","status-publish","hentry"],"_links":{"self":[{"href":"https:\/\/theclimatebook.org\/fr\/wp-json\/wp\/v2\/pages\/889","targetHints":{"allow":["GET"]}}],"collection":[{"href":"https:\/\/theclimatebook.org\/fr\/wp-json\/wp\/v2\/pages"}],"about":[{"href":"https:\/\/theclimatebook.org\/fr\/wp-json\/wp\/v2\/types\/page"}],"author":[{"embeddable":true,"href":"https:\/\/theclimatebook.org\/fr\/wp-json\/wp\/v2\/users\/5"}],"replies":[{"embeddable":true,"href":"https:\/\/theclimatebook.org\/fr\/wp-json\/wp\/v2\/comments?post=889"}],"version-history":[{"count":0,"href":"https:\/\/theclimatebook.org\/fr\/wp-json\/wp\/v2\/pages\/889\/revisions"}],"up":[{"embeddable":true,"href":"https:\/\/theclimatebook.org\/fr\/wp-json\/wp\/v2\/pages\/759"}],"wp:attachment":[{"href":"https:\/\/theclimatebook.org\/fr\/wp-json\/wp\/v2\/media?parent=889"}],"curies":[{"name":"wp","href":"https:\/\/api.w.org\/{rel}","templated":true}]}}