{"id":806,"date":"2022-09-19T15:55:05","date_gmt":"2022-09-19T15:55:05","guid":{"rendered":"https:\/\/theclimatebook.org\/notes-de-fin\/ce-quil-faut-faire-maintenant\/5-21-reparer-nos-liens-avec-la-terre\/"},"modified":"2022-09-19T15:55:05","modified_gmt":"2022-09-19T15:55:05","slug":"5-21-reparer-nos-liens-avec-la-terre","status":"publish","type":"page","link":"https:\/\/theclimatebook.org\/fr\/notes-de-fin\/ce-quil-faut-faire-maintenant\/5-21-reparer-nos-liens-avec-la-terre\/","title":{"rendered":"5.21 Re\u0301parer nos liens avec la Terre"},"content":{"rendered":"<div class=\"notes\">\n<p class=\"author\"><a href=\"\/contributors#robin-wall-kimmerer\" rel=\"author\">Robin Wall Kimmerer<\/a><\/p>\n<p class=\"date\">Toutes les sources num\u00e9riques ont \u00e9t\u00e9 consult\u00e9es le <time datetime=\"2022-02-28\">28 f\u00e9vrier 2022<\/time><\/p>\n<ol start=\"415\">\n<li>\n<p>\n<q>30 millions de personnes en 2020<\/q> Lavelle, M., <cite>\u2018By 2050, 200 million climate refugees may have fled their homes. But international laws offer them little protection\u2019<\/cite>, Inside Climate News, 2 novembre 2021, <a href=\"https:\/\/insideclimatenews.org\/news\/02112021\/climate-refugees-international-law-cop26\/\" target=\"_blank\" rel=\"noopener\">https:\/\/insideclimatenews.org\/news\/02112021\/climate-refugees-international-law-cop26\/<\/a>.\n<\/p>\n<\/li>\n<li>\n<p>\n<q>le bien-e\u0302tre psychologique est e\u0301troitement corre\u0301le\u0301 a\u0300 la pre\u0301sence de chants d\u2019oiseaux<\/q> Cockburn, H., <cite>\u2018Hearing birdsong boosts human wellbeing, study confirms\u2019<\/cite>, <span class=\"book\">Independent<\/span>, 16 d\u00e9cembre 2020, <a href=\"https:\/\/www.independent.co.uk\/climate-change\/news\/birdsong-mental-health-wellbeing-study-b1774784.html\" target=\"_blank\" rel=\"noopener\">https:\/\/www.independent.co.uk\/climate-change\/news\/birdsong-mental-health-wellbeing-study-b1774784.html<\/a>.\n<\/p>\n<\/li>\n<li>\n<p>\n<q>80 % de la biodiversite\u0301 mondiale restante<\/q> IPBES, <cite><span class=\"book\">Global Assessment Report of the Intergovernmental Science-Policy Platform on Biodiversity and Ecosystem Services<\/span><\/cite>, ed. E. S. Brondizio et al., 2019, <a href=\"https:\/\/doi.org\/10.5281\/zenodo.3831673\" target=\"_blank\" rel=\"noopener\">https:\/\/doi.org\/10.5281\/zenodo.3831673<\/a>; International Work Group for Indigenous Affairs, <a href=\"https:\/\/www.iwgia.org\/en\/\" target=\"_blank\" rel=\"noopener\">https:\/\/www.iwgia.org\/en\/<\/a>.\n<\/p>\n<\/li>\n<\/ol>\n<ol start=\"419\">\n<li>\n<p>\n<q>\u00ab la spiritualite\u0301 est sans doute notre plus grande adaptation \u00bb<\/q> Suzuki, D., et al., <cite><span class=\"book\">The Sacred Balance: Rediscovering Our Place in Nature<\/span><\/cite> (3rd edn, Vancouver: Greystone Books, 2007).\n<\/p>\n<\/li>\n<\/ol>\n<\/div>\n","protected":false},"excerpt":{"rendered":"<p>Robin Wall Kimmerer Toutes les sources num\u00e9riques ont \u00e9t\u00e9 consult\u00e9es le 28 f\u00e9vrier 2022 30 millions de personnes en 2020 Lavelle, M., \u2018By 2050, 200 million climate refugees may have fled their homes. But international laws offer them little protection\u2019, Inside Climate News, 2 novembre 2021, https:\/\/insideclimatenews.org\/news\/02112021\/climate-refugees-international-law-cop26\/. le bien-e\u0302tre psychologique est e\u0301troitement corre\u0301le\u0301 a\u0300 la&hellip;<\/p>\n","protected":false},"author":5,"featured_media":0,"parent":787,"menu_order":21,"comment_status":"closed","ping_status":"closed","template":"page-essay.php","meta":{"footnotes":""},"class_list":["post-806","page","type-page","status-publish","hentry"],"_links":{"self":[{"href":"https:\/\/theclimatebook.org\/fr\/wp-json\/wp\/v2\/pages\/806","targetHints":{"allow":["GET"]}}],"collection":[{"href":"https:\/\/theclimatebook.org\/fr\/wp-json\/wp\/v2\/pages"}],"about":[{"href":"https:\/\/theclimatebook.org\/fr\/wp-json\/wp\/v2\/types\/page"}],"author":[{"embeddable":true,"href":"https:\/\/theclimatebook.org\/fr\/wp-json\/wp\/v2\/users\/5"}],"replies":[{"embeddable":true,"href":"https:\/\/theclimatebook.org\/fr\/wp-json\/wp\/v2\/comments?post=806"}],"version-history":[{"count":0,"href":"https:\/\/theclimatebook.org\/fr\/wp-json\/wp\/v2\/pages\/806\/revisions"}],"up":[{"embeddable":true,"href":"https:\/\/theclimatebook.org\/fr\/wp-json\/wp\/v2\/pages\/787"}],"wp:attachment":[{"href":"https:\/\/theclimatebook.org\/fr\/wp-json\/wp\/v2\/media?parent=806"}],"curies":[{"name":"wp","href":"https:\/\/api.w.org\/{rel}","templated":true}]}}