{"id":804,"date":"2022-09-19T14:39:17","date_gmt":"2022-09-19T14:39:17","guid":{"rendered":"https:\/\/theclimatebook.org\/notes-de-fin\/ce-quil-faut-faire-maintenant\/5-19-pas-de-transition-sans-redistribution\/"},"modified":"2022-09-19T14:39:17","modified_gmt":"2022-09-19T14:39:17","slug":"5-19-pas-de-transition-sans-redistribution","status":"publish","type":"page","link":"https:\/\/theclimatebook.org\/fr\/notes-de-fin\/ce-quil-faut-faire-maintenant\/5-19-pas-de-transition-sans-redistribution\/","title":{"rendered":"5.19 Pas de transition sans redistribution"},"content":{"rendered":"<div class=\"notes\">\n<p class=\"author\"><a href=\"\/contributors#lucas-chancel\" rel=\"author\">Lucas Chancel<\/a> et <a href=\"\/contributors#thomas-piketty\" rel=\"author\">Thomas Piketty<\/a><\/p>\n<p class=\"date\">Toutes les sources num\u00e9riques ont \u00e9t\u00e9 consult\u00e9es le <time datetime=\"2022-02-03\">3 f\u00e9vrier  2022<\/time><\/p>\n<ol start=\"\">\n<li>\n<p>\n<q>64 % [\u2026] voient le changement climatique comme une urgence mondiale<\/q> Flynn, C., et al., <cite><span class=\"book\">People\u2019s Climate Vote: Results<\/span><\/cite>, United Nations Development Programme and the University of Oxford, 26 janvier 2021, <a href=\"https:\/\/www.undp.org\/publications\/peoples-climate-vote\" target=\"_blank\" rel=\"noopener\">https:\/\/www.undp.org\/publications\/peoples-climate-vote<\/a>.\n<\/p>\n<p>\n<q>Le de\u0301cile supe\u0301rieur de la population qui pollue le plus<\/q> Chancel, L., et al., <cite><span class=\"book\">World Inequality Report 2022<\/span><\/cite>, World Inequality Lab, 2022, <a href=\"https:\/\/wir2022.wid.world\/\" target=\"_blank\" rel=\"noopener\">https:\/\/wir2022.wid.world\/<\/a>.\n<\/p>\n<p>\n<q>passe\u0301e d\u2019environ 9,5 % a\u0300 12 %<\/q> Ibid.\n<\/p>\n<p>\n<q>la moitie\u0301 la plus pauvre de la population [des \u00c9tats-Unis]<\/q> Ibid.<\/p>\n<\/li>\n<li>\n<p>\n<q>le ke\u0301rose\u0300ne des avions emprunte\u0301s par les riches<\/q> Chancel, L., <cite><span class=\"book\">Unsustainable Inequalities: Social Justice and the Environment<\/span><\/cite> (Cambridge, MA: Harvard University Press, 2020).<a href=\"\" target=\"_blank\" rel=\"noopener\"><\/a>.\n<\/p>\n<p>\n<q>un impo\u0302t modeste sur la fortune [\u2026] avec un supple\u0301ment pollution<\/q> Chancel et al., <cite><span class=\"book\">World Inequality Report 2022<\/span><\/cite>.\n<\/p>\n<\/li>\n<\/ol>\n<\/div>\n","protected":false},"excerpt":{"rendered":"<p>Lucas Chancel et Thomas Piketty Toutes les sources num\u00e9riques ont \u00e9t\u00e9 consult\u00e9es le 3 f\u00e9vrier 2022 64 % [\u2026] voient le changement climatique comme une urgence mondiale Flynn, C., et al., People\u2019s Climate Vote: Results, United Nations Development Programme and the University of Oxford, 26 janvier 2021, https:\/\/www.undp.org\/publications\/peoples-climate-vote. Le de\u0301cile supe\u0301rieur de la population qui&hellip;<\/p>\n","protected":false},"author":5,"featured_media":0,"parent":787,"menu_order":19,"comment_status":"closed","ping_status":"closed","template":"page-essay.php","meta":{"footnotes":""},"class_list":["post-804","page","type-page","status-publish","hentry"],"_links":{"self":[{"href":"https:\/\/theclimatebook.org\/fr\/wp-json\/wp\/v2\/pages\/804","targetHints":{"allow":["GET"]}}],"collection":[{"href":"https:\/\/theclimatebook.org\/fr\/wp-json\/wp\/v2\/pages"}],"about":[{"href":"https:\/\/theclimatebook.org\/fr\/wp-json\/wp\/v2\/types\/page"}],"author":[{"embeddable":true,"href":"https:\/\/theclimatebook.org\/fr\/wp-json\/wp\/v2\/users\/5"}],"replies":[{"embeddable":true,"href":"https:\/\/theclimatebook.org\/fr\/wp-json\/wp\/v2\/comments?post=804"}],"version-history":[{"count":0,"href":"https:\/\/theclimatebook.org\/fr\/wp-json\/wp\/v2\/pages\/804\/revisions"}],"up":[{"embeddable":true,"href":"https:\/\/theclimatebook.org\/fr\/wp-json\/wp\/v2\/pages\/787"}],"wp:attachment":[{"href":"https:\/\/theclimatebook.org\/fr\/wp-json\/wp\/v2\/media?parent=804"}],"curies":[{"name":"wp","href":"https:\/\/api.w.org\/{rel}","templated":true}]}}