{"id":803,"date":"2022-09-19T14:34:13","date_gmt":"2022-09-19T14:34:13","guid":{"rendered":"https:\/\/theclimatebook.org\/notes-de-fin\/ce-quil-faut-faire-maintenant\/5-15-honnetete-solidarite-integrite-et-justice-climatique\/"},"modified":"2022-09-19T14:34:13","modified_gmt":"2022-09-19T14:34:13","slug":"5-15-honnetete-solidarite-integrite-et-justice-climatique","status":"publish","type":"page","link":"https:\/\/theclimatebook.org\/fr\/notes-de-fin\/ce-quil-faut-faire-maintenant\/5-15-honnetete-solidarite-integrite-et-justice-climatique\/","title":{"rendered":"5.15 Honn\u00eatet\u00e9, solidarit\u00e9, int\u00e9grit\u00e9 et justice climatique"},"content":{"rendered":"<div class=\"notes\">\n<p class=\"author\"><a href=\"\/contributors#greta-thunberg\" rel=\"author\">Greta Thunberg<\/a><\/p>\n<p class=\"date\">Toutes les sources num\u00e9riques ont \u00e9t\u00e9 consult\u00e9es le <time datetime=\"2022-02-18\">18 f\u00e9vrier 2022<\/time><\/p>\n<ol start=\"387\">\n<li>\n<p>\n<q>pas moins de 90 % de la population autochtone des Am\u00e9riques \u2013 soit 10 % de la population mondiale<\/q> <a href=\"https:\/\/www.sciencedirect.com\/science\/article\/pii\/S0277379118307261\" target=\"_blank\" rel=\"noopener\">https:\/\/www.sciencedirect.com\/science\/article\/pii\/S0277379118307261<\/a>\n<\/p>\n<p>\n<q>pr\u00e8s d\u2019un quart de la population su\u00e9doise a \u00e9migr\u00e9 aux \u00c9tats-Unis<\/q> Kastrup, A., <cite><span class=\"book\">The Swedish Heritage in America: The Swedish Element in America and American\u2013Swedish Relations in Their Historical Perspective<\/span><\/cite> (n.p.: Swedish Council of America, 1975); Runblom, H., and Norman, H., eds., <span class=\"book\">From Sweden to America: A History of the Migration<\/span> (Minneapolis: University of Minnesota Press, 1976).\n<\/p>\n<\/li>\n<li>\n<p>\n<q>Tout comme lors de la colonisation de l\u2019Afrique<\/q> Voir Lindqvist, S., <cite><span class=\"book\">\u2018toutes ces brutes\u2019<\/span><\/cite> Paris, \u00e9d. Les Ar\u00e8nes, trad. A. Gnaedig, 1997.\n<\/p>\n<p>\n<q>les fronti\u00e8res su\u00e9doises connaissaient un d\u00e9veloppement similaire<\/q> <a href=\"https:\/\/www.levandehistoria.se\/fakta-fordjupning\/olika-former-av-intolerans\/rasism-mot-av-samer\/kolonisation\" target=\"_blank\" rel=\"noopener\">https:\/\/www.levandehistoria.se\/fakta-fordjupning\/olika-former-av-intolerans\/rasism-mot-av-samer\/kolonisation<\/a>\n<\/p>\n<p>\n<q>l\u2019\u00c9tat su\u00e9dois a commenc\u00e9 \u00e0 le revendiquer comme territoire national et aentrepris un lent processus<\/q> <a href=\"https:\/\/www.sametinget.se\/62102\" target=\"_blank\" rel=\"noopener\">https:\/\/www.sametinget.se\/62102<\/a>\n<\/p>\n<p>\n<q>serveurs Facebook<\/q> <a href=\"https:\/\/www.svt.se\/nyheter\/granskning\/ug\/facebook-tjanade-miljarder-pa-sverige-ser-till-att-pengar-inte-nar-svenska-skattkassan\" target=\"_blank\" rel=\"noopener\">https:\/\/www.svt.se\/nyheter\/granskning\/ug\/facebook-tjanade-miljarder-pa-sverige-ser-till-att-pengar-inte-nar-svenska-skattkassan<\/a>\n<\/p>\n<p>\n<q>extractions de bitcoins<\/q> <a href=\"https:\/\/www.di.se\/nyheter\/trots-klimatvarningen-dambergs-elrabatt-nu-ocksa-till-kryptoutvinning\/\" target=\"_blank\" rel=\"noopener\">https:\/\/www.di.se\/nyheter\/trots-klimatvarningen-dambergs-elrabatt-nu-ocksa-till-kryptoutvinning\/<\/a>\n<\/p>\n<\/li>\n<\/ol>\n<\/div>\n","protected":false},"excerpt":{"rendered":"<p>Greta Thunberg Toutes les sources num\u00e9riques ont \u00e9t\u00e9 consult\u00e9es le 18 f\u00e9vrier 2022 pas moins de 90 % de la population autochtone des Am\u00e9riques \u2013 soit 10 % de la population mondiale https:\/\/www.sciencedirect.com\/science\/article\/pii\/S0277379118307261 pr\u00e8s d\u2019un quart de la population su\u00e9doise a \u00e9migr\u00e9 aux \u00c9tats-Unis Kastrup, A., The Swedish Heritage in America: The Swedish Element in&hellip;<\/p>\n","protected":false},"author":5,"featured_media":0,"parent":787,"menu_order":15,"comment_status":"closed","ping_status":"closed","template":"page-essay.php","meta":{"footnotes":""},"class_list":["post-803","page","type-page","status-publish","hentry"],"_links":{"self":[{"href":"https:\/\/theclimatebook.org\/fr\/wp-json\/wp\/v2\/pages\/803","targetHints":{"allow":["GET"]}}],"collection":[{"href":"https:\/\/theclimatebook.org\/fr\/wp-json\/wp\/v2\/pages"}],"about":[{"href":"https:\/\/theclimatebook.org\/fr\/wp-json\/wp\/v2\/types\/page"}],"author":[{"embeddable":true,"href":"https:\/\/theclimatebook.org\/fr\/wp-json\/wp\/v2\/users\/5"}],"replies":[{"embeddable":true,"href":"https:\/\/theclimatebook.org\/fr\/wp-json\/wp\/v2\/comments?post=803"}],"version-history":[{"count":0,"href":"https:\/\/theclimatebook.org\/fr\/wp-json\/wp\/v2\/pages\/803\/revisions"}],"up":[{"embeddable":true,"href":"https:\/\/theclimatebook.org\/fr\/wp-json\/wp\/v2\/pages\/787"}],"wp:attachment":[{"href":"https:\/\/theclimatebook.org\/fr\/wp-json\/wp\/v2\/media?parent=803"}],"curies":[{"name":"wp","href":"https:\/\/api.w.org\/{rel}","templated":true}]}}