{"id":802,"date":"2022-09-19T13:52:28","date_gmt":"2022-09-19T13:52:28","guid":{"rendered":"https:\/\/theclimatebook.org\/notes-de-fin\/ce-quil-faut-faire-maintenant\/5-14-les-lecons-de-la-pandemie\/"},"modified":"2022-09-19T13:52:28","modified_gmt":"2022-09-19T13:52:28","slug":"5-14-les-lecons-de-la-pandemie","status":"publish","type":"page","link":"https:\/\/theclimatebook.org\/fr\/notes-de-fin\/ce-quil-faut-faire-maintenant\/5-14-les-lecons-de-la-pandemie\/","title":{"rendered":"5.14 Les le\u00e7ons de la pand\u00e9mie"},"content":{"rendered":"<div class=\"notes\">\n<p class=\"author\"><a href=\"\/contributors#david-wallace-wells\" rel=\"author\">David Wallace-Wells<\/a><\/p>\n<p class=\"date\">Source num\u00e9rique consult\u00e9e en <time datetime=\"2022-03\">mars 2022<\/time><\/p>\n<ol start=\"378\">\n<li>\n<p>\n<q>plus de 20 millions de personnes \u00e9taient d\u00e9c\u00e9d\u00e9es mondialement<\/q> <cite>\u2018The pandemic\u2019s true death toll\u2019<\/cite>, <span class=\"book\">The Economist<\/span>, 2 novembre 2021, <a href=\"https:\/\/www.economist.com\/graphic-detail\/coronavirus-excess-deaths-estimates\" target=\"_blank\" rel=\"noopener\">https:\/\/www.economist.com\/graphic-detail\/coronavirus-excess-deaths-estimates<\/a>.\n<\/p>\n<\/li>\n<\/ol>\n<\/div>\n","protected":false},"excerpt":{"rendered":"<p>David Wallace-Wells Source num\u00e9rique consult\u00e9e en mars 2022 plus de 20 millions de personnes \u00e9taient d\u00e9c\u00e9d\u00e9es mondialement \u2018The pandemic\u2019s true death toll\u2019, The Economist, 2 novembre 2021, https:\/\/www.economist.com\/graphic-detail\/coronavirus-excess-deaths-estimates.<\/p>\n","protected":false},"author":5,"featured_media":0,"parent":787,"menu_order":14,"comment_status":"closed","ping_status":"closed","template":"page-essay.php","meta":{"footnotes":""},"class_list":["post-802","page","type-page","status-publish","hentry"],"_links":{"self":[{"href":"https:\/\/theclimatebook.org\/fr\/wp-json\/wp\/v2\/pages\/802","targetHints":{"allow":["GET"]}}],"collection":[{"href":"https:\/\/theclimatebook.org\/fr\/wp-json\/wp\/v2\/pages"}],"about":[{"href":"https:\/\/theclimatebook.org\/fr\/wp-json\/wp\/v2\/types\/page"}],"author":[{"embeddable":true,"href":"https:\/\/theclimatebook.org\/fr\/wp-json\/wp\/v2\/users\/5"}],"replies":[{"embeddable":true,"href":"https:\/\/theclimatebook.org\/fr\/wp-json\/wp\/v2\/comments?post=802"}],"version-history":[{"count":0,"href":"https:\/\/theclimatebook.org\/fr\/wp-json\/wp\/v2\/pages\/802\/revisions"}],"up":[{"embeddable":true,"href":"https:\/\/theclimatebook.org\/fr\/wp-json\/wp\/v2\/pages\/787"}],"wp:attachment":[{"href":"https:\/\/theclimatebook.org\/fr\/wp-json\/wp\/v2\/media?parent=802"}],"curies":[{"name":"wp","href":"https:\/\/api.w.org\/{rel}","templated":true}]}}