{"id":801,"date":"2022-09-19T13:09:36","date_gmt":"2022-09-19T13:09:36","guid":{"rendered":"https:\/\/theclimatebook.org\/notes-de-fin\/ce-quil-faut-faire-maintenant\/5-12-resister-au-nouveau-deni\/"},"modified":"2022-09-19T13:09:36","modified_gmt":"2022-09-19T13:09:36","slug":"5-12-resister-au-nouveau-deni","status":"publish","type":"page","link":"https:\/\/theclimatebook.org\/fr\/notes-de-fin\/ce-quil-faut-faire-maintenant\/5-12-resister-au-nouveau-deni\/","title":{"rendered":"5.12 R\u00e9sister au nouveau d\u00e9ni"},"content":{"rendered":"<div class=\"notes\">\n<p class=\"author\"><a href=\"\/contributors#michael-e.mann\" rel=\"author\">Michael E. Mann<\/a><\/p>\n<p class=\"date\">Toutes les sources num\u00e9riques ont \u00e9t\u00e9 consult\u00e9es le <time datetime=\"2022-02-15\">15 f\u00e9vrier 2022<\/time><\/p>\n<ol start=\"372\">\n<li>\n<p>\n<q>Tr\u00e8s vite, il a \u00e9t\u00e9 \u00e9tendu \u00e0 mille ans<\/q> Mann, M. E., et al., <cite>\u2018Global-scale temperature patterns and climate forcing over the past six centuries\u2019<\/cite>, <span class=\"book\">Nature<\/span>, 392 (6678), 1998: 779\u201387, <a href=\"https:\/\/doi.org\/10.1038\/33859\" target=\"_blank\" rel=\"noopener\">https:\/\/doi.org\/10.1038\/33859<\/a>; Mann, M. E., et al., <cite>\u2018Northern hemisphere temperatures during the past millennium: inferences, uncertainties, and limitations\u2019<\/cite>, <span class=\"book\">Geophysical Research Letters<\/span>, 26 (6), 1999: 759\u201362, <a href=\"https:\/\/doi.org\/10.1029\/1999GL900070\" target=\"_blank\" rel=\"noopener\">https:\/\/doi.org\/10.1029\/1999GL900070<\/a>.\n<\/p>\n<\/li>\n<li value=\"374\">\n<p>\n<q>70 % du total des \u00e9missions<\/q> Riley, T., <cite>\u2018Just 100 companies responsible for 71% of global emissions, study says\u2019<\/cite>, <span class=\"book\">Guardian<\/span>, 10 juillet 2017, <a href=\"https:\/\/www.theguardian.com\/sustainable-business\/2017\/jul\/10\/100-fossil-fuel-companies-investors-responsible-71-global-emissions-cdp-study-climate-change\" target=\"_blank\" rel=\"noopener\">https:\/\/www.theguardian.com\/sustainable-business\/2017\/jul\/10\/100-fossil-fuel-companies-investors-responsible-71-global-emissions-cdp-study-climate-change<\/a>.\n<\/p>\n<\/li>\n<\/ol>\n<\/div>\n","protected":false},"excerpt":{"rendered":"<p>Michael E. Mann Toutes les sources num\u00e9riques ont \u00e9t\u00e9 consult\u00e9es le 15 f\u00e9vrier 2022 Tr\u00e8s vite, il a \u00e9t\u00e9 \u00e9tendu \u00e0 mille ans Mann, M. E., et al., \u2018Global-scale temperature patterns and climate forcing over the past six centuries\u2019, Nature, 392 (6678), 1998: 779\u201387, https:\/\/doi.org\/10.1038\/33859; Mann, M. E., et al., \u2018Northern hemisphere temperatures during the&hellip;<\/p>\n","protected":false},"author":5,"featured_media":0,"parent":787,"menu_order":12,"comment_status":"closed","ping_status":"closed","template":"page-essay.php","meta":{"footnotes":""},"class_list":["post-801","page","type-page","status-publish","hentry"],"_links":{"self":[{"href":"https:\/\/theclimatebook.org\/fr\/wp-json\/wp\/v2\/pages\/801","targetHints":{"allow":["GET"]}}],"collection":[{"href":"https:\/\/theclimatebook.org\/fr\/wp-json\/wp\/v2\/pages"}],"about":[{"href":"https:\/\/theclimatebook.org\/fr\/wp-json\/wp\/v2\/types\/page"}],"author":[{"embeddable":true,"href":"https:\/\/theclimatebook.org\/fr\/wp-json\/wp\/v2\/users\/5"}],"replies":[{"embeddable":true,"href":"https:\/\/theclimatebook.org\/fr\/wp-json\/wp\/v2\/comments?post=801"}],"version-history":[{"count":0,"href":"https:\/\/theclimatebook.org\/fr\/wp-json\/wp\/v2\/pages\/801\/revisions"}],"up":[{"embeddable":true,"href":"https:\/\/theclimatebook.org\/fr\/wp-json\/wp\/v2\/pages\/787"}],"wp:attachment":[{"href":"https:\/\/theclimatebook.org\/fr\/wp-json\/wp\/v2\/media?parent=801"}],"curies":[{"name":"wp","href":"https:\/\/api.w.org\/{rel}","templated":true}]}}