{"id":800,"date":"2022-09-19T13:03:33","date_gmt":"2022-09-19T13:03:33","guid":{"rendered":"https:\/\/theclimatebook.org\/notes-de-fin\/ce-quil-faut-faire-maintenant\/5-11-changer-le-recit-mediatique\/"},"modified":"2022-09-19T13:03:33","modified_gmt":"2022-09-19T13:03:33","slug":"5-11-changer-le-recit-mediatique","status":"publish","type":"page","link":"https:\/\/theclimatebook.org\/fr\/notes-de-fin\/ce-quil-faut-faire-maintenant\/5-11-changer-le-recit-mediatique\/","title":{"rendered":"5.11 Changer le r\u00e9cit m\u00e9diatique"},"content":{"rendered":"<div class=\"notes\">\n<p class=\"author\"><a href=\"\/contributors#george-monbiot\" rel=\"author\">George Monbiot<\/a><\/p>\n<p class=\"date\">Toutes les sources num\u00e9riques ont \u00e9t\u00e9 consult\u00e9es le <time datetime=\"2022-02-28\">28 f\u00e9vrier 2022<\/time><\/p>\n<ol start=\"369\">\n<li>\n<p>\n<q>permet \u00e0 quelques-uns, extr\u00eamement riches, de s\u2019emparer [\u2026] et de la d\u00e9truire<\/q> Monbiot, G., <cite>\u2018Make extreme wealth extinct: it\u2019s the only way to avoid climate breakdown\u2019<\/cite>, <span class=\"book\">Guardian<\/span>, 10 novembre 2021, <a href=\"https:\/\/www.theguardian.com\/commentisfree\/2021\/nov\/10\/extreme-wealth-polluting-climate-breakdown-rich\" target=\"_blank\" rel=\"noopener\">https:\/\/www.theguardian.com\/commentisfree\/2021\/nov\/10\/extreme-wealth-polluting-climate-breakdown-rich<\/a>.\n<\/p>\n<\/li>\n<li>\n<p>\n<q>un documentaire en deux parties diffus\u00e9 en 2006<\/q> IMDb, <cite>\u2018Are We Changing Planet Earth?\u2019<\/cite>, <a href=\"https:\/\/www.imdb.com\/title\/tt0810491\/\" target=\"_blank\" rel=\"noopener\">https:\/\/www.imdb.com\/title\/tt0810491\/<\/a>.\n<\/p>\n<p>\n<q>present\u00e9 par \u00ab l\u2019homme en qui les Britanniques ont le plus confiance \u00bb<\/q> McCarthy, M., <cite>\u2018Why we all love Attenborough\u2019<\/cite>, <span class=\"book\">Independent<\/span>, 8 f\u00e9vrier 2013, <a href=\"https:\/\/www.independent.co.uk\/climate-change\/news\/why-we-all-love-attenborough-8487708.html\" target=\"_blank\" rel=\"noopener\">https:\/\/www.independent.co.uk\/climate-change\/news\/why-we-all-love-attenborough-8487708.html<\/a>.\n<\/p>\n<p>\n<q><span class=\"book\">Against Nature<\/span> (1997)<\/q> Monbiot, G., <cite>\u2018Crimes against nature\u2019<\/cite>, <span class=\"book\">Guardian<\/span>, 26 novembre 1997, reprinted <a href=\"https:\/\/www.monbiot.com\/1997\/11\/26\/crimes-against-nature\/\" target=\"_blank\" rel=\"noopener\">https:\/\/www.monbiot.com\/1997\/11\/26\/crimes-against-nature\/<\/a>.\n<\/p>\n<p>\n<q><span class=\"book\">The Great Global Warming Swindle<\/span> (2007)<\/q> Monbiot, G., <cite>\u2018Don\u2019t let truth stand in the way of a red-hot debunking of climate change\u2019<\/cite>, <span class=\"book\">Guardian<\/span>, 13 mars 2007, <a href=\"https:\/\/www.theguardian.com\/commentisfree\/2007\/mar\/13\/science.media\" target=\"_blank\" rel=\"noopener\">https:\/\/www.theguardian.com\/commentisfree\/2007\/mar\/13\/science.media<\/a>.\n<\/p>\n<p>\n<q>C\u2019est pourtant ce que Channel 4 a fait<\/q> Monbiot, G., <cite>\u2018Correspondence with Hamish Mykura\u2019<\/cite>, 1<sup>er<\/sup> avril 2007, <a href=\"https:\/\/www.monbiot.com\/2007\/04\/01\/correspondence-with-hamish-mykura\/\" target=\"_blank\" rel=\"noopener\">https:\/\/www.monbiot.com\/2007\/04\/01\/correspondence-with-hamish-mykura\/<\/a>.\n<\/p>\n<\/li>\n<li>\n<p>\n<q>En une journ\u00e9e, NBC, ABC et CBS ont consacr\u00e9 presque autant de temps<\/q> Kahn, B., <cite>\u2018Jeff Bezos got as much morning show coverage in a day as climate change got all last year\u2019<\/cite>, Gizmodo, 21 juillet 2021, <a href=\"https:\/\/gizmodo.com\/jeff-bezos-got-as-much-morning-show-coverage-in-a-day-a-1847334966\" target=\"_blank\" rel=\"noopener\">https:\/\/gizmodo.com\/jeff-bezos-got-as-much-morning-show-coverage-in-a-day-a-1847334966<\/a>.\n<\/p>\n<p>\n<q><span class=\"book\">Undercurrents<\/span>, des vid\u00e9os d\u2019actualit\u00e9 produite par des militants<\/q> Undercurrents, <a href=\"http:\/\/www.undercurrents.org\/\" target=\"_blank\" rel=\"noopener\">http:\/\/www.undercurrents.org\/<\/a>.\n<\/p>\n<\/li>\n<\/ol>\n<\/div>\n","protected":false},"excerpt":{"rendered":"<p>George Monbiot Toutes les sources num\u00e9riques ont \u00e9t\u00e9 consult\u00e9es le 28 f\u00e9vrier 2022 permet \u00e0 quelques-uns, extr\u00eamement riches, de s\u2019emparer [\u2026] et de la d\u00e9truire Monbiot, G., \u2018Make extreme wealth extinct: it\u2019s the only way to avoid climate breakdown\u2019, Guardian, 10 novembre 2021, https:\/\/www.theguardian.com\/commentisfree\/2021\/nov\/10\/extreme-wealth-polluting-climate-breakdown-rich. un documentaire en deux parties diffus\u00e9 en 2006 IMDb, \u2018Are We&hellip;<\/p>\n","protected":false},"author":5,"featured_media":0,"parent":787,"menu_order":11,"comment_status":"closed","ping_status":"closed","template":"page-essay.php","meta":{"footnotes":""},"class_list":["post-800","page","type-page","status-publish","hentry"],"_links":{"self":[{"href":"https:\/\/theclimatebook.org\/fr\/wp-json\/wp\/v2\/pages\/800","targetHints":{"allow":["GET"]}}],"collection":[{"href":"https:\/\/theclimatebook.org\/fr\/wp-json\/wp\/v2\/pages"}],"about":[{"href":"https:\/\/theclimatebook.org\/fr\/wp-json\/wp\/v2\/types\/page"}],"author":[{"embeddable":true,"href":"https:\/\/theclimatebook.org\/fr\/wp-json\/wp\/v2\/users\/5"}],"replies":[{"embeddable":true,"href":"https:\/\/theclimatebook.org\/fr\/wp-json\/wp\/v2\/comments?post=800"}],"version-history":[{"count":0,"href":"https:\/\/theclimatebook.org\/fr\/wp-json\/wp\/v2\/pages\/800\/revisions"}],"up":[{"embeddable":true,"href":"https:\/\/theclimatebook.org\/fr\/wp-json\/wp\/v2\/pages\/787"}],"wp:attachment":[{"href":"https:\/\/theclimatebook.org\/fr\/wp-json\/wp\/v2\/media?parent=800"}],"curies":[{"name":"wp","href":"https:\/\/api.w.org\/{rel}","templated":true}]}}