{"id":799,"date":"2022-09-18T12:51:39","date_gmt":"2022-09-18T12:51:39","guid":{"rendered":"https:\/\/theclimatebook.org\/notes-de-fin\/ce-quil-faut-faire-maintenant\/5-10-le-pouvoir-du-peuple\/"},"modified":"2022-09-18T12:51:39","modified_gmt":"2022-09-18T12:51:39","slug":"5-10-le-pouvoir-du-peuple","status":"publish","type":"page","link":"https:\/\/theclimatebook.org\/fr\/notes-de-fin\/ce-quil-faut-faire-maintenant\/5-10-le-pouvoir-du-peuple\/","title":{"rendered":"5.10 Le pouvoir du peuple"},"content":{"rendered":"<div class=\"notes\">\n<p class=\"author\"><a href=\"\/contributors#erica-chenoweth\" rel=\"author\">Erica Chenoweth<\/a><\/p>\n<p class=\"date\">Source num\u00e9rique consult\u00e9e le <time datetime=\"2022-03-04\">4 mars 2022<\/time><\/p>\n<p>L\u2019autrice remercie Zoe Marks pour son pr\u00e9cieux retour sur cet essai.<\/p>\n<ol start=\"366\">\n<li>\n<p>\n<q>aucun n\u2019a \u00e9chou\u00e9 d\u00e8s lors qu\u2019il avait mobilis\u00e9 3,5 %<\/q> Chenoweth, E., <cite><span class=\"book\">Questions, Answers, and Some Cautionary Updates Regarding the 3.5% Rule<\/span><\/cite>, Carr Center for Human Rights Policy discussion paper, John F. Kennedy School of Government, Harvard University, 20 avril 2020, <a href=\"https:\/\/carrcenter.hks.harvard.edu\/publications\/questions-answers-and-some-cautionary-updates-regarding-35-rule\" target=\"_blank\" rel=\"noopener\">https:\/\/carrcenter.hks.harvard.edu\/publications\/questions-answers-and-some-cautionary-updates-regarding-35-rule<\/a>.\n<\/p>\n<\/li>\n<li>\n<p>\n<q>le seuil critique permettant de cr\u00e9er le changement en mati\u00e8re de mouvement populaire<\/q> Centola, D., <cite><span class=\"book\">Change: How to Make Big Things Happen<\/span><\/cite> (New York: Little, Brown Spark, 2021).\n<\/p>\n<\/li>\n<\/ol>\n<\/div>\n","protected":false},"excerpt":{"rendered":"<p>Erica Chenoweth Source num\u00e9rique consult\u00e9e le 4 mars 2022 L\u2019autrice remercie Zoe Marks pour son pr\u00e9cieux retour sur cet essai. aucun n\u2019a \u00e9chou\u00e9 d\u00e8s lors qu\u2019il avait mobilis\u00e9 3,5 % Chenoweth, E., Questions, Answers, and Some Cautionary Updates Regarding the 3.5% Rule, Carr Center for Human Rights Policy discussion paper, John F. Kennedy School of&hellip;<\/p>\n","protected":false},"author":5,"featured_media":0,"parent":787,"menu_order":10,"comment_status":"closed","ping_status":"closed","template":"page-essay.php","meta":{"footnotes":""},"class_list":["post-799","page","type-page","status-publish","hentry"],"_links":{"self":[{"href":"https:\/\/theclimatebook.org\/fr\/wp-json\/wp\/v2\/pages\/799","targetHints":{"allow":["GET"]}}],"collection":[{"href":"https:\/\/theclimatebook.org\/fr\/wp-json\/wp\/v2\/pages"}],"about":[{"href":"https:\/\/theclimatebook.org\/fr\/wp-json\/wp\/v2\/types\/page"}],"author":[{"embeddable":true,"href":"https:\/\/theclimatebook.org\/fr\/wp-json\/wp\/v2\/users\/5"}],"replies":[{"embeddable":true,"href":"https:\/\/theclimatebook.org\/fr\/wp-json\/wp\/v2\/comments?post=799"}],"version-history":[{"count":0,"href":"https:\/\/theclimatebook.org\/fr\/wp-json\/wp\/v2\/pages\/799\/revisions"}],"up":[{"embeddable":true,"href":"https:\/\/theclimatebook.org\/fr\/wp-json\/wp\/v2\/pages\/787"}],"wp:attachment":[{"href":"https:\/\/theclimatebook.org\/fr\/wp-json\/wp\/v2\/media?parent=799"}],"curies":[{"name":"wp","href":"https:\/\/api.w.org\/{rel}","templated":true}]}}