{"id":798,"date":"2022-10-20T15:00:32","date_gmt":"2022-10-20T15:00:32","guid":{"rendered":"https:\/\/theclimatebook.org\/notes-de-fin\/ce-quil-faut-faire-maintenant\/5-8-desormais-nous-sommes-tenus-a-ce-qui-semble-impossible\/"},"modified":"2022-11-04T17:20:58","modified_gmt":"2022-11-04T17:20:58","slug":"5-8-desormais-nous-sommes-tenus-a-ce-qui-semble-impossible","status":"publish","type":"page","link":"https:\/\/theclimatebook.org\/fr\/notes-de-fin\/ce-quil-faut-faire-maintenant\/5-8-desormais-nous-sommes-tenus-a-ce-qui-semble-impossible\/","title":{"rendered":"5.8 D\u00e9sormais, nous sommes tenus \u00e0 ce qui semble impossible"},"content":{"rendered":"<div class=\"notes\">\n<p class=\"author\"><a href=\"\/contributors\/#greta-thunberg\" rel=\"author\">Greta Thunberg<\/a><\/p>\n<p class=\"date\">Toutes les sources num\u00e9riques ont \u00e9t\u00e9 consult\u00e9es le <time datetime=\"2022-10-19\">19 octobre 2022<\/time><\/p>\n<ol start=\"480\">\n<li>\n<p><q>la honte peut \u00eatre une m\u00e9thode de persuasion<\/q> <a href=\"https:\/\/link.springer.com\/article\/10.1007\/s10806-021-09844-5.\" target=\"_blank\" rel=\"noopener\">https:\/\/link.springer.com\/article\/10.1007\/s10806-021-09844-5<\/a>.<\/p>\n<\/li>\n<\/ol>\n<\/div>\n","protected":false},"excerpt":{"rendered":"<p>Greta Thunberg Toutes les sources num\u00e9riques ont \u00e9t\u00e9 consult\u00e9es le 19 octobre 2022 la honte peut \u00eatre une m\u00e9thode de persuasion https:\/\/link.springer.com\/article\/10.1007\/s10806-021-09844-5.<\/p>\n","protected":false},"author":3,"featured_media":0,"parent":787,"menu_order":8,"comment_status":"closed","ping_status":"closed","template":"page-essay.php","meta":{"footnotes":""},"class_list":["post-798","page","type-page","status-publish","hentry"],"_links":{"self":[{"href":"https:\/\/theclimatebook.org\/fr\/wp-json\/wp\/v2\/pages\/798","targetHints":{"allow":["GET"]}}],"collection":[{"href":"https:\/\/theclimatebook.org\/fr\/wp-json\/wp\/v2\/pages"}],"about":[{"href":"https:\/\/theclimatebook.org\/fr\/wp-json\/wp\/v2\/types\/page"}],"author":[{"embeddable":true,"href":"https:\/\/theclimatebook.org\/fr\/wp-json\/wp\/v2\/users\/3"}],"replies":[{"embeddable":true,"href":"https:\/\/theclimatebook.org\/fr\/wp-json\/wp\/v2\/comments?post=798"}],"version-history":[{"count":0,"href":"https:\/\/theclimatebook.org\/fr\/wp-json\/wp\/v2\/pages\/798\/revisions"}],"up":[{"embeddable":true,"href":"https:\/\/theclimatebook.org\/fr\/wp-json\/wp\/v2\/pages\/787"}],"wp:attachment":[{"href":"https:\/\/theclimatebook.org\/fr\/wp-json\/wp\/v2\/media?parent=798"}],"curies":[{"name":"wp","href":"https:\/\/api.w.org\/{rel}","templated":true}]}}