{"id":797,"date":"2022-09-18T12:46:22","date_gmt":"2022-09-18T12:46:22","guid":{"rendered":"https:\/\/theclimatebook.org\/notes-de-fin\/ce-quil-faut-faire-maintenant\/5-7-reensauvager\/"},"modified":"2022-09-18T12:46:22","modified_gmt":"2022-09-18T12:46:22","slug":"5-7-reensauvager","status":"publish","type":"page","link":"https:\/\/theclimatebook.org\/fr\/notes-de-fin\/ce-quil-faut-faire-maintenant\/5-7-reensauvager\/","title":{"rendered":"5.7 R\u00e9ensauvager"},"content":{"rendered":"<div class=\"notes\">\n<p class=\"author\"><a href=\"\/contributors#george-monbiot\" rel=\"author\">George Monbiot<\/a> et <a href=\"\/contributors#rebecca-wrigley\" rel=\"author\">Rebecca Wrigley<\/a><\/p>\n<p class=\"date\">Toutes les sources num\u00e9riques ont \u00e9t\u00e9 consult\u00e9es le <time datetime=\"2022-03-04\">4 mars 2022<\/time><\/p>\n<ol start=\"349\">\n<li>\n<p>\n<q>Des hordes de thons rouges s\u2019abattaient sur nos c\u00f4tes<\/q> <a href=\"http:\/\/www.trawlerphotos.co.uk\/forums\/showthread.php?4843-History-of-the-British-Tuna-Fishery\" target=\"_blank\" rel=\"noopener\">http:\/\/www.trawlerphotos.co.uk\/forums\/showthread.php?4843-History-of-the-British-Tuna-Fishery<\/a>.\n<\/p>\n<p>\n<q>harcelant des bancs de maquereaux et de harengs<\/q> Roberts, C. <cite><span class=\"book\">The Unnatural History of the Sea<\/span><\/cite> (Washington, DC: Island Press, 2007).\n<\/p>\n<\/li>\n<li>\n<p>\n<q>seuls 3 % de la surface terrestre de notre plan\u00e8te<\/q> Plumptre, J. A., et al., <cite>\u2018Where might we find ecologically intact communities?\u2019<\/cite>, <span class=\"book\">Frontiers in Forests and Global Change<\/span>, 4, 2021: Article 626635, <a href=\"https:\/\/doi.org\/10.3389\/ffgc.2021.626635\" target=\"_blank\" rel=\"noopener\">https:\/\/doi.org\/10.3389\/ffgc.2021.626635<\/a>.\n<\/p>\n<p>\n<q>ces solutions climatiques naturelles<\/q> Natural Climate Solutions, <a href=\"https:\/\/www.naturalclimate.solutions\/\" target=\"_blank\" rel=\"noopener\">https:\/\/www.naturalclimate.solutions\/<\/a>.\n<\/p>\n<p>\n<q>pourrait radicalement modifier l\u2019\u00e9quilibre carbone<\/q> Cromsigt, J. P. C. M., et al., <cite>\u2018Trophic rewilding as a climate change mitigation strategy?\u2019<\/cite>, <span class=\"book\">Philosophical Transactions of the Royal Society B: Biological Sciences<\/span>, 373 (1761), 2018: Article 20170440, <a href=\"https:\/\/doi.org\/10.1098\/rstb.2017.0440\" target=\"_blank\" rel=\"noopener\">https:\/\/doi.org\/10.1098\/rstb.2017.0440<\/a>.\n<\/p>\n<p>\n<q>les \u00e9l\u00e9phants et les rhinoc\u00e9ros [\u2026] sont des gardes forestiers naturels<\/q> Bello, C., <cite>\u2018Defaunation affects carbon storage in tropical forests\u2019<\/cite>, <span class=\"book\">, 1 (11), 2015: Article e150110, Science Advances<\/span>, 1 (11), 2015: Article e150110, <a href=\"https:\/\/doi.org\/10.1126\/sciadv.1501105\" target=\"_blank\" rel=\"noopener\">https:\/\/doi.org\/10.1126\/sciadv.1501105<\/a>.\n<\/p>\n<p>\n<q>Si les loups \u00e9taient autoris\u00e9s \u00e0 retrouver leur population naturelle<\/q> Wilmers, C. C., and Schmitz, O. J., <cite>\u2018Effects of gray wolf induced trophic cascades on ecosystem carbon cycling\u2019<\/cite>, <span class=\"book\">Ecosphere<\/span>, 7 (10), 2016: Article e01501, <a href=\"https:\/\/doi.org\/10.1002\/ecs2.1501\" target=\"_blank\" rel=\"noopener\">https:\/\/doi.org\/10.1002\/ecs2.1501<\/a>.\n<\/p>\n<p>\n<q>Les populations saines de crabes pr\u00e9dateurs et de poissons<\/q> Atwood, T. B., et al., <cite>\u2018Predators help protect carbon stocks in blue carbon ecosystems\u2019<\/cite>, <span class=\"book\">Nature Climate Change<\/span><a href=\"https:\/\/doi.org\/10.1038\/nclimate2763\" target=\"_blank\" rel=\"noopener\">https:\/\/doi.org\/10.1038\/nclimate2763<\/a>.\n<\/p>\n<p>\n<q>Les for\u00eats anciennes [\u2026] sont irrempla\u00e7ables<\/q> Mroviec, A., <cite>\u2018Sabellaria reefs: ugly and fragile, yet incredibly important emblems of Dutch waters\u2019<\/cite>, EcoWatch, 31 mai 2019, <a href=\"https:\/\/www.ecowatch.com\/sabellaria-reefs-2638515153.html\" target=\"_blank\" rel=\"noopener\">https:\/\/www.ecowatch.com\/sabellaria-reefs-2638515153.html<\/a>.\n<\/p>\n<p>\n<q>La disparition de ces habitats anciens est une des forces<\/q> Heppel, S. S., et al., <cite>\u2018Effects of fishing on long-lived marine organisms\u2019<\/cite>, in Norse, E. A., and Crowder, L. B., \u00e9ds., <span class=\"book\">Marine Conservation Biology: The Science of Maintaining the Sea\u2019s Biodiversity<\/span> (Washington, DC: Island Press, 2005), 211\u201331.\n<\/p>\n<\/li>\n<li>\n<p>\n<q>une analyse r\u00e9cente de Rewilding Britain<\/q> Rewilding Britain, <cite><span class=\"book\">Rewilding and the Rural Economy: How Nature-Based Economies Can Help Boost and Sustain Local Communities<\/span><\/cite>, octobre 2021, <a href=\"https:\/\/s3.eu-west-2.amazonaws.com\/assets.rewildingbritain.org.uk\/documents\/nature-based-economies-rewilding-britain.pdf\" target=\"_blank\" rel=\"noopener\">https:\/\/s3.eu-west-2.amazonaws.com\/assets.rewildingbritain.org.uk\/documents\/nature-based-economies-rewilding-britain.pdf<\/a>.\n<\/p>\n<\/li>\n<\/ol>\n<\/div>\n","protected":false},"excerpt":{"rendered":"<p>George Monbiot et Rebecca Wrigley Toutes les sources num\u00e9riques ont \u00e9t\u00e9 consult\u00e9es le 4 mars 2022 Des hordes de thons rouges s\u2019abattaient sur nos c\u00f4tes http:\/\/www.trawlerphotos.co.uk\/forums\/showthread.php?4843-History-of-the-British-Tuna-Fishery. harcelant des bancs de maquereaux et de harengs Roberts, C. The Unnatural History of the Sea (Washington, DC: Island Press, 2007). seuls 3 % de la surface terrestre de&hellip;<\/p>\n","protected":false},"author":5,"featured_media":0,"parent":787,"menu_order":7,"comment_status":"closed","ping_status":"closed","template":"page-essay.php","meta":{"footnotes":""},"class_list":["post-797","page","type-page","status-publish","hentry"],"_links":{"self":[{"href":"https:\/\/theclimatebook.org\/fr\/wp-json\/wp\/v2\/pages\/797","targetHints":{"allow":["GET"]}}],"collection":[{"href":"https:\/\/theclimatebook.org\/fr\/wp-json\/wp\/v2\/pages"}],"about":[{"href":"https:\/\/theclimatebook.org\/fr\/wp-json\/wp\/v2\/types\/page"}],"author":[{"embeddable":true,"href":"https:\/\/theclimatebook.org\/fr\/wp-json\/wp\/v2\/users\/5"}],"replies":[{"embeddable":true,"href":"https:\/\/theclimatebook.org\/fr\/wp-json\/wp\/v2\/comments?post=797"}],"version-history":[{"count":0,"href":"https:\/\/theclimatebook.org\/fr\/wp-json\/wp\/v2\/pages\/797\/revisions"}],"up":[{"embeddable":true,"href":"https:\/\/theclimatebook.org\/fr\/wp-json\/wp\/v2\/pages\/787"}],"wp:attachment":[{"href":"https:\/\/theclimatebook.org\/fr\/wp-json\/wp\/v2\/media?parent=797"}],"curies":[{"name":"wp","href":"https:\/\/api.w.org\/{rel}","templated":true}]}}