{"id":796,"date":"2022-09-17T15:22:35","date_gmt":"2022-09-17T15:22:35","guid":{"rendered":"https:\/\/theclimatebook.org\/notes-de-fin\/ce-quil-faut-faire-maintenant\/5-3-vers-un-mode-de-vie-a-15c\/"},"modified":"2022-09-17T15:22:35","modified_gmt":"2022-09-17T15:22:35","slug":"5-3-vers-un-mode-de-vie-a-15c","status":"publish","type":"page","link":"https:\/\/theclimatebook.org\/fr\/notes-de-fin\/ce-quil-faut-faire-maintenant\/5-3-vers-un-mode-de-vie-a-15c\/","title":{"rendered":"5.3 Vers un mode de vie \u00e0 +1,5\u00b0C"},"content":{"rendered":"<div class=\"notes\">\n<p class=\"author\"><a href=\"\/contributors#kate-raworth\" rel=\"author\">Kate Raworth<\/a><\/p>\n<p class=\"date\">Toutes les sources num\u00e9riques ont \u00e9t\u00e9 consult\u00e9es le <time datetime=\"2022-03-01\">1<sup>er<\/sup> mars 2022<\/time><\/p>\n<ol start=\"331\">\n<li>\n<p>\n<q>\u00ab J\u2019ach\u00e8te, donc je suis \u00bb<\/q> Kruger, B., <cite><span class=\"book\">I shop therefore I am<\/span><\/cite>, 1987, MoMA, New York, <a href=\"https:\/\/www.moma.org\/collection\/works\/64897\" target=\"_blank\" rel=\"noopener\">https:\/\/www.moma.org\/collection\/works\/64897<\/a>.\n<\/p>\n<p>\n<q>Selon Oxfam, si l\u2019humanit\u00e9 devait vivre bien<\/q> Gore, T., <cite>\u2018Confronting carbon inequality: putting justice at the heart of the COVID-19 recovery\u2019<\/cite>, Oxfam International, 21 septembre 2020, <a href=\"https:\/\/www.oxfam.org\/en\/research\/confronting-carbon-inequality\" target=\"_blank\" rel=\"noopener\">https:\/\/www.oxfam.org\/en\/research\/confronting-carbon-inequality<\/a>.\n<\/p>\n<p>\n<q>\u00ab les besoins et les d\u00e9sirs de l\u2019homme sont innombrables \u00bb<\/q> Marshall, A., <cite><span class=\"book\">Principes d\u2019\u00e9conomie politique<\/span><\/cite> Paris, \u00e9d. V. Giard &#038; E. Bri\u00e8re, trad. F. Sauvaire-Jourdan, livre 3, chapitre 2.1, 1906.\n<\/p>\n<\/li>\n<li>\n<p>\n<q>\u00ab La production de masse n\u2019est rentable que \u00bb<\/q> Bernays, E., <cite><span class=\"book\">Propagande<\/span><\/cite> Paris, \u00e9d. La D\u00e9couverte, trad. Oristelle Bonis, 2007.\n<\/p>\n<p>\n<q>\u00ab Nous sommes en grande partie gouvern\u00e9s par des hommes dont nous ignorons tout, qui mod\u00e8lent nos esprits \u00bb<\/q> Ibid., 37\u20138.\n<\/p>\n<p>\n<q>\u00ab La publicit\u00e9 n\u2019est pas seulement un assemblage \u00bb<\/q> Berger, J., <cite><span class=\"book\">Ways of Seeing<\/span><\/cite> (Londres: BBC and Penguin, 1972), 131.\n<\/p>\n<p>\n<q>entre 2000 et 2014, le consommateur moyen<\/q> Remy, N., et al., <cite>\u2018Style that\u2019s sustainable: a new fast-fashion formula\u2019<\/cite>, McKinsey Sustainability, 20 octobre 2016, <a href=\"https:\/\/www.mckinsey.com\/business-functions\/sustainability\/our-insights\/style-thats-sustainable-a-new-fast-fashion-formula\" target=\"_blank\" rel=\"noopener\">https:\/\/www.mckinsey.com\/business-functions\/sustainability\/our-insights\/style-thats-sustainable-a-new-fast-fashion-formula<\/a>.\n<\/p>\n<\/li>\n<li>\n<p>\n<q>Sur l\u2019ensemble des fibres textiles produites aujourd\u2019hui<\/q> Ellen McArthur Foundation, <cite><span class=\"book\">A New Textiles Economy: Redesigning Fashion\u2019s Future<\/span><\/cite> , 2017, <a href=\"https:\/\/ellenmacarthurfoundation.org\/a-new-textiles-economy\" target=\"_blank\" rel=\"noopener\">https:\/\/ellenmacarthurfoundation.org\/a-new-textiles-economy<\/a>.\n<\/p>\n<p>\n<q>l\u2019industrie mondiale de la mode produit environ 2 % de l\u2019ensemble des gaz \u00e0 effet de serre<\/q> Sadowski, M., et al., <cite><span class=\"book\">Roadmap to Net Zero: Delivering Science-Based Targets in the Apparel Sector<\/span><\/cite>, World Resources Institute working paper, novembre 2021, <a href=\"https:\/\/doi.org\/10.46830\/wriwp.20.00004\" target=\"_blank\" rel=\"noopener\">https:\/\/doi.org\/10.46830\/wriwp.20.00004<\/a>.\n<\/p>\n<p>\n<q>Pour reduire l\u2019impact \u00e9cologique \u00e0 l\u2019\u00e9chelle requise<\/q> Akenji, L., et al., <cite><span class=\"book\">1.5-Degree Lifestyles: Towards a Fair Consumption Space for All<\/span><\/cite>, Hot or Cool Institute, octobre 2021, <a href=\"https:\/\/hotorcool.org\/wp-content\/uploads\/2021\/10\/Hot_or_Cool_1_5_lifestyles_FULL_REPORT_AND_ANNEX_B.pdf\" target=\"_blank\" rel=\"noopener\">https:\/\/hotorcool.org\/wp-content\/uploads\/2021\/10\/Hot_or_Cool_1_5_lifestyles_FULL_REPORT_AND_ANNEX_B.pdf<\/a>.\n<\/p>\n<p>\n<q>Cette \u00ab orientation des choix \u00bb se pratique depuis longtemps d\u00e9j\u00e0<\/q> Ibid.\n<\/p>\n<p>\n<q>En 2019, Amsterdam s\u2019est engag\u00e9e \u00e0 bannir les v\u00e9hicules \u00e0 \u00e9nergie fossile<\/q> Reuters, <cite>\u2018Amsterdam to ban polluting cars from 2030\u2019<\/cite>, 2 mai 2019, <a href=\"https:\/\/www.reuters.com\/article\/us-netherlands-pollution-amsterdam-idUSKCN1S81XV\" target=\"_blank\" rel=\"noopener\">https:\/\/www.reuters.com\/article\/us-netherlands-pollution-amsterdam-idUSKCN1S81XV<\/a>.\n<\/p>\n<p>\n<q>En 2021, le gouvernment gallois a annonc\u00e9 le gel<\/q> BBC News, <cite>\u2018Wales transport: freeze on all new road building projects\u2019<\/cite>, 22 juin 2021, <a href=\"https:\/\/www.bbc.com\/news\/uk-wales-politics-57552390\" target=\"_blank\" rel=\"noopener\">https:\/\/www.bbc.com\/news\/uk-wales-politics-57552390<\/a>; BBC News, <cite>\u2018France moves to ban short-haul domestic flights\u2019<\/cite>, 12 avril 2021, <a href=\"https:\/\/www.bbc. com\/news\/world-europe-56716708\" target=\"_blank\" rel=\"noopener\">https:\/\/www.bbc. com\/news\/world-europe-56716708<\/a>.\n<\/p>\n<\/li>\n<li>\n<p>\n<q>Cette d\u00e9cision a d\u2019ores et d\u00e9j\u00e0 stimul\u00e9 l\u2019innovation locale<\/q> Clouse, C., <cite>\u2018Amsterdam blazes a trail for circular fashion\u2019<\/cite>, GreenBiz, 18 novembre 2021, <a href=\"https:\/\/www.greenbiz.com\/article\/amsterdam-blazes-trail-circular-fashion\" target=\"_blank\" rel=\"noopener\">https:\/\/www.greenbiz.com\/article\/amsterdam-blazes-trail-circular-fashion<\/a>.\n<\/p>\n<p>\n<q>\u00c0 Vienne par exemple plus de 60 % de la population vit dans des logements sociaux<\/q> Ball, J., <cite>\u2018\u201cHousing as a basic human right\u201d: the Vienna model of social housing\u2019<\/cite>, <span class=\"book\">New Statesman<\/span>, 3 septembre 2019, <a href=\"https:\/\/www.newstatesman.com\/spotlight\/2019\/09\/housing-basic-human-right-vienna-model-social-housing\" target=\"_blank\" rel=\"noopener\">https:\/\/www.newstatesman.com\/spotlight\/2019\/09\/housing-basic-human-right-vienna-model-social-housing<\/a>.\n<\/p>\n<p>\n<q>Les d\u00e9penses de sant\u00e9 aux \u00c9tats-Unis<\/q> Wager, E., et al., <cite>\u2018How does health spending in the U.S. compare to other countries?\u2019<\/cite>, Health System Tracker, 21 janvier 2022, <a href=\"https:\/\/www.healthsystemtracker.org\/chart-collection\/health-spending-u-s-compare-countries\/\" target=\"_blank\" rel=\"noopener\">https:\/\/www.healthsystemtracker.org\/chart-collection\/health-spending-u-s-compare-countries\/<\/a>; Pichler, P. P., et al., <cite>\u2018International comparison of health care carbon footprints\u2019<\/cite>, <span class=\"book\">Environmental Research Letters<\/span>, 14 (6), 2019: Article 064004, <a href=\"https:\/\/doi.org\/10.1088\/1748-9326\/ab19e1\" target=\"_blank\" rel=\"noopener\">https:\/\/doi.org\/10.1088\/1748-9326\/ab19e1<\/a>.\n<\/p>\n<p>\n<q>\u00ab le luxe public et la sobri\u00e9t\u00e9 priv\u00e9e \u00bb<\/q> Monbiot, G., <cite>\u2018Public luxury for all or private luxury for some: this is the choice\u2019<\/cite>, <span class=\"book\">Guardian<\/span>, 31 mai 2017, <a href=\"https:\/\/www.theguardian.com\/commentisfree\/2017\/may\/31\/private-wealth-labour-common-space\" target=\"_blank\" rel=\"noopener\">https:\/\/www.theguardian.com\/commentisfree\/2017\/may\/31\/private-wealth-labour-common-space<\/a>.\n<\/p>\n<p>\n<q>\u00ab Partout o\u00f9 nous sommes excessifs dans nos vies \u00bb<\/q> Phillips, A., <cite>\u2018Insatiable creatures\u2019<\/cite>, <span class=\"book\">Guardian<\/span>, 8 ao\u00fbt 2009, <a href=\"https:\/\/www.theguardian.com\/books\/2009\/aug\/08\/excess-adam-phillips\" target=\"_blank\" rel=\"noopener\">https:\/\/www.theguardian.com\/books\/2009\/aug\/08\/excess-adam-phillips<\/a>.\n<\/p>\n<\/li>\n<li>\n<p>\n<q>\u00ab M\u00eame si nous jouissons d\u2019une relative abondance mat\u00e9rielle \u00bb<\/q> Gerhardt, S., <cite><span class=\"book\">The Selfish Society: How We All Forgot to Love One Another and Made Money Instead<\/span><\/cite> (Londres: Simon and Schuster, 2010), 32\u20133.\n<\/p>\n<p>\n<q>cinq actions simples dont il est prouv\u00e9 qu\u2019elles favorisent le bien-\u00eatre<\/q> Aked, J., et al., <cite><span class=\"book\">Five Ways to Wellbeing<\/span><\/cite>, New Economics Foundation,22 octobre 2008, <a href=\"https:\/\/neweconomics.org\/2008\/10\/five-ways-to-wellbeing\" target=\"_blank\" rel=\"noopener\">https:\/\/neweconomics.org\/2008\/10\/five-ways-to-wellbeing<\/a>.\n<\/p>\n<p>\n<q>le Transition Network<\/q> Transition Network, <a href=\"https:\/\/transitionnetwork.org\/\" target=\"_blank\" rel=\"noopener\">https:\/\/transitionnetwork.org\/<\/a>.\n<\/p>\n<p>\n<q>Take The Jump<\/q> The Jump, <a href=\"https:\/\/takethejump.org\/\" target=\"_blank\" rel=\"noopener\">https:\/\/takethejump.org\/<\/a>.\n<\/p>\n<\/li>\n<\/ol>\n<\/div>\n","protected":false},"excerpt":{"rendered":"<p>Kate Raworth Toutes les sources num\u00e9riques ont \u00e9t\u00e9 consult\u00e9es le 1er mars 2022 \u00ab J\u2019ach\u00e8te, donc je suis \u00bb Kruger, B., I shop therefore I am, 1987, MoMA, New York, https:\/\/www.moma.org\/collection\/works\/64897. Selon Oxfam, si l\u2019humanit\u00e9 devait vivre bien Gore, T., \u2018Confronting carbon inequality: putting justice at the heart of the COVID-19 recovery\u2019, Oxfam International, 21&hellip;<\/p>\n","protected":false},"author":5,"featured_media":0,"parent":787,"menu_order":3,"comment_status":"closed","ping_status":"closed","template":"page-essay.php","meta":{"footnotes":""},"class_list":["post-796","page","type-page","status-publish","hentry"],"_links":{"self":[{"href":"https:\/\/theclimatebook.org\/fr\/wp-json\/wp\/v2\/pages\/796","targetHints":{"allow":["GET"]}}],"collection":[{"href":"https:\/\/theclimatebook.org\/fr\/wp-json\/wp\/v2\/pages"}],"about":[{"href":"https:\/\/theclimatebook.org\/fr\/wp-json\/wp\/v2\/types\/page"}],"author":[{"embeddable":true,"href":"https:\/\/theclimatebook.org\/fr\/wp-json\/wp\/v2\/users\/5"}],"replies":[{"embeddable":true,"href":"https:\/\/theclimatebook.org\/fr\/wp-json\/wp\/v2\/comments?post=796"}],"version-history":[{"count":0,"href":"https:\/\/theclimatebook.org\/fr\/wp-json\/wp\/v2\/pages\/796\/revisions"}],"up":[{"embeddable":true,"href":"https:\/\/theclimatebook.org\/fr\/wp-json\/wp\/v2\/pages\/787"}],"wp:attachment":[{"href":"https:\/\/theclimatebook.org\/fr\/wp-json\/wp\/v2\/media?parent=796"}],"curies":[{"name":"wp","href":"https:\/\/api.w.org\/{rel}","templated":true}]}}