{"id":794,"date":"2022-09-18T12:12:53","date_gmt":"2022-09-18T12:12:53","guid":{"rendered":"https:\/\/theclimatebook.org\/notes-de-fin\/ce-quil-faut-faire-maintenant\/5-5-changer-notre-alimentation\/"},"modified":"2022-09-18T12:12:53","modified_gmt":"2022-09-18T12:12:53","slug":"5-5-changer-notre-alimentation","status":"publish","type":"page","link":"https:\/\/theclimatebook.org\/fr\/notes-de-fin\/ce-quil-faut-faire-maintenant\/5-5-changer-notre-alimentation\/","title":{"rendered":"5.5 Changer notre alimentation"},"content":{"rendered":"<div class=\"notes\">\n<p class=\"author\"><a href=\"\/contributors#gideon-eshel\" rel=\"author\">Gideon Eshel<\/a><\/p>\n<p class=\"date\">Toutes les sources num\u00e9riques ont \u00e9t\u00e9 consult\u00e9es le <time datetime=\"2022-02-28\">28 f\u00e9vrier 2022<\/time><\/p>\n<ol start=\"340\">\n<li>\n<p>\n<q>un temps lourd et chaud<\/q> National Centers for Environmental Information, <cite>\u2018November 2021 National Climate Report\u2019<\/cite>, 2021, <a href=\"https:\/\/www.ncei.noaa.gov\/access\/monitoring\/monthly-report\/national\/202111\" target=\"_blank\" rel=\"noopener\">https:\/\/www.ncei.noaa.gov\/access\/monitoring\/monthly-report\/national\/202111<\/a>; Cappucci, M., and Samenow, J., <cite>\u2018Fall on hold: forecasters predict long-lasting warm temperatures in eastern U.S.\u2019<\/cite>, <span class=\"book\">Washington Post<\/span>, 6 octobre 2021, <a href=\"https:\/\/www.washingtonpost.com\/weather\/2021\/10\/05\/warm-fall-weather-eastern-us\/\" target=\"_blank\" rel=\"noopener\">https:\/\/www.washingtonpost.com\/weather\/2021\/10\/05\/warm-fall-weather-eastern-us\/<\/a>.\n<\/p>\n<p>\n<q>La concentration en CO<sub>2<\/sub> de l\u2019atmosph\u00e8re de la plan\u00e8te Terre sera [\u2026] 2 \u00e0 3 parties par million plus \u00e9lev\u00e9e<\/q> Global Monitoring Laboratory, <cite>\u2018Archived data\u2019<\/cite>, National Oceanic and Atmospheric Administration, 2021, <a href=\"https:\/\/gml.noaa.gov\/dv\/iadv\/graph.php?code=MLO&#038;program=ccgg&#038;type=ts\" target=\"_blank\" rel=\"noopener\">https:\/\/gml.noaa.gov\/dv\/iadv\/graph.php?code=MLO&#038;program=ccgg&#038;type=ts<\/a>.\n<\/p>\n<p>\n<q>un r\u00e9chauffement de 0,01\u00b0 \u00e0 0,04\u00b0C en moyenne de la surface de la Terre<\/q> Zelinka, M. D., et al., <cite>\u2018Causes of higher climate sensitivity in CMIP6 models\u2019<\/cite>, <span class=\"book\">Geophysical Research Letters<\/span>, 47 (1), 2020: Article e2019GL085782, <a href=\"https:\/\/doi.org\/10.1029\/2019GL085782\" target=\"_blank\" rel=\"noopener\">https:\/\/doi.org\/10.1029\/2019GL085782<\/a>.\n<\/p>\n<p>\n<q>un peu moins d\u2019un milliard de kilos d\u2019azote [\u2026] dans le Golfe du Mexique<\/q> Tian, H., et al., <cite>\u2018Long-term trajectory of nitrogen loading and delivery from Mississippi River Basin to the Gulf of Mexico,\u2019<\/cite>, <span class=\"book\">Global Biogeochemical Cycles<\/span>, 34 (5), 2020: Article e2019GB006475, <a href=\"https:\/\/doi.org\/10.1029\/2019GB006475\" target=\"_blank\" rel=\"noopener\">https:\/\/doi.org\/10.1029\/2019GB006475<\/a>.\n<\/p>\n<p>\n<q>l\u2019eau de la mer ayant \u00e9t\u00e9 priv\u00e9e d\u2019oxyg\u00e8ne dissous<\/q> Gruber, N., and Galloway, J. N., <cite>\u2018An Earth-system perspective of the global nitrogen cycle\u2019<\/cite>, <span class=\"book\">Nature<\/span>, 451 (7176), 2008: 293\u20136, <a href=\"https:\/\/doi.org\/10.1038\/nature06592\" target=\"_blank\" rel=\"noopener\">https:\/\/doi.org\/10.1038\/nature06592<\/a>; Doering, O. C., et al., <cite><span class=\"book\">Reactive Nitrogen in the United States: An Analysis of Inputs, Flows, Consequences and Management Options. A Report of the EPA Science Advisory Board<\/span><\/cite>, United States Environmental Protection Agency, ao\u00fbt 2011, <a href=\"https:\/\/nepis.epa.gov\/Exe\/ZyPURL.cgi?Dockey=P100DD0K.txt\" target=\"_blank\" rel=\"noopener\">https:\/\/nepis.epa.gov\/Exe\/ZyPURL.cgi?Dockey=P100DD0K.txt<\/a>.\n<\/p>\n<p>\n<q>ce processus est \u00e0 l\u2019origine d\u2019un conflit entre les producteurs de mati\u00e8res premi\u00e8res du Midwest<\/q> Purcell, K. M., et al., <cite>\u2018Fleet behavior is responsive to a large-scale environmental disturbance: hypoxia effects on the spatial dynamics of the northern Gulf of Mexico shrimp fishery\u2019<\/cite>, <span class=\"book\">PLOS One<\/span>, 12 (8), 2017: Article e0183032, <a href=\"https:\/\/doi.org\/10.1371\/journal.pone.0183032\" target=\"_blank\" rel=\"noopener\">https:\/\/doi.org\/10.1371\/journal.pone.0183032<\/a>.\n<\/p>\n<p>\n<q>ce qui fait dispara\u00eetre la terre deux \u00e0 cinq fois plus rapidement<\/q> Nearing, M. A., et al., <cite>\u2018Natural and anthropogenic rates of soil erosion\u2019<\/cite>, <span class=\"book\">International Soil and Water Conservation Research<\/span>, 5 (2), 2017: 77\u201384, <a href=\"https:\/\/doi.org\/10.1016\/j.iswcr.2017.04.001\" target=\"_blank\" rel=\"noopener\">https:\/\/doi.org\/10.1016\/j.iswcr.2017.04.001<\/a>.\n<\/p>\n<p>\n<q>sur le 1,9 milliard d\u2019hectares de terres agricoles de la plan\u00e8te<\/q> Phalke, A. R., et al., <cite>\u2018Mapping croplands of Europe, Middle East, Russia, and Central Asia using Landsat, Random Forest, and Google Earth Engine\u2019<\/cite>, <span class=\"book\">ISPRS Journal of Photogrammetry and Remote Sensing<\/span>, 167, 2020: 104\u201322, <a href=\"https:\/\/doi.org\/10.1016\/j.isprsjprs.2020.06.022\" target=\"_blank\" rel=\"noopener\">https:\/\/doi.org\/10.1016\/j.isprsjprs.2020.06.022<\/a>.\n<\/p>\n<p>\n<q>entre 10 000 et 20 000 milliards de kilos de couche arable<\/q> Montanarella, L., et al., <cite>\u2018World\u2019s soils are under threat\u2019<\/cite>, <span class=\"book\">SOIL<\/span>, 2 (1), 2016: 79\u201382, <a href=\"https:\/\/doi.org\/10.5194\/soil-2-79-2016\" target=\"_blank\" rel=\"noopener\">https:\/\/doi.org\/10.5194\/soil-2-79-2016<\/a>.\n<\/p>\n<p>\n<q>plusieurs esp\u00e8ces animales au minimum [\u2026] auront tir\u00e9 leur r\u00e9v\u00e9rence<\/q> Rounsevell, M. D. A., et al., <cite>\u2018A biodiversity target based on species extinctions\u2019<\/cite>, <span class=\"book\">Science<\/span>, 368 (6496), 2020: 1193\u20135, <a href=\"https:\/\/doi.org\/10.1126\/science.aba6592\" target=\"_blank\" rel=\"noopener\">https:\/\/doi.org\/10.1126\/science.aba6592<\/a>; Young, H. S., et al., <cite>\u2018Patterns, causes, and consequences of Anthropocene defaunation\u2019<\/cite>, <span class=\"book\">Annual Review of Ecology, Evolution, and Systematics<\/span>, 47, 2016: 333\u201358, <a href=\"https:\/\/doi.org\/10.1146\/annurev-ecolsys-112414-054142\" target=\"_blank\" rel=\"noopener\">https:\/\/doi.org\/10.1146\/annurev-ecolsys-112414-054142<\/a>; Ceballos, G., et al., <cite>\u2018Biological annihilation via the ongoing sixth mass extinction signaled by vertebrate population losses and declines\u2019<\/cite>, <span class=\"book\">Proceedings of the National Academy of Sciences<\/span>, 114 (30), 2017: e6089\u2013e6096, <a href=\"https:\/\/doi.org\/10.1073\/pnas.1704949114\" target=\"_blank\" rel=\"noopener\">https:\/\/doi.org\/10.1073\/pnas.1704949114<\/a>.\n<\/p>\n<p>\n<q>nombre d\u2019autres de la pollution ou de la p\u00e9nurie d\u2019eau<\/q> Cardoso, P., et al., <cite>\u2018Scientists\u2019 warning to humanity on insect extinctions\u2019<\/cite>, <span class=\"book\">Biological Conservation<\/span>, 242, 2020: Article 108426, <a href=\"https:\/\/doi.org\/10.1016\/j.biocon.2020.108426\" target=\"_blank\" rel=\"noopener\">https:\/\/doi.org\/10.1016\/j.biocon.2020.108426<\/a>; Lund., J., et al., <cite>\u2018Lessons from California\u2019s 2012\u20132016 drought\u2019<\/cite>, <span class=\"book\">Journal of Water Resources Planning and Management<\/span>, 144 (10), 2018: Article 04018067, <a href=\"https:\/\/doi.org\/10.1061\/(ASCE)WR.1943-5452.0000984\" target=\"_blank\" rel=\"noopener\">https:\/\/doi.org\/10.1061\/(ASCE)WR.1943-5452.0000984<\/a>.\n<\/p>\n<p>\n<q>des facteurs de stress environnemental<\/q> Maier, D. S., <cite>\u2018Should biodiversity and nature have to earn their keep? What it really means to bring environmental goods into the marketplace\u2019<\/cite>, <span class=\"book\">Ambio<\/span>, 47 (4), 2018: 477\u201392, <a href=\"https:\/\/doi.org\/10.1007%2Fs13280-017-0996-5\" target=\"_blank\" rel=\"noopener\">https:\/\/doi.org\/10.1007%2Fs13280-017-0996-5<\/a>; Turvey, S. T., and Crees, J. J., <cite>\u2018Extinction in the Anthropocene\u2019<\/cite>, <span class=\"book\">Currents in Biology<\/span>, 29 (19), 2019: R982\u2013R986, <a href=\"https:\/\/doi.org\/10.1016\/j.cub.2019.07.040\" target=\"_blank\" rel=\"noopener\">https:\/\/doi.org\/10.1016\/j.cub.2019.07.040<\/a>; Yanosky, A., <cite>\u2018Paraguay\u2019s challenge of conserving natural habitats and biodiversity with global markets demanding for products\u2019<\/cite>, in Raven, P. H., et al., eds., <span class=\"book\">Conservation Biology: Voices from the Tropics<\/span> (Chichester: Wiley Blackwell, 2013), 113\u201319, <a href=\"https:\/\/doi.org\/10.1002\/9781118679838.ch14\" target=\"_blank\" rel=\"noopener\">https:\/\/doi.org\/10.1002\/9781118679838.ch14<\/a>.\n<\/p>\n<p>\n<q>les changements susmentionn\u00e9s sont d\u2019abord dus \u00e0 l\u2019agriculture<\/q> Richter, B. D., et al., <cite>\u2018Water scarcity and fish imperilment driven by beef production\u2019<\/cite>, <span class=\"book\">Nature Sustainability<\/span>, 3 (4), 2020: 319\u201328, <a href=\"https:\/\/doi.org\/10.1038\/s41893-020-0483-z\" target=\"_blank\" rel=\"noopener\">https:\/\/doi.org\/10.1038\/s41893-020-0483-z<\/a>; Eshel, G., and Martin, P. A., <cite>\u2018Geophysics and nutritional science: toward a novel, unified paradigm\u2019<\/cite>, <span class=\"book\">American Journal of Clinical Nutrition<\/span>, 89 (5), 2009: 1710S\u20131716S, <a href=\"https:\/\/doi.org\/10.3945\/ajcn.2009.26736BB\" target=\"_blank\" rel=\"noopener\">https:\/\/doi.org\/10.3945\/ajcn.2009.26736BB<\/a>; Bouwman, L., et al., <cite>\u2018Exploring global changes in nitrogen and phosphorus cycles in agriculture induced by livestock production over the 1900\u20132050 period\u2019<\/cite>, <span class=\"book\">Proceedings of the National Academy of Sciences<\/span>, 110 (52), 2013: 20882\u20137, <a href=\"https:\/\/doi.org\/10.1073\/pnas.1012878108\" target=\"_blank\" rel=\"noopener\">https:\/\/doi.org\/10.1073\/pnas.1012878108<\/a>; Eshel, G., et al., <cite>\u2018Land, irrigation water, greenhouse gas, and reactive nitrogen burdens of meat, eggs, and dairy production in the United States\u2019<\/cite>, <span class=\"book\">Proceedings of the National Academy of Sciences<\/span>, 111 (33), 2014: 11996\u201312001, <a href=\"https:\/\/doi.org\/10.1073\/pnas.1402183111\" target=\"_blank\" rel=\"noopener\">https:\/\/doi.org\/10.1073\/pnas.1402183111<\/a>; Eshel, G., et al., <cite>\u2018Partitioning United States\u2019 feed consumption among livestock categories for improved environmental cost assessments\u2019<\/cite>, <span class=\"book\">Journal of Agricultural Sciences<\/span>, 153 (3), 2014: 432\u201345, <a href=\"https:\/\/doi.org\/10.1017\/S0021859614000690\" target=\"_blank\" rel=\"noopener\">https:\/\/doi.org\/10.1017\/S0021859614000690<\/a>; Eshel, G., <cite>\u2018How to prioritize voluntary dietary modification\u2019<\/cite>, <span class=\"book\">Advances in Environmental and Engineering Research<\/span>, 1 (4), 2020: Article 005, <a href=\"http:\/\/dx.doi.org\/10.21926\/aeer.2004005\" target=\"_blank\" rel=\"noopener\">http:\/\/dx.doi.org\/10.21926\/aeer.2004005<\/a>; Shepon, A., et al., <cite>\u2018Energy and protein feed-to-food conversion efficiencies in the US and potential food security gains from dietary changes\u2019<\/cite>, <span class=\"book\">Environmental Research Letters<\/span>, 11 (10), 2016: Article 105002, <a href=\"https:\/\/doi.org\/10.1088\/1748-9326\/11\/10\/105002\" target=\"_blank\" rel=\"noopener\">https:\/\/doi.org\/10.1088\/1748-9326\/11\/10\/105002<\/a>; Davis, K. F., et al., <cite>\u2018Meeting future food demand with current agricultural resources\u2019<\/cite>, <span class=\"book\">Global Environmental Change<\/span>, 39, 2016: 125\u201332, <a href=\"https:\/\/doi.org\/10.1016\/j.gloenvcha.2016.05.004\" target=\"_blank\" rel=\"noopener\">https:\/\/doi.org\/10.1016\/j.gloenvcha.2016.05.004<\/a>; Liu, J., et al., <cite>\u2018Systems integration for global sustainability\u2019<\/cite>, <span class=\"book\">Science<\/span>, 347 (6225), 2021: Article 1258832, <a href=\"https:\/\/doi.org\/10.1126\/science.1258832\" target=\"_blank\" rel=\"noopener\">https:\/\/doi.org\/10.1126\/science.1258832<\/a>\n<\/p>\n<\/li>\n<li>\n<p>\n<q>la perte des terres arables qui met en danger les r\u00e9serves alimentaires<\/q> DeLonge, M., and Stillerman, K. P., <cite><span class=\"book\">Eroding the Future: How Soil Loss Threatens Farming and Our Food Supply<\/span><\/cite>, Union of Concerned Scientists, d\u00e9cembre 2020, <a href=\"https:\/\/www.jstor.org\/stable\/resrep28410\" target=\"_blank\" rel=\"noopener\">https:\/\/www.jstor.org\/stable\/resrep28410<\/a>.\n<\/p>\n<p>\n<q>la pollution de l\u2019eau par eutrophisation<\/q> Malone, T. C., and Newton, A., <cite>\u2018The globalization of cultural eutrophication in the coastal ocean: causes and consequences\u2019<\/cite>, <span class=\"book\">Frontiers in Marine Science<\/span>, 7, 2020: Article 670, <a href=\"https:\/\/doi.org\/10.3389\/fmars.2020.00670\" target=\"_blank\" rel=\"noopener\">https:\/\/doi.org\/10.3389\/fmars.2020.00670<\/a>; Li, Y., et al., <cite>\u2018The role of freshwater eutrophication in greenhouse gas emissions: a review\u2019<\/cite>, <span class=\"book\">Science of the Total Environment<\/span>, 768, 2021: Article 144582, <a href=\"https:\/\/doi.org\/10.1016\/j.scitotenv.2020.144582\" target=\"_blank\" rel=\"noopener\">https:\/\/doi.org\/10.1016\/j.scitotenv.2020.144582<\/a>.\n<\/p>\n<p>\n<q>la surconsommation des rares ressources d\u2019eau potable<\/q> Gleick, P. H., and Cooley, H., <cite>\u2018Freshwater scarcity\u2019<\/cite>, <span class=\"book\">Annual Review of Environmental Resources<\/span>, 46, 2021: 319\u201348, <a href=\"https:\/\/doi.org\/10.1146\/annurev-environ-012220-101319\" target=\"_blank\" rel=\"noopener\">https:\/\/doi.org\/10.1146\/annurev-environ-012220-101319<\/a>.\n<\/p>\n<p>\n<q>les r\u00e9gimes alimentaires individuels refl\u00e8tent en partie les politiques gouvernementales<\/q> Nestle, M., <cite><span class=\"book\">Food Politics: How the Food Industry Influences Nutrition and Health<\/span><\/cite> (Berkeley, CA: University of California Press, 2007); Gressier, M., et al., <cite>\u2018Healthy foods and healthy diets: how government policies can steer food reformulation\u2019<\/cite>, <span class=\"book\">Nutrients<\/span>, 12 (7), 2020: Article 1992, <a href=\"https:\/\/doi.org\/10.3390%2Fnu12071992\" target=\"_blank\" rel=\"noopener\">https:\/\/doi.org\/10.3390%2Fnu12071992<\/a>.\n<\/p>\n<p>\n<q>imaginons que l\u2019on utilise comme mesure un burger<\/q> Poore, J., and Nemecek, T., <cite>\u2018Reducing food\u2019s environmental impacts through producers and consumers\u2019<\/cite>, <span class=\"book\">Science<\/span>, 360 (6392), 2018: 987\u201392, <a href=\"https:\/\/doi.org\/10.1126\/science.aaq0216\" target=\"_blank\" rel=\"noopener\">https:\/\/doi.org\/10.1126\/science.aaq0216<\/a>; Pelletier, N., et al., <cite>\u2018Comparative life cycle environmental impacts of three beef production strategies in the Upper Midwestern United States\u2019<\/cite>, <span class=\"book\">Agricultural Systems<\/span>, 103 (6), 2010: 380\u201389, <a href=\"https:\/\/doi.org\/10.1016\/j.agsy.2010.03.009\" target=\"_blank\" rel=\"noopener\">https:\/\/doi.org\/10.1016\/j.agsy.2010.03.009<\/a>; Eshel et al., <cite>\u2018Land, irrigation water\u2019<\/cite>; Eshel et al., <cite>\u2018Partitioning United States\u2019 feed consumption\u2019<\/cite>.\n<\/p>\n<\/li>\n<li>\n<p>\n<q>Cette transition alimentaire offre \u00e9galement des bienfaits nutritionnels significatifs<\/q> Pan, A., et al., <cite>\u2018Red meat consumption and mortality: results from 2 prospective cohort studies\u2019<\/cite>, <span class=\"book\">Archives of Internal Medicine<\/span>, 172 (7), 2012: 555\u201363, <a href=\"https:\/\/doi.org\/10.1001\/archinternmed.2011.2287\" target=\"_blank\" rel=\"noopener\">https:\/\/doi.org\/10.1001\/archinternmed.2011.2287<\/a>; Abete, I., et al., <cite>\u2018Association between total, processed, red and white meat consumption and all-cause, CVD and IHD mortality: a meta-analysis of cohort studies\u2019<\/cite>, <span class=\"book\">British Journal of Nutrition<\/span>, 112 (5), 2014: 762\u201375, <a href=\"https:\/\/doi.org\/10.1017\/S000711451400124X\" target=\"_blank\" rel=\"noopener\">https:\/\/doi.org\/10.1017\/S000711451400124X<\/a>; Jahn, J. L., et al., <cite>\u2018Food, health and the environment: a global grand challenge and some solutions\u2019<\/cite>, <span class=\"book\">Daedalus<\/span>, 144 (4), 2015: 31\u201344, <a href=\"https:\/\/doi.org\/10.1162\/DAED_a_00352\" target=\"_blank\" rel=\"noopener\">https:\/\/doi.org\/10.1162\/DAED_a_00352<\/a>; Satija, A., et al., <cite>\u2018Plant-based dietary patterns and incidence of type 2 diabetes in US men and women: results from three prospective cohort studies\u2019<\/cite>, <span class=\"book\">PLOS Medicine<\/span>, 13 (6), 2016: Article e1002039, <a href=\"https:\/\/doi.org\/10.1371\/journal.pmed.1002039\" target=\"_blank\" rel=\"noopener\">https:\/\/doi.org\/10.1371\/journal.pmed.1002039<\/a>; Springmann, M., et al., <cite>\u2018Options for keeping the food system within environmental limits\u2019<\/cite>, <span class=\"book\">Nature<\/span>, 562 (7728), 2018: 519\u201325, <a href=\"https:\/\/doi.org\/10.1038\/s41586-018-0594-0\" target=\"_blank\" rel=\"noopener\">https:\/\/doi.org\/10.1038\/s41586-018-0594-0<\/a>; Heller, M. C., Keoleian, G. A., and Willett, W. C., <cite>\u2018Toward a life cycle-based, diet-level framework for food environmental impact and nutritional quality assessment: a critical review\u2019<\/cite>, <span class=\"book\">Environmental Science and Technology<\/span>, 47 (22), 2013: 12632\u201347, <a href=\"https:\/\/doi.org\/10.1021\/es4025113\" target=\"_blank\" rel=\"noopener\">https:\/\/doi.org\/10.1021\/es4025113<\/a>; Willett, W., et al., <cite>\u2018Food in the Anthropocene: the EAT\u2013Lancet commission on healthy diets from sustainable food systems\u2019<\/cite>, <span class=\"book\">Lancet<\/span>, 393 (10170), 2019: 447\u201392, <a href=\"https:\/\/doi.org\/10.1016\/S0140-6736(18)31788-4\" target=\"_blank\" rel=\"noopener\">https:\/\/doi.org\/10.1016\/S0140-6736(18)31788-4<\/a>\n<\/p>\n<p>\n<q>environ 350 millions de tonnes de CO<sub>2<\/sub>eq par ann\u00e9e<\/q> Eshel, G., et al., <cite>\u2018Environmentally optimal, nutritionally sound, protein and energy conserving plant based alternatives to U.S. meat\u2019<\/cite>, <span class=\"book\">Scientific Reports<\/span>, 9, 2019: Article 10345, <a href=\"https:\/\/doi.org\/10.1038\/s41598-019-46590-1\" target=\"_blank\" rel=\"noopener\">https:\/\/doi.org\/10.1038\/s41598-019-46590-1<\/a>.\n<\/p>\n<p>\n<q>plus de 90 % de la totalit\u00e9 des \u00e9missions du secteur r\u00e9sidentiel am\u00e9ricain dans son ensemble<\/q> United States Environmental Protection Agency, <cite><span class=\"book\">Inventory of U.S. Greenhouse Gas Emissions and Sinks: 1990\u20132019<\/span><\/cite>, avril 2021, <a href=\"https:\/\/www.epa.gov\/ghgemissions\/inventory-us-greenhouse-gas-emissions-and-sinks-1990-2019\" target=\"_blank\" rel=\"noopener\">https:\/\/www.epa.gov\/ghgemissions\/inventory-us-greenhouse-gas-emissions-and-sinks-1990-2019<\/a>.\n<\/p>\n<\/li>\n<\/ol>\n<\/div>\n","protected":false},"excerpt":{"rendered":"<p>Gideon Eshel Toutes les sources num\u00e9riques ont \u00e9t\u00e9 consult\u00e9es le 28 f\u00e9vrier 2022 un temps lourd et chaud National Centers for Environmental Information, \u2018November 2021 National Climate Report\u2019, 2021, https:\/\/www.ncei.noaa.gov\/access\/monitoring\/monthly-report\/national\/202111; Cappucci, M., and Samenow, J., \u2018Fall on hold: forecasters predict long-lasting warm temperatures in eastern U.S.\u2019, Washington Post, 6 octobre 2021, https:\/\/www.washingtonpost.com\/weather\/2021\/10\/05\/warm-fall-weather-eastern-us\/. La concentration en&hellip;<\/p>\n","protected":false},"author":5,"featured_media":0,"parent":787,"menu_order":5,"comment_status":"closed","ping_status":"closed","template":"page-essay.php","meta":{"footnotes":""},"class_list":["post-794","page","type-page","status-publish","hentry"],"_links":{"self":[{"href":"https:\/\/theclimatebook.org\/fr\/wp-json\/wp\/v2\/pages\/794","targetHints":{"allow":["GET"]}}],"collection":[{"href":"https:\/\/theclimatebook.org\/fr\/wp-json\/wp\/v2\/pages"}],"about":[{"href":"https:\/\/theclimatebook.org\/fr\/wp-json\/wp\/v2\/types\/page"}],"author":[{"embeddable":true,"href":"https:\/\/theclimatebook.org\/fr\/wp-json\/wp\/v2\/users\/5"}],"replies":[{"embeddable":true,"href":"https:\/\/theclimatebook.org\/fr\/wp-json\/wp\/v2\/comments?post=794"}],"version-history":[{"count":0,"href":"https:\/\/theclimatebook.org\/fr\/wp-json\/wp\/v2\/pages\/794\/revisions"}],"up":[{"embeddable":true,"href":"https:\/\/theclimatebook.org\/fr\/wp-json\/wp\/v2\/pages\/787"}],"wp:attachment":[{"href":"https:\/\/theclimatebook.org\/fr\/wp-json\/wp\/v2\/media?parent=794"}],"curies":[{"name":"wp","href":"https:\/\/api.w.org\/{rel}","templated":true}]}}