{"id":793,"date":"2022-09-18T11:25:18","date_gmt":"2022-09-18T11:25:18","guid":{"rendered":"https:\/\/theclimatebook.org\/notes-de-fin\/ce-quil-faut-faire-maintenant\/5-4-vaincre-lapathie-climatique\/"},"modified":"2022-09-18T11:25:18","modified_gmt":"2022-09-18T11:25:18","slug":"5-4-vaincre-lapathie-climatique","status":"publish","type":"page","link":"https:\/\/theclimatebook.org\/fr\/notes-de-fin\/ce-quil-faut-faire-maintenant\/5-4-vaincre-lapathie-climatique\/","title":{"rendered":"5.4 Vaincre l\u2019apathie climatique"},"content":{"rendered":"<div class=\"notes\">\n<p class=\"author\"><a href=\"\/contributors#per-espen-stoknes\" rel=\"author\">Per Espen Stoknes<\/a><\/p>\n<p class=\"date\">Toutes les sources num\u00e9riques ont \u00e9t\u00e9 consult\u00e9es le <time datetime=\"2022-03-01\">1<sup>er<\/sup> mars 2022<\/time><\/p>\n<ol start=\"337\">\n<li>\n<p>\n<q>\u00ab C\u2019est catastrophique \u00bb<\/q> Rich, N., <cite>\u2018Losing Earth: the decade we almost stopped climate change\u2019<\/cite>, <span class=\"book\">New York Times Magazine<\/span>, 1<sup>er<\/sup> ao\u00fbt 2018, <a href=\"\" target=\"_blank\" rel=\"noopener\"><\/a>.\n<\/p>\n<p>\n<q>les \u00ab cinq D \u00bb de la d\u00e9fense psychologique<\/q> Stoknes, P. E., <cite>\u2018How to transform apocalypse fatigue into action\u2019<\/cite>,, TED Talk, 2017, <a href=\"https:\/\/www.ted.com\/talks\/per_espen_stoknes_how_to_transform_apocalypse_fatigue_into_action_on_global_warming?language=en\" target=\"_blank\" rel=\"noopener\">https:\/\/www.ted.com\/talks\/per_espen_stoknes_how_to_transform_apocalypse_fatigue_into_action_on_global_warming?language=en<\/a>; Stoknes, P. E., <span class=\"book\">What We Think about When We Try Not to Think about Global Warming: Toward a New Psychology of Climate Action<\/span> (White River Junction, VT: Chelsea Green, 2015), 81\u20134.\n<\/p>\n<\/li>\n<li>\n<p>\n<q>\u00ab Nous avons besoin de gens sur un large front \u00bb<\/q> Naess, A., <cite>\u2018Deep Ecology of Wisdom\u2019<\/cite>, in <span class=\"book\">The Selected Works of Arne Naess<\/span>, ed. H. Glasser et al. (Dordrecht: Springer, 2005), vol. 10, 86\u20137.\n<\/p>\n<p>\n<q>Nous avons besoin de gens dans la finance et l\u2019administration<\/q> Stoknes, P. E., <cite><span class=\"book\">Tomorrow\u2019s Economy: A Guide to Creating Healthy Green Growth<\/span><\/cite> (Cambridge, MA: MIT Press, 2021).\n<\/p>\n<\/li>\n<li>\n<p>\n<q>trois-quarts de la population sont bel et bien profond\u00e9ment inquiets<\/q> Watts, J., <cite>\u2018Humans \u00ab pushing Earth close to tipping point \u00bb, say most in G20\u2019<\/cite>, <span class=\"book\">Guardian<\/span>, 16 ao\u00fbt 2021, <a href=\"https:\/\/www.theguardian.com\/environment\/2021\/aug\/16\/three-quarters-g20-earth-close-to-tipping-point-global-survey-climate-crisis\" target=\"_blank\" rel=\"noopener\">https:\/\/www.theguardian.com\/environment\/2021\/aug\/16\/three-quarters-g20-earth-close-to-tipping-point-global-survey-climate-crisis<\/a>. Voir aussi Leiserowitz, A., et al., <span class=\"book\">International Public Opinion on Climate Change<\/span>, Yale Program on Climate Change Communication, 28 juin 2021, <a href=\"https:\/\/climatecommunication.yale.edu\/publications\/international-public-opinion-on-climate-change\/\" target=\"_blank\" rel=\"noopener\">https:\/\/climatecommunication.yale.edu\/publications\/international-public-opinion-on-climate-change\/<\/a>.\n<\/p>\n<p>\n<q>\u00ab En interagissant avec la mis\u00e8re extr\u00eame \u00bb<\/q> Naess, A., <cite><span class=\"book\">\u2018A Place of Joy in a World of Fact\u2019<\/span><\/cite> (1973), from <span class=\"book\">There Is No Point of No Return<\/span> (Londres: Penguin, 2021), 57.<\/a>.\n<\/p>\n<p>\n<q>il existe de bonnes raisons, aussi, de ressentir une joie profonde, de l\u2019enthousiasme et de la gratitude<\/q> En r\u00e8gle g\u00e9n\u00e9rale, pour bien communiquer sur le climat, il faut partager trois actions ou perspectives innovantes pour chaque menace ou risque. Ce soi-disant \u00ab ratio de positivit\u00e9 \u00bb suscite un meilleur engagement et une plus grande cr\u00e9ativit\u00e9. Cela permet \u00e0 l\u2019\u00e9nergie mentale ligot\u00e9e par la crainte et l\u2019inqui\u00e9tude de trouver une issue saine, d\u2019offrir aux gens des perspectives et des actions qui leur permettent de bouger.\n<\/p>\n<\/li>\n<\/ol>\n<\/div>\n","protected":false},"excerpt":{"rendered":"<p>Per Espen Stoknes Toutes les sources num\u00e9riques ont \u00e9t\u00e9 consult\u00e9es le 1er mars 2022 \u00ab C\u2019est catastrophique \u00bb Rich, N., \u2018Losing Earth: the decade we almost stopped climate change\u2019, New York Times Magazine, 1er ao\u00fbt 2018, . les \u00ab cinq D \u00bb de la d\u00e9fense psychologique Stoknes, P. E., \u2018How to transform apocalypse fatigue into&hellip;<\/p>\n","protected":false},"author":5,"featured_media":0,"parent":787,"menu_order":4,"comment_status":"closed","ping_status":"closed","template":"page-essay.php","meta":{"footnotes":""},"class_list":["post-793","page","type-page","status-publish","hentry"],"_links":{"self":[{"href":"https:\/\/theclimatebook.org\/fr\/wp-json\/wp\/v2\/pages\/793","targetHints":{"allow":["GET"]}}],"collection":[{"href":"https:\/\/theclimatebook.org\/fr\/wp-json\/wp\/v2\/pages"}],"about":[{"href":"https:\/\/theclimatebook.org\/fr\/wp-json\/wp\/v2\/types\/page"}],"author":[{"embeddable":true,"href":"https:\/\/theclimatebook.org\/fr\/wp-json\/wp\/v2\/users\/5"}],"replies":[{"embeddable":true,"href":"https:\/\/theclimatebook.org\/fr\/wp-json\/wp\/v2\/comments?post=793"}],"version-history":[{"count":0,"href":"https:\/\/theclimatebook.org\/fr\/wp-json\/wp\/v2\/pages\/793\/revisions"}],"up":[{"embeddable":true,"href":"https:\/\/theclimatebook.org\/fr\/wp-json\/wp\/v2\/pages\/787"}],"wp:attachment":[{"href":"https:\/\/theclimatebook.org\/fr\/wp-json\/wp\/v2\/media?parent=793"}],"curies":[{"name":"wp","href":"https:\/\/api.w.org\/{rel}","templated":true}]}}