{"id":788,"date":"2022-09-16T08:34:23","date_gmt":"2022-09-16T08:34:23","guid":{"rendered":"https:\/\/theclimatebook.org\/notes-de-fin\/ce-quil-faut-faire-maintenant\/5-1-le-moyen-le-plus-efficace-de-nous-en-sortir-nous-eduquer\/"},"modified":"2022-09-16T08:34:23","modified_gmt":"2022-09-16T08:34:23","slug":"5-1-le-moyen-le-plus-efficace-de-nous-en-sortir-nous-eduquer","status":"publish","type":"page","link":"https:\/\/theclimatebook.org\/fr\/notes-de-fin\/ce-quil-faut-faire-maintenant\/5-1-le-moyen-le-plus-efficace-de-nous-en-sortir-nous-eduquer\/","title":{"rendered":"5.1 Le moyen le plus efficace de nous en sortir : nous \u00e9duquer"},"content":{"rendered":"<div class=\"notes\">\n<p class=\"author\"><a href=\"\/contributors#greta-thunberg\" rel=\"author\">Greta Thunberg<\/a><\/p>\n<p class=\"date\">Toutes les sources num\u00e9riques ont \u00e9t\u00e9 consult\u00e9es le <time datetime=\"2022-02-11\">11 f\u00e9vrier 2022<\/time><\/p>\n<ol start=\"324\">\n<li>\n<p>\n<q>\u00ab limiter le r\u00e9chauffement climatique \u00e0 1,5\u00b0C imposera \u00bb <\/q> Groupe d\u2019experts intergouvernemental sur l\u2019\u00e9volution du climat, <cite>\u2018R\u00e9sum\u00e9 \u00e0 l\u2019intention des d\u00e9cideurs\u2019<\/cite>, in <span class=\"book\">Global Warming of 1.5\u00b0C: An IPCC Special Report on the Impacts of Global Warming of 1.5\u00b0C above Pre-industrial Levels and Related Global Greenhouse Gas Emission Pathways, in the Context of Strengthening the Global Response to the Threat of Climate Change, Sustainable Development, and Efforts to Eradicate Poverty<\/span>, ed. V. Masson-Delmotte et al. (Cambridge: Cambridge University Press, 2018), <a href=\"https:\/\/www.ipcc.ch\/sr15\/chapter\/spm\/\" rel=\"noopener\" target=\"_blank\">https:\/\/www.ipcc.ch\/sr15\/chapter\/spm\/<\/a>.\n<\/p>\n<\/li>\n<\/ol>\n<ol start=\"326\">\n<li>\n<p>\n<q>une centaine d\u2019entreprises sont responsables de 70 % des \u00e9missions de CO<sub>2<\/sub> mondiales<\/q> Griffin, Paul, <cite><span class=\"book\">The Carbon Majors Database: CDP Carbon Majors Report 2017<\/span><\/cite>, CDP and Climate Accountability Institute, juin 2017, <a href=\"https:\/\/climateaccountability.org\/pdf\/CarbonMajorsRpt2017%20Jul17.pdf\" target=\"_blank\" rel=\"noopener\">https:\/\/climateaccountability.org\/pdf\/CarbonMajorsRpt2017%20Jul17.pdf<\/a>.\n<\/p>\n<\/li>\n<li>\n<p>\n<q>\u00ab Une victoire lente revient \u00e0 une d\u00e9faite \u00bb<\/q> Steffen, A., <cite>\u2018Winning slowly is the same thing as losing\u2019<\/cite>, Twitter, 12 septembre 2017, <a href=\"https:\/\/twitter.com\/alexsteffen\/status\/907460481769725955?lang=en\" target=\"_blank\" rel=\"noopener\">https:\/\/twitter.com\/alexsteffen\/status\/907460481769725955?lang=en<\/a>.\n<\/p>\n<\/li>\n<\/ol>\n<\/div>\n","protected":false},"excerpt":{"rendered":"<p>Greta Thunberg Toutes les sources num\u00e9riques ont \u00e9t\u00e9 consult\u00e9es le 11 f\u00e9vrier 2022 \u00ab limiter le r\u00e9chauffement climatique \u00e0 1,5\u00b0C imposera \u00bb Groupe d\u2019experts intergouvernemental sur l\u2019\u00e9volution du climat, \u2018R\u00e9sum\u00e9 \u00e0 l\u2019intention des d\u00e9cideurs\u2019, in Global Warming of 1.5\u00b0C: An IPCC Special Report on the Impacts of Global Warming of 1.5\u00b0C above Pre-industrial Levels and&hellip;<\/p>\n","protected":false},"author":5,"featured_media":0,"parent":787,"menu_order":1,"comment_status":"closed","ping_status":"closed","template":"page-essay.php","meta":{"footnotes":""},"class_list":["post-788","page","type-page","status-publish","hentry"],"_links":{"self":[{"href":"https:\/\/theclimatebook.org\/fr\/wp-json\/wp\/v2\/pages\/788","targetHints":{"allow":["GET"]}}],"collection":[{"href":"https:\/\/theclimatebook.org\/fr\/wp-json\/wp\/v2\/pages"}],"about":[{"href":"https:\/\/theclimatebook.org\/fr\/wp-json\/wp\/v2\/types\/page"}],"author":[{"embeddable":true,"href":"https:\/\/theclimatebook.org\/fr\/wp-json\/wp\/v2\/users\/5"}],"replies":[{"embeddable":true,"href":"https:\/\/theclimatebook.org\/fr\/wp-json\/wp\/v2\/comments?post=788"}],"version-history":[{"count":0,"href":"https:\/\/theclimatebook.org\/fr\/wp-json\/wp\/v2\/pages\/788\/revisions"}],"up":[{"embeddable":true,"href":"https:\/\/theclimatebook.org\/fr\/wp-json\/wp\/v2\/pages\/787"}],"wp:attachment":[{"href":"https:\/\/theclimatebook.org\/fr\/wp-json\/wp\/v2\/media?parent=788"}],"curies":[{"name":"wp","href":"https:\/\/api.w.org\/{rel}","templated":true}]}}