{"id":786,"date":"2022-09-16T08:28:50","date_gmt":"2022-09-16T08:28:50","guid":{"rendered":"https:\/\/theclimatebook.org\/notes-de-fin\/quavons-nous-fait-jusquici\/4-27-deux-visions-du-monde\/"},"modified":"2022-09-16T08:28:50","modified_gmt":"2022-09-16T08:28:50","slug":"4-27-deux-visions-du-monde","status":"publish","type":"page","link":"https:\/\/theclimatebook.org\/fr\/notes-de-fin\/quavons-nous-fait-jusquici\/4-27-deux-visions-du-monde\/","title":{"rendered":"4.27 Deux visions du monde"},"content":{"rendered":"<div class=\"notes\">\n<p class=\"author\"><a href=\"\/contributors#amitav-ghosh\" rel=\"author\">Amitav Ghosh<\/a><\/p>\n<p class=\"date\">Toutes les sources num\u00e9riques ont \u00e9t\u00e9 consult\u00e9es le <time datetime=\"2022-03-04\">4 mars 2022<\/time><\/p>\n<ol start=\"316\">\n<li>\n<p>\n<q>\u00ab C\u2019est notre volonte\u0301 de puissance \u00bb<\/q> Chua, M. H., <cite>\u2018The Will to Seize the Future\u2019<\/cite>, <span class=\"book\">Straits Times<\/span>, 9 ao\u00fbt 2015, <a href=\"https:\/\/www.straitstimes.com\/singapore\/sg2065-the-will-to-seize-the-future\" rel=\"noopener\" target=\"_blank\">https:\/\/www.straitstimes.com\/singapore\/sg2065-the-will-to-seize-the-future<\/a>, cit\u00e9 dans Schneider-Mayerson, M., <cite>\u2018Some islands will rise: Singapore in the Anthropocene\u2019<\/cite>, <span class=\"book\">Resilience<\/span>, 4, (2\u20133): 169, <a href=\"https:\/\/doi.org\/10.5250\/RESILIENCE.4.2-3.0166\" target=\"_blank\" rel=\"noopener\">https:\/\/doi.org\/10.5250\/RESILIENCE.4.2-3.0166<\/a>.\n<\/p>\n<p>\n<q>sans doute pour cette raison que les pays riches n\u2019ont pu abonder que de 10 milliards<\/q> Secr\u00e9tariat de la Conf\u00e9rence des Nations unies sur les changements climatiques, <cite>\u2018Adaptation Fund\u2019<\/cite>, <a href=\"https:\/\/www.greenclimate.fund\/projects\/dashboard\" target=\"_blank\" rel=\"noopener\">https:\/\/www.greenclimate.fund\/projects\/dashboard<\/a>.\n<\/p>\n<\/li>\n<\/ol>\n<\/div>\n","protected":false},"excerpt":{"rendered":"<p>Amitav Ghosh Toutes les sources num\u00e9riques ont \u00e9t\u00e9 consult\u00e9es le 4 mars 2022 \u00ab C\u2019est notre volonte\u0301 de puissance \u00bb Chua, M. H., \u2018The Will to Seize the Future\u2019, Straits Times, 9 ao\u00fbt 2015, https:\/\/www.straitstimes.com\/singapore\/sg2065-the-will-to-seize-the-future, cit\u00e9 dans Schneider-Mayerson, M., \u2018Some islands will rise: Singapore in the Anthropocene\u2019, Resilience, 4, (2\u20133): 169, https:\/\/doi.org\/10.5250\/RESILIENCE.4.2-3.0166. sans doute pour&hellip;<\/p>\n","protected":false},"author":5,"featured_media":0,"parent":759,"menu_order":27,"comment_status":"closed","ping_status":"closed","template":"page-essay.php","meta":{"footnotes":""},"class_list":["post-786","page","type-page","status-publish","hentry"],"_links":{"self":[{"href":"https:\/\/theclimatebook.org\/fr\/wp-json\/wp\/v2\/pages\/786","targetHints":{"allow":["GET"]}}],"collection":[{"href":"https:\/\/theclimatebook.org\/fr\/wp-json\/wp\/v2\/pages"}],"about":[{"href":"https:\/\/theclimatebook.org\/fr\/wp-json\/wp\/v2\/types\/page"}],"author":[{"embeddable":true,"href":"https:\/\/theclimatebook.org\/fr\/wp-json\/wp\/v2\/users\/5"}],"replies":[{"embeddable":true,"href":"https:\/\/theclimatebook.org\/fr\/wp-json\/wp\/v2\/comments?post=786"}],"version-history":[{"count":0,"href":"https:\/\/theclimatebook.org\/fr\/wp-json\/wp\/v2\/pages\/786\/revisions"}],"up":[{"embeddable":true,"href":"https:\/\/theclimatebook.org\/fr\/wp-json\/wp\/v2\/pages\/759"}],"wp:attachment":[{"href":"https:\/\/theclimatebook.org\/fr\/wp-json\/wp\/v2\/media?parent=786"}],"curies":[{"name":"wp","href":"https:\/\/api.w.org\/{rel}","templated":true}]}}