{"id":785,"date":"2022-09-16T08:24:51","date_gmt":"2022-09-16T08:24:51","guid":{"rendered":"https:\/\/theclimatebook.org\/notes-de-fin\/quavons-nous-fait-jusquici\/4-26-decroissance\/"},"modified":"2022-09-16T08:24:51","modified_gmt":"2022-09-16T08:24:51","slug":"4-26-decroissance","status":"publish","type":"page","link":"https:\/\/theclimatebook.org\/fr\/notes-de-fin\/quavons-nous-fait-jusquici\/4-26-decroissance\/","title":{"rendered":"4.26 De\u0301croissance"},"content":{"rendered":"<div class=\"notes\">\n<p class=\"author\"><a href=\"\/contributors#jason-hickel\" rel=\"author\">Jason Hickel<\/a><\/p>\n<p class=\"date\">Toutes les sources num\u00e9riques ont \u00e9t\u00e9 consult\u00e9es le <time datetime=\"2022-02-28\">28 f\u00e9vrier 2022<\/time><\/p>\n<ol start=\"310\">\n<li>\n<p>\n<q>Le PIB est e\u0301troitement lie\u0301 a\u0300 la consommation d\u2019e\u0301nergie et des ressources<\/q> Wiedmann, T. O., et al., <cite>\u2018The material footprint of nations\u2019<\/cite>, <span class=\"book\">Proceedings of the National Academy of Sciences<\/span>, 112 (20), 2015: 6271\u20136, https:\/\/doi.org\/10.1073\/pnas.1220362110; Steinmann, Z. J. N., et al., <cite>\u2018Resource footprints are good proxies of environmental damage\u2019<\/cite>, <span class=\"book\">Environmental Science and Technology<\/span>, 51 (11), 2017: 6360\u201366, <a href=\"https:\/\/doi.org\/10.1021\/acs.est.7b00698\" target=\"_blank\" rel=\"noopener\">https:\/\/doi.org\/10.1021\/acs.est.7b00698<\/a>.\n<\/p>\n<p>\n<q>notre consommation de ressources [\u2026] double de ce qui est viable<\/q> Bringezu, S., <cite>\u2018Possible target corridor for sustainable use of global material resources\u2019<\/cite>, <span class=\"book\">Resources<\/span>, 4 (1), 2015: 25\u201354, <a href=\"https:\/\/doi.org\/10.3390\/resources4010025\" target=\"_blank\" rel=\"noopener\">https:\/\/doi.org\/10.3390\/resources4010025<\/a>.\n<\/p>\n<p>\n<q>les pays des Nords sont responsables de 92 % de toutes les \u00e9missions<\/q> Hickel, J., <cite>\u2018Quantifying national responsibility for climate breakdown: an equality-based attribution approach for carbon dioxide emissions in excess of the planetary boundary\u2019<\/cite>, <span class=\"book\">Lancet Planetary Health<\/span>, 4 (9), 2020: e399\u2013e404, <a href=\"https:\/\/doi.org\/10.1016\/S2542-5196(20)30196-0\" target=\"_blank\" rel=\"noopener\">https:\/\/doi.org\/10.1016\/S2542-5196(20)30196-0<\/a>.\n<\/p>\n<p>\n<q>les pays riches de\u0301pendent d\u2019une immense appropriation <em>nette<\/em><\/q> Hickel, J., et al., <cite>\u2018Imperialist appropriation in the world economy: drain from the Global South through unequal exchange, 1990\u20132015\u2019<\/cite>, <span class=\"book\">Global Environmental Change<\/span>, 73, 2022: Article 102467, <a href=\"https:\/\/doi.org\/10.1016\/j.gloenvcha.2022.102467\" target=\"_blank\" rel=\"noopener\">https:\/\/doi.org\/10.1016\/j.gloenvcha.2022.102467<\/a>.\n<\/p>\n<\/li>\n<li>\n<p>\n<q>rien ne montre que la croissance peut e\u0302tre comple\u0300tement dissocie\u0301e<\/q> Hickel, J., and Kallis, G., <cite>\u2018Is green growth possible?\u2019<\/cite>, <span class=\"book\">New Political Economy<\/span>, 25 (4), 2020: 469\u201386, <a href=\"https:\/\/doi.org\/10.1080\/13563467.2019.1598964\" target=\"_blank\" rel=\"noopener\">https:\/\/doi.org\/10.1080\/13563467.2019.1598964<\/a>; Vad\u00e9n, T., et al., <cite>\u2018Decoupling for ecological sustainability: a categorisation and review of research literature\u2019<\/cite>, <span class=\"book\">Environmental Science and Policy<\/span>, 112, 2020: 236\u201344, <a href=\"https:\/\/doi.org\/10.1016\/j.envsci.2020.06.016\" target=\"_blank\" rel=\"noopener\">https:\/\/doi.org\/10.1016\/j.envsci.2020.06.016<\/a>; Haberl, H., et al., <cite>\u2018A systematic review of the evidence on decoupling of GDP, resource use and GHG emissions, part II: synthesizing the insights\u2019<\/cite>, <span class=\"book\">Environmental Research Letters<\/span>, 15 (6), 2020: Article 065003, <a href=\"https:\/\/doi.org\/10.1088\/1748-9326\/ab842a\" target=\"_blank\" rel=\"noopener\">https:\/\/doi.org\/10.1088\/1748-9326\/ab842a<\/a>.\n<\/p>\n<p>\n<q>Ces conclusions ont e\u0301te\u0301 confirme\u0301es a\u0300 plusieurs reprises par les scientifiques<\/q> Haberl et al., <cite>\u2018A systematic review of the evidence\u2019<\/cite>; Vad\u00e9n et al., <cite>\u2018Decoupling for ecological sustainability\u2019<\/cite>.\n<\/p>\n<p>\n<q>\u00ab il est trompeur de mettre en \u0153uvre une politique de croissance \u00bb<\/q> Ward, J. D., et al., <cite>\u2018Is decoupling GDP growth from environmental impact possible?\u2019<\/cite>, <span class=\"book\">PLOS One<\/span>, 11 (10), 2016: Article e0164733, <a href=\"https:\/\/doi.org\/10.1371\/journal.pone.0164733\" target=\"_blank\" rel=\"noopener\">https:\/\/doi.org\/10.1371\/journal.pone.0164733<\/a>.\n<\/p>\n<p>\n<q>la croissance sous-entend une augmentation de la demande e\u0301nerge\u0301tique<\/q> Hickel, J., et al., <cite>\u2018Urgent need for post-growth climate mitigation scenarios\u2019<\/cite>, <span class=\"book\">Nature Energy<\/span>, 6 (8), 2021: 766\u20138, <a href=\"https:\/\/doi.org\/10.1038\/s41560-021-00884-9\" target=\"_blank\" rel=\"noopener\">https:\/\/doi.org\/10.1038\/s41560-021-00884-9<\/a>.\n<\/p>\n<p>\n<q>il est possible de subvenir a\u0300 des besoins humains [\u2026] beaucoup moins d\u2019e\u0301nergie<\/q> Millward-Hopkins, J., et al., <cite>\u2018Providing decent living with minimum energy: a global scenario\u2019<\/cite>, <span class=\"book\">Global Environmental Change<\/span>, 65, 2020: Article 102168, <a href=\"https:\/\/doi.org\/10.1016\/j.gloenvcha.2020.102168\" target=\"_blank\" rel=\"noopener\">https:\/\/doi.org\/10.1016\/j.gloenvcha.2020.102168<\/a>; Jackson, T., <span class=\"book\">Prosperity without Growth: Foundations for the Economy of Tomorrow<\/span> (Abingdon: Routledge, 2017).\n<\/p>\n<\/li>\n<li>\n<p>\n<q>la de\u0301croissance. Ce concept appelle a\u0300 une baisse programme\u0301e<\/q> Hickel, J., <cite><span class=\"book\">Less Is More: How Degrowth Will Save the World<\/span><\/cite>(London: William Heinemann, 2020).\n<\/p>\n<\/li>\n<\/ol>\n<\/div>\n","protected":false},"excerpt":{"rendered":"<p>Jason Hickel Toutes les sources num\u00e9riques ont \u00e9t\u00e9 consult\u00e9es le 28 f\u00e9vrier 2022 Le PIB est e\u0301troitement lie\u0301 a\u0300 la consommation d\u2019e\u0301nergie et des ressources Wiedmann, T. O., et al., \u2018The material footprint of nations\u2019, Proceedings of the National Academy of Sciences, 112 (20), 2015: 6271\u20136, https:\/\/doi.org\/10.1073\/pnas.1220362110; Steinmann, Z. J. N., et al., \u2018Resource footprints&hellip;<\/p>\n","protected":false},"author":5,"featured_media":0,"parent":759,"menu_order":26,"comment_status":"closed","ping_status":"closed","template":"page-essay.php","meta":{"footnotes":""},"class_list":["post-785","page","type-page","status-publish","hentry"],"_links":{"self":[{"href":"https:\/\/theclimatebook.org\/fr\/wp-json\/wp\/v2\/pages\/785","targetHints":{"allow":["GET"]}}],"collection":[{"href":"https:\/\/theclimatebook.org\/fr\/wp-json\/wp\/v2\/pages"}],"about":[{"href":"https:\/\/theclimatebook.org\/fr\/wp-json\/wp\/v2\/types\/page"}],"author":[{"embeddable":true,"href":"https:\/\/theclimatebook.org\/fr\/wp-json\/wp\/v2\/users\/5"}],"replies":[{"embeddable":true,"href":"https:\/\/theclimatebook.org\/fr\/wp-json\/wp\/v2\/comments?post=785"}],"version-history":[{"count":0,"href":"https:\/\/theclimatebook.org\/fr\/wp-json\/wp\/v2\/pages\/785\/revisions"}],"up":[{"embeddable":true,"href":"https:\/\/theclimatebook.org\/fr\/wp-json\/wp\/v2\/pages\/759"}],"wp:attachment":[{"href":"https:\/\/theclimatebook.org\/fr\/wp-json\/wp\/v2\/media?parent=785"}],"curies":[{"name":"wp","href":"https:\/\/api.w.org\/{rel}","templated":true}]}}