{"id":784,"date":"2022-09-16T08:07:54","date_gmt":"2022-09-16T08:07:54","guid":{"rendered":"https:\/\/theclimatebook.org\/notes-de-fin\/quavons-nous-fait-jusquici\/4-25-justice\/"},"modified":"2022-09-16T08:07:54","modified_gmt":"2022-09-16T08:07:54","slug":"4-25-justice","status":"publish","type":"page","link":"https:\/\/theclimatebook.org\/fr\/notes-de-fin\/quavons-nous-fait-jusquici\/4-25-justice\/","title":{"rendered":"4.25 Justice"},"content":{"rendered":"<div class=\"notes\">\n<p class=\"author\"><a href=\"\/contributors#sunita-narain\" rel=\"author\">Sunita Narain<\/a><\/p>\n<p class=\"date\">La source num\u00e9rique a \u00e9t\u00e9 consult\u00e9e le <time datetime=\"2022-02-28\">28 f\u00e9vrier 2022<\/time><\/p>\n<ol start=\"309\">\n<li>\n<p>\n<q>elles en utiliseront toujours jusqu\u2019a\u0300 70 % en 2030<\/q> Narain, S., and Goswami, A., <cite><span class=\"book\">The Numbers behind Climate Change: The Imperative of Equity for Urgent and Bold Action on Combatting Catastrophic Climate Change<\/span><\/cite>, Centre for Science and Environment, 27 octobre 2021, <a href=\"https:\/\/www.cseindia.org\/the-numbers-behind-climate-change-11033\" target=\"_blank\" rel=\"noopener\">https:\/\/www.cseindia.org\/the-numbers-behind-climate-change-11033<\/a>.\n<\/p>\n<\/li>\n<\/ol>\n<\/div>\n","protected":false},"excerpt":{"rendered":"<p>Sunita Narain La source num\u00e9rique a \u00e9t\u00e9 consult\u00e9e le 28 f\u00e9vrier 2022 elles en utiliseront toujours jusqu\u2019a\u0300 70 % en 2030 Narain, S., and Goswami, A., The Numbers behind Climate Change: The Imperative of Equity for Urgent and Bold Action on Combatting Catastrophic Climate Change, Centre for Science and Environment, 27 octobre 2021, https:\/\/www.cseindia.org\/the-numbers-behind-climate-change-11033.<\/p>\n","protected":false},"author":5,"featured_media":0,"parent":759,"menu_order":25,"comment_status":"closed","ping_status":"closed","template":"page-essay.php","meta":{"footnotes":""},"class_list":["post-784","page","type-page","status-publish","hentry"],"_links":{"self":[{"href":"https:\/\/theclimatebook.org\/fr\/wp-json\/wp\/v2\/pages\/784","targetHints":{"allow":["GET"]}}],"collection":[{"href":"https:\/\/theclimatebook.org\/fr\/wp-json\/wp\/v2\/pages"}],"about":[{"href":"https:\/\/theclimatebook.org\/fr\/wp-json\/wp\/v2\/types\/page"}],"author":[{"embeddable":true,"href":"https:\/\/theclimatebook.org\/fr\/wp-json\/wp\/v2\/users\/5"}],"replies":[{"embeddable":true,"href":"https:\/\/theclimatebook.org\/fr\/wp-json\/wp\/v2\/comments?post=784"}],"version-history":[{"count":0,"href":"https:\/\/theclimatebook.org\/fr\/wp-json\/wp\/v2\/pages\/784\/revisions"}],"up":[{"embeddable":true,"href":"https:\/\/theclimatebook.org\/fr\/wp-json\/wp\/v2\/pages\/759"}],"wp:attachment":[{"href":"https:\/\/theclimatebook.org\/fr\/wp-json\/wp\/v2\/media?parent=784"}],"curies":[{"name":"wp","href":"https:\/\/api.w.org\/{rel}","templated":true}]}}