{"id":783,"date":"2022-09-16T08:02:11","date_gmt":"2022-09-16T08:02:11","guid":{"rendered":"https:\/\/theclimatebook.org\/notes-de-fin\/quavons-nous-fait-jusquici\/4-24-emissions-et-croissance\/"},"modified":"2022-09-16T08:02:11","modified_gmt":"2022-09-16T08:02:11","slug":"4-24-emissions-et-croissance","status":"publish","type":"page","link":"https:\/\/theclimatebook.org\/fr\/notes-de-fin\/quavons-nous-fait-jusquici\/4-24-emissions-et-croissance\/","title":{"rendered":"4.24 E\u0301missions et croissance"},"content":{"rendered":"<div class=\"notes\">\n<p class=\"author\"><a href=\"\/contributors#nicholas-stern\" rel=\"author\">Nicholas Stern<\/a><\/p>\n<p class=\"date\">Toutes les sources num\u00e9riques ont \u00e9t\u00e9 consult\u00e9es le <time datetime=\"2022-05-12\">12 mai 2022<\/time><\/p>\n<ol start=\"306\">\n<li>\n<p>\n<q>54 % plus e\u0301leve\u0301es en 2019 qu\u2019en 1990<\/q> Olivier, J. G. J., and Peters, J. A. H. W., <cite><span class=\"book\">Trends in Global CO2 and Total Greenhouse Gas Emissions: 2020 Report<\/span><\/cite>, PBL Netherlands Environmental Assessment Agency, d\u00e9cembre 2020, <a href=\"https:\/\/www.pbl.nl\/en\/publications\/trends-in-global-co2-and-total-greenhouse-gas-emissions-2020-report\" target=\"_blank\" rel=\"noopener\">https:\/\/www.pbl.nl\/en\/publications\/trends-in-global-co2-and-total-greenhouse-gas-emissions-2020-report<\/a>.\n<\/p>\n<p>\n<q>L\u2019e\u0301conomie mondiale a enregistre\u0301 une croissance d\u2019environ 120 %<\/q> Banque mondiale, <cite>\u2018GDP (current US$)\u2019<\/cite>, <a href=\"https:\/\/data.worldbank.org\/indicator\/NY.GDP.MKTP.CD\" target=\"_blank\" rel=\"noopener\">https:\/\/data.worldbank.org\/indicator\/NY.GDP.MKTP.CD<\/a>.\n<\/p>\n<p>\n<q>80 % de l\u2019e\u0301nergie mondiale en 2019 venait des e\u0301nergies fossiles<\/q> Agence internationale de l\u2019\u00e9nergie, <cite><span class=\"book\">World Energy Outlook 2021<\/span><\/cite>, octobre 2021, <a href=\"https:\/\/www.iea.org\/reports\/world-energy-outlook-2021\" target=\"_blank\" rel=\"noopener\">https:\/\/www.iea.org\/reports\/world-energy-outlook-2021<\/a>.\n<\/p>\n<p>\n<q>les e\u0301missions annuelles produites par le Royaume-Uni ont chute\u0301 de 44 %<\/q> Minist\u00e8re britannique du Commerce, de l\u2019\u00c9nergie et de l\u2019Industrie, <cite>\u2018Final UK greenhouse gas emissions national statistics: 1990 to 2020\u2019<\/cite>, 1<sup>er<\/sup> f\u00e9vrier  2022, <a href=\"https:\/\/www.gov.uk\/government\/statistics\/final-uk-greenhouse-gas-emissions-national-statistics-1990-to-2020\" target=\"_blank\" rel=\"noopener\">https:\/\/www.gov.uk\/government\/statistics\/final-uk-greenhouse-gas-emissions-national-statistics-1990-to-2020<\/a>.\n<\/p>\n<p>\n<q>son e\u0301conomie a enregistre\u0301 une croissance de 78 %<\/q> Office britannique de la statistique, <cite>\u2018Gross domestic product: chained volume measures: seasonally adjusted \u00a3m\u2019<\/cite>, 12 mai 2022, <a href=\"https:\/\/www.ons.gov.uk\/economy\/grossdomesticproductgdp\/timeseries\/abmi\/pn2\" target=\"_blank\" rel=\"noopener\">https:\/\/www.ons.gov.uk\/economy\/grossdomesticproductgdp\/timeseries\/abmi\/pn2<\/a>.\n<\/p>\n<p>\n<q>la baisse serait bien plus modeste (environ 15 %)<\/q> Climate Change Committee, <cite><span class=\"book\">Progress in Reducing Emissions: 2021 Report to Parliament<\/span><\/cite>, juin 2021, <a href=\"https:\/\/www.theccc.org.uk\/wp-content\/uploads\/2021\/06\/Progress-in-reducing-emissions-2021-Report-to-Parliament.pdf\" target=\"_blank\" rel=\"noopener\">https:\/\/www.theccc.org.uk\/wp-content\/uploads\/2021\/06\/Progress-in-reducing-emissions-2021-Report-to-Parliament.pdf<\/a>.\n<\/p>\n<\/li>\n<\/ol>\n<\/div>\n","protected":false},"excerpt":{"rendered":"<p>Nicholas Stern Toutes les sources num\u00e9riques ont \u00e9t\u00e9 consult\u00e9es le 12 mai 2022 54 % plus e\u0301leve\u0301es en 2019 qu\u2019en 1990 Olivier, J. G. J., and Peters, J. A. H. W., Trends in Global CO2 and Total Greenhouse Gas Emissions: 2020 Report, PBL Netherlands Environmental Assessment Agency, d\u00e9cembre 2020, https:\/\/www.pbl.nl\/en\/publications\/trends-in-global-co2-and-total-greenhouse-gas-emissions-2020-report. L\u2019e\u0301conomie mondiale a enregistre\u0301 une&hellip;<\/p>\n","protected":false},"author":5,"featured_media":0,"parent":759,"menu_order":24,"comment_status":"closed","ping_status":"closed","template":"page-essay.php","meta":{"footnotes":""},"class_list":["post-783","page","type-page","status-publish","hentry"],"_links":{"self":[{"href":"https:\/\/theclimatebook.org\/fr\/wp-json\/wp\/v2\/pages\/783","targetHints":{"allow":["GET"]}}],"collection":[{"href":"https:\/\/theclimatebook.org\/fr\/wp-json\/wp\/v2\/pages"}],"about":[{"href":"https:\/\/theclimatebook.org\/fr\/wp-json\/wp\/v2\/types\/page"}],"author":[{"embeddable":true,"href":"https:\/\/theclimatebook.org\/fr\/wp-json\/wp\/v2\/users\/5"}],"replies":[{"embeddable":true,"href":"https:\/\/theclimatebook.org\/fr\/wp-json\/wp\/v2\/comments?post=783"}],"version-history":[{"count":0,"href":"https:\/\/theclimatebook.org\/fr\/wp-json\/wp\/v2\/pages\/783\/revisions"}],"up":[{"embeddable":true,"href":"https:\/\/theclimatebook.org\/fr\/wp-json\/wp\/v2\/pages\/759"}],"wp:attachment":[{"href":"https:\/\/theclimatebook.org\/fr\/wp-json\/wp\/v2\/media?parent=783"}],"curies":[{"name":"wp","href":"https:\/\/api.w.org\/{rel}","templated":true}]}}