{"id":782,"date":"2022-09-16T07:51:12","date_gmt":"2022-09-16T07:51:12","guid":{"rendered":"https:\/\/theclimatebook.org\/notes-de-fin\/quavons-nous-fait-jusquici\/4-23-cest-ici-que-nous-placons-la-limite\/"},"modified":"2022-11-07T09:12:41","modified_gmt":"2022-11-07T09:12:41","slug":"4-23-cest-ici-que-nous-placons-la-limite","status":"publish","type":"page","link":"https:\/\/theclimatebook.org\/fr\/notes-de-fin\/quavons-nous-fait-jusquici\/4-23-cest-ici-que-nous-placons-la-limite\/","title":{"rendered":"4.23 C\u2019est ici que nous pla\u00e7ons la limite"},"content":{"rendered":"<div class=\"notes\">\n<p class=\"author\"><a href=\"\/contributors#greta-thunberg\" rel=\"author\">Greta Thunberg<\/a><\/p>\n<p class=\"date\">Toutes les sources num\u00e9riques ont \u00e9t\u00e9 consult\u00e9es le <time datetime=\"2022-02-24\">24 f\u00e9vrier 2022<\/time><\/p>\n<ol start=\"301\">\n<li>\n<p>\n<q>\u00c0 en croire le rapport de l\u2019ONU sur les besoins et les perspectives en mati\u00e8re d\u2019\u00e9missions<\/q> SEI, IISD, ODI, E3G, and UNEP. (2021). Rapport sur l\u2019\u00e9cart entre le niveau de production d\u2019\u00e9nergies fossiles pr\u00e9vu par les \u00e9tats et le niveau mondial de production compatible avec la limitation du r\u00e9chauffement \u00e0 1,5\u00baC ou 2\u00baC, <a href=\"http:\/\/productiongap.org\/2021report\" target=\"_blank\" rel=\"noopener\">http:\/\/productiongap.org\/2021report <\/a>.\n<\/p>\n<\/li>\n<li value=\"303\">\n<p>\n<q>gagner 16 %<\/q> <a href=\"https:\/\/unfccc.int\/sites\/default\/files\/resource\/cma2021_08E.pdf\" rel=\"noopener\" target=\"_blank\">https:\/\/unfccc.int\/sites\/default\/files\/resource\/cma2021_08E.pdf<\/a>.\n<\/p>\n<p>\n<q>notre trajectoire actuelle nous m\u00e8ne droit vers un monde d\u2019au moins 3,2\u00b0C plus chaud<\/q> Groupe d\u2019experts intergouvernemental sur l\u2019\u00e9volution du climat, <cite><span class=\"book\">Climate Change 2022: Mitigation of Climate Change. Working Group III Contribution to the Sixth Assessment Report of the Intergovernmental Panel on Climate Change<\/span><\/cite>, ed. P. R. Shukla, et al. (Cambridge: Cambridge University Press, \u00e0 venir), <a href=\"https:\/\/www.ipcc.ch\/report\/ar6\/wg3\/\" rel=\"noopener\" target=\"_blank\">https:\/\/www.ipcc.ch\/report\/ar6\/wg3\/<\/a>.\n<\/p>\n<p><q>des chiffres fallacieux et sous  d\u00e9clar\u00e9s<\/q><br \/>\n<a href=\"https:\/\/www.nytimes.com\/2021\/02\/02\/climate\/cities-greenhouse-gas-emissions.html\" rel=\"noopener\" target=\"_blank\">https:\/\/www.nytimes.com\/2021\/02\/02\/climate\/cities-greenhouse-gas-emissions.html<\/a><br \/>\n<a href=\"https:\/\/www.washingtonpost.com\/climate-environment\/interactive\/2021\/greenhouse-gas-emissions-pledges-data\/\" rel=\"noopener\" target=\"_blank\">https:\/\/www.washingtonpost.com\/climate-environment\/interactive\/2021\/greenhouse-gas-emissions-pledges-data\/<\/a>\n<\/p>\n<p>\n<q>Nous sommes \u00ab apparemment \u00e0 des ann\u00e9es-lumi\u00e8re \u00bb<\/q> Dennis, B., <cite>\u2018 What you need to know about the U.N. COP26 climate summit \u2013 and why it matters\u2019<\/cite>, <span class=\"book\">Washington Post<\/span>, 6 octobre 2021, <a href=\"https:\/\/www.washingtonpost.com\/climate-environment\/2021\/10\/06\/cop26-glasgow-un-climate-talks\/\" target=\"_blank\" rel=\"noopener\">https:\/\/www.washingtonpost.com\/climate-environment\/2021\/10\/06\/cop26-glasgow-un-climate-talks\/<\/a>.\n<\/p>\n<\/li>\n<\/ol>\n<\/div>\n","protected":false},"excerpt":{"rendered":"<p>Greta Thunberg Toutes les sources num\u00e9riques ont \u00e9t\u00e9 consult\u00e9es le 24 f\u00e9vrier 2022 \u00c0 en croire le rapport de l\u2019ONU sur les besoins et les perspectives en mati\u00e8re d\u2019\u00e9missions SEI, IISD, ODI, E3G, and UNEP. (2021). Rapport sur l\u2019\u00e9cart entre le niveau de production d\u2019\u00e9nergies fossiles pr\u00e9vu par les \u00e9tats et le niveau mondial de&hellip;<\/p>\n","protected":false},"author":5,"featured_media":0,"parent":759,"menu_order":23,"comment_status":"closed","ping_status":"closed","template":"page-essay.php","meta":{"footnotes":""},"class_list":["post-782","page","type-page","status-publish","hentry"],"_links":{"self":[{"href":"https:\/\/theclimatebook.org\/fr\/wp-json\/wp\/v2\/pages\/782","targetHints":{"allow":["GET"]}}],"collection":[{"href":"https:\/\/theclimatebook.org\/fr\/wp-json\/wp\/v2\/pages"}],"about":[{"href":"https:\/\/theclimatebook.org\/fr\/wp-json\/wp\/v2\/types\/page"}],"author":[{"embeddable":true,"href":"https:\/\/theclimatebook.org\/fr\/wp-json\/wp\/v2\/users\/5"}],"replies":[{"embeddable":true,"href":"https:\/\/theclimatebook.org\/fr\/wp-json\/wp\/v2\/comments?post=782"}],"version-history":[{"count":0,"href":"https:\/\/theclimatebook.org\/fr\/wp-json\/wp\/v2\/pages\/782\/revisions"}],"up":[{"embeddable":true,"href":"https:\/\/theclimatebook.org\/fr\/wp-json\/wp\/v2\/pages\/759"}],"wp:attachment":[{"href":"https:\/\/theclimatebook.org\/fr\/wp-json\/wp\/v2\/media?parent=782"}],"curies":[{"name":"wp","href":"https:\/\/api.w.org\/{rel}","templated":true}]}}