{"id":780,"date":"2022-09-15T21:56:01","date_gmt":"2022-09-15T21:56:01","guid":{"rendered":"https:\/\/theclimatebook.org\/notes-de-fin\/quavons-nous-fait-jusquici\/4-21-etat-des-lieux-mondial-des-dechets\/"},"modified":"2022-09-15T21:56:01","modified_gmt":"2022-09-15T21:56:01","slug":"4-21-etat-des-lieux-mondial-des-dechets","status":"publish","type":"page","link":"https:\/\/theclimatebook.org\/fr\/notes-de-fin\/quavons-nous-fait-jusquici\/4-21-etat-des-lieux-mondial-des-dechets\/","title":{"rendered":"4.21 E\u0301tat des lieux mondial des de\u0301chets"},"content":{"rendered":"<div class=\"notes\">\n<p class=\"author\"><a href=\"\/contributors#silpa-kaza\" rel=\"author\">Silpa Kaza<\/a><\/p>\n<p class=\"date\">Toutes les sources num\u00e9riques ont \u00e9t\u00e9 consult\u00e9es le <time datetime=\"2021-11-25\">25 novembre 2021<\/time><\/p>\n<ol start=\"290\">\n<li>\n<p>\n<q>la gestion des de\u0301chets solides figure ge\u0301ne\u0301ralement parmi les trois principales sources d\u2019e\u0301missions<\/q> Kaza, S., et al., <cite><span class=\"book\">What a Waste 2.0: A Global Snapshot of Solid Waste Management to 2050<\/span><\/cite>, Banque mondiale, 20 septembre 2018, <a href=\"https:\/\/openknowledge.worldbank.org\/handle\/10986\/30317\" target=\"_blank\" rel=\"noopener\">https:\/\/openknowledge.worldbank.org\/handle\/10986\/30317<\/a>; Clean air Coalition et Programme des Nations unies pour l\u2019Environnement, <span class=\"book\">Global Methane Assessment: Benefits and Costs of Mitigating Methane Emissions<\/span>, 2021, <a href=\"https:\/\/www.ccacoalition.org\/en\/resources\/global-methane-assessment-full-report\" target=\"_blank\" rel=\"noopener\">https:\/\/www.ccacoalition.org\/en\/resources\/global-methane-assessment-full-report<\/a>.\n<\/p>\n<p>\n<q>77 % des pays ont pre\u0301vu [\u2026] de re\u0301duire les e\u0301missions lie\u0301es aux ordures<\/q> Secr\u00e9tariat de la Convention-cadre sur les changements climatiques, <cite><span class=\"book\">Contributions d\u00e9termin\u00e9es au niveau national en vertu de l\u2019Accord de Paris (version r\u00e9vis\u00e9e du rapport de synth\u00e8se du secr\u00e9tariat)<\/span><\/cite>, 25 octobre 2021, <a href=\"https:\/\/unfccc.int\/sites\/default\/files\/resource\/cma2021_08r01_F.pdf\" target=\"_blank\" rel=\"noopener\">https:\/\/unfccc.int\/sites\/default\/files\/resource\/cma2021_08r01_F.pdf<\/a>.\n<\/p>\n<\/li>\n<li>\n<p>\n<q>Ce constat entrai\u0302ne aussi des variations d\u2019un continent a\u0300 l\u2019autre<\/q> Kaza, S., et al., <cite><span class=\"book\">More Growth, Less Garbage<\/span><\/cite>, Banque mondiale, 15 juillet 2021, <a href=\"https:\/\/openknowledge.worldbank.org\/handle\/10986\/35998\" target=\"_blank\" rel=\"noopener\">https:\/\/openknowledge.worldbank.org\/handle\/10986\/35998<\/a>.\n<\/p>\n<p>\n<q>Pour empe\u0302cher l\u2019aggravation de la crise des de\u0301chets<\/q> Ibid.\n<\/p>\n<p>\n<q>d\u2019ici a\u0300 2050, repre\u0301sentant alors plus d\u2019un tiers des ordures produites<\/q> Ibid.\n<\/p>\n<\/li>\n<li>\n<p>\n<q>1 % de la population urbaine a une activite\u0301 informelle lie\u0301e a\u0300 la gestion des de\u0301chets<\/q> Medina, M., <cite>\u2018Scrap and trade: scavenging myths\u2019<\/cite>, <span class=\"book\">Our World<\/span>, 15 mars 2010, <a href=\"https:\/\/ourworld.unu.edu\/en\/scavenging-from-waste\" target=\"_blank\" rel=\"noopener\">https:\/\/ourworld.unu.edu\/en\/scavenging-from-waste<\/a>.\n<\/p>\n<p>\n<q>Dans les re\u0301gions ou\u0300 la croissance est le plus forte [\u2026] plus de deux tiers des ordures<\/q> Kaza et al., <cite><span class=\"book\">What a Waste 2.0<\/span><\/cite>.\n<\/p>\n<\/li>\n<li>\n<p>\n<q>269 millions de tonnes de de\u0301chets plastiques sont produites dans les zones urbaines<\/q> Ibid.; Kaza et al., <cite><span class=\"book\">More Growth, Less Garbage<\/span><\/cite>.\n<\/p>\n<p>\n<q>ce volume devrait quasiment tripler<\/q> PEW Charitable Trusts and SystemIQ, <cite><span class=\"book\">Breaking the Plastic Wave: A Comprehensive Assessment of Pathways towards Stopping Ocean Plastic Pollution<\/span><\/cite>, 2020, <a href=\"https:\/\/www.systemiq.earth\/breakingtheplasticwav\" target=\"_blank\" rel=\"noopener\">https:\/\/www.systemiq.earth\/breakingtheplasticwav<\/a>.\n<\/p>\n<p>\n<q>imaginez un camion poubelle qui de\u0301verserait son chargement de bouteilles en plastique<\/q> Forum \u00e9conomique mondial, <cite><span class=\"book\">The New Plastics Economy: Rethinking the Future of Plastics<\/span><\/cite>, janvier 2016, <a href=\"https:\/\/www3.weforum.org\/docs\/WEF_The_New_Plastics_Economy.pdf\" target=\"_blank\" rel=\"noopener\">https:\/\/www3.weforum.org\/docs\/WEF_The_New_Plastics_Economy.pdf<\/a>.\n<\/p>\n<p>\n<q>pre\u0301sence de plastique dans les oce\u0301ans serait a\u0300 80 % due a\u0300 l\u2019absence de syste\u0300mes officiels de gestion des ordures<\/q> Ocean Conservancy et McKinsey Center for Business and Environment, <cite><span class=\"book\">Stemming the Tide: Land-based Strategies for a Plastic-free Ocean<\/span><\/cite>, septembre 2015, <a href=\"https:\/\/tinyurl.com\/33z9p2eu; and Statement of Accountability: https:\/\/oceanconservancy.org\/trash-free-seas\/take-deep-dive\/stemming-the-tide\/\" target=\"_blank\" rel=\"noopener\">https:\/\/tinyurl.com\/33z9p2eu; and Statement of Accountability: https:\/\/oceanconservancy.org\/trash-free-seas\/take-deep-dive\/stemming-the-tide\/<\/a>.\n<\/p>\n<p>\n<q>150 millions de tonnes de plastique [\u2026] largement quadrupler<\/q> PEW Charitable Trusts and SystemIQ, <cite><span class=\"book\">Breaking the Plastic Wave<\/span><\/cite>\n<\/p>\n<\/li>\n<li>\n<p>\n<q>Les ame\u0301liorations cumule\u0301es dans les pays a\u0300 revenu e\u0301leve\u0301 ne suffisent pas<\/q> Banque mondiale, <cite><span class=\"book\">Bridging the Gap in Solid Waste Management: Governance Requirements for Results<\/span><\/cite>, 15 juillet 2021, <a href=\"https:\/\/openknowledge.worldbank.org\/handle\/10986\/35703\" target=\"_blank\" rel=\"noopener\">https:\/\/openknowledge.worldbank.org\/handle\/10986\/35703<\/a>.\n<\/p>\n<\/li>\n<\/ol>\n<\/div>\n","protected":false},"excerpt":{"rendered":"<p>Silpa Kaza Toutes les sources num\u00e9riques ont \u00e9t\u00e9 consult\u00e9es le 25 novembre 2021 la gestion des de\u0301chets solides figure ge\u0301ne\u0301ralement parmi les trois principales sources d\u2019e\u0301missions Kaza, S., et al., What a Waste 2.0: A Global Snapshot of Solid Waste Management to 2050, Banque mondiale, 20 septembre 2018, https:\/\/openknowledge.worldbank.org\/handle\/10986\/30317; Clean air Coalition et Programme des&hellip;<\/p>\n","protected":false},"author":5,"featured_media":0,"parent":759,"menu_order":21,"comment_status":"closed","ping_status":"closed","template":"page-essay.php","meta":{"footnotes":""},"class_list":["post-780","page","type-page","status-publish","hentry"],"_links":{"self":[{"href":"https:\/\/theclimatebook.org\/fr\/wp-json\/wp\/v2\/pages\/780","targetHints":{"allow":["GET"]}}],"collection":[{"href":"https:\/\/theclimatebook.org\/fr\/wp-json\/wp\/v2\/pages"}],"about":[{"href":"https:\/\/theclimatebook.org\/fr\/wp-json\/wp\/v2\/types\/page"}],"author":[{"embeddable":true,"href":"https:\/\/theclimatebook.org\/fr\/wp-json\/wp\/v2\/users\/5"}],"replies":[{"embeddable":true,"href":"https:\/\/theclimatebook.org\/fr\/wp-json\/wp\/v2\/comments?post=780"}],"version-history":[{"count":0,"href":"https:\/\/theclimatebook.org\/fr\/wp-json\/wp\/v2\/pages\/780\/revisions"}],"up":[{"embeddable":true,"href":"https:\/\/theclimatebook.org\/fr\/wp-json\/wp\/v2\/pages\/759"}],"wp:attachment":[{"href":"https:\/\/theclimatebook.org\/fr\/wp-json\/wp\/v2\/media?parent=780"}],"curies":[{"name":"wp","href":"https:\/\/api.w.org\/{rel}","templated":true}]}}