{"id":779,"date":"2022-09-15T21:33:44","date_gmt":"2022-09-15T21:33:44","guid":{"rendered":"https:\/\/theclimatebook.org\/notes-de-fin\/quavons-nous-fait-jusquici\/4-19-le-cou%cc%82t-du-consumerisme\/"},"modified":"2022-09-15T21:33:44","modified_gmt":"2022-09-15T21:33:44","slug":"4-19-le-cou%cc%82t-du-consumerisme","status":"publish","type":"page","link":"https:\/\/theclimatebook.org\/fr\/notes-de-fin\/quavons-nous-fait-jusquici\/4-19-le-cou%cc%82t-du-consumerisme\/","title":{"rendered":"4.19 Le cou\u0302t du consume\u0301risme"},"content":{"rendered":"<div class=\"notes\">\n<p class=\"author\"><a href=\"\/contributors#annie-lowrey\" rel=\"author\">Annie Lowrey<\/a><\/p>\n<p class=\"date\">Toutes les sources num\u00e9riques ont \u00e9t\u00e9 consult\u00e9es le <time datetime=\"2022-03-04\">4 mars 2022<\/time><\/p>\n<ol start=\"281\">\n<li>\n<p>\n<q>un tiers des e\u0301missions de CO<sub>2<\/sub><\/q> <a href=\"https:\/\/www.theguardian.com\/environment\/2019\/oct\/09\/revealed-20-firms-third-carbon-emissions\" target=\"_blank\" rel=\"noopener\">https:\/\/www.theguardian.com\/environment\/2019\/oct\/09\/revealed-20-firms-third-carbon-emissions<\/a>.\n<\/p>\n<\/li>\n<li>\n<p>\n<q>Plus de 60 % des e\u0301missions de gaz a\u0300 effet de serre [\u2026] re\u0301sultent de la demande des me\u0301nages<\/q> Ivanova, D., et al., <cite>\u2018Environmental impact assessment of household consumption\u2019<\/cite>, <span class=\"book\">Journal of Industrial Ecology<\/span>, 20 (3), 2016: 526\u201336, <a href=\"https:\/\/doi.org\/10.1111\/jiec.12371\" target=\"_blank\" rel=\"noopener\">https:\/\/doi.org\/10.1111\/jiec.12371<\/a>.\n<\/p>\n<p>\n<q>les plus aise\u0301s d\u2019entre eux qui en assument la plus grande responsabilite\u0301<\/q> Wiedmann, T., et al., <cite>\u2018Scientists\u2019 warning on affluence\u2019<\/cite>, <span class=\"book\">Nature Communications<\/span>, 11, 2020: Article 3107, <a href=\"https:\/\/doi.org\/10.1038\/s41467-020-16941-y\" target=\"_blank\" rel=\"noopener\">https:\/\/doi.org\/10.1038\/s41467-020-16941-y<\/a>.\n<\/p>\n<p>\n<q>Un citoyen e\u0301tats-unien dont le revenu le place dans le 1 % supe\u0301rieur cre\u0301e 10 fois plus<\/q> Chancel, L., and Piketty, T., Chancel, L., and Piketty, T., <cite><span class=\"book\">Carbon and Inequality: From Kyoto to Paris. Trends in the Global Inequality of Carbon Emissions (1998\u20132013) and Prospects for an Equitable Adaptation Fund<\/span><\/cite>, Paris School of Economics working paper, 3 novembre 2015, <a href=\"http:\/\/piketty.pse.ens.fr\/files\/ChancelPiketty2015.pdf\" target=\"_blank\" rel=\"noopener\">http:\/\/piketty.pse.ens.fr\/files\/ChancelPiketty2015.pdf<\/a>.\n<\/p>\n<p>\n<q>Un foyer aux E\u0301tats-Unis contient en moyenne 300 000 objets<\/q> Springer, S., <cite>\u2018Why is it so hard to stop buying more stuff?\u2019<\/cite>, <span class=\"book\">Boston Globe<\/span>, 18 mai 2017, <a href=\"https:\/\/www.bostonglobe.com\/magazine\/2017\/05\/18\/why-hard-stop-buying-more-stuff\/TikBKa6hUCSN2UkKoSBSeL\/story.html\" target=\"_blank\" rel=\"noopener\">https:\/\/www.bostonglobe.com\/magazine\/2017\/05\/18\/why-hard-stop-buying-more-stuff\/TikBKa6hUCSN2UkKoSBSeL\/story.html<\/a>.\n<\/p>\n<\/li>\n<li>\n<p>\n<q>contrebalance\u0301 l\u2019effet be\u0301ne\u0301fique des ve\u0301hicules e\u0301lectriques<\/q> Cozzi, L., and Petropoulos, A., <cite>\u2018Growing preference for SUVs challenges emissions reductions in passenger car market\u2019<\/cite>, International Energy Agency, 15 October 2019, <a href=\"https:\/\/www.iea.org\/commentaries\/growing-preference-for-suvs-challenges-emissions-reductions-in-passenger-car-market\" target=\"_blank\" rel=\"noopener\">https:\/\/www.iea.org\/commentaries\/growing-preference-for-suvs-challenges-emissions-reductions-in-passenger-car-market<\/a>.\n<\/p>\n<\/li>\n<\/ol>\n<\/div>\n","protected":false},"excerpt":{"rendered":"<p>Annie Lowrey Toutes les sources num\u00e9riques ont \u00e9t\u00e9 consult\u00e9es le 4 mars 2022 un tiers des e\u0301missions de CO2 https:\/\/www.theguardian.com\/environment\/2019\/oct\/09\/revealed-20-firms-third-carbon-emissions. Plus de 60 % des e\u0301missions de gaz a\u0300 effet de serre [\u2026] re\u0301sultent de la demande des me\u0301nages Ivanova, D., et al., \u2018Environmental impact assessment of household consumption\u2019, Journal of Industrial Ecology, 20 (3),&hellip;<\/p>\n","protected":false},"author":5,"featured_media":0,"parent":759,"menu_order":19,"comment_status":"closed","ping_status":"closed","template":"page-essay.php","meta":{"footnotes":""},"class_list":["post-779","page","type-page","status-publish","hentry"],"_links":{"self":[{"href":"https:\/\/theclimatebook.org\/fr\/wp-json\/wp\/v2\/pages\/779","targetHints":{"allow":["GET"]}}],"collection":[{"href":"https:\/\/theclimatebook.org\/fr\/wp-json\/wp\/v2\/pages"}],"about":[{"href":"https:\/\/theclimatebook.org\/fr\/wp-json\/wp\/v2\/types\/page"}],"author":[{"embeddable":true,"href":"https:\/\/theclimatebook.org\/fr\/wp-json\/wp\/v2\/users\/5"}],"replies":[{"embeddable":true,"href":"https:\/\/theclimatebook.org\/fr\/wp-json\/wp\/v2\/comments?post=779"}],"version-history":[{"count":0,"href":"https:\/\/theclimatebook.org\/fr\/wp-json\/wp\/v2\/pages\/779\/revisions"}],"up":[{"embeddable":true,"href":"https:\/\/theclimatebook.org\/fr\/wp-json\/wp\/v2\/pages\/759"}],"wp:attachment":[{"href":"https:\/\/theclimatebook.org\/fr\/wp-json\/wp\/v2\/media?parent=779"}],"curies":[{"name":"wp","href":"https:\/\/api.w.org\/{rel}","templated":true}]}}