{"id":778,"date":"2022-09-15T21:23:40","date_gmt":"2022-09-15T21:23:40","guid":{"rendered":"https:\/\/theclimatebook.org\/notes-de-fin\/quavons-nous-fait-jusquici\/4-18-ils-disent-une-chose-et-font-le-contraire\/"},"modified":"2022-09-15T21:23:40","modified_gmt":"2022-09-15T21:23:40","slug":"4-18-ils-disent-une-chose-et-font-le-contraire","status":"publish","type":"page","link":"https:\/\/theclimatebook.org\/fr\/notes-de-fin\/quavons-nous-fait-jusquici\/4-18-ils-disent-une-chose-et-font-le-contraire\/","title":{"rendered":"4.18 Ils disent une chose et font le contraire"},"content":{"rendered":"<div class=\"notes\">\n<p class=\"author\"><a href=\"\/contributors#greta-thunberg\" rel=\"author\">Greta Thunberg<\/a><\/p>\n<p class=\"date\">Toutes les sources num\u00e9riques ont \u00e9t\u00e9 consult\u00e9es le <time datetime=\"2022-03\">mars 2022<\/time><\/p>\n<ol start=\"280\">\n<li>\n<p>\n<q>causer le d\u00e9placement de 1,2 milliard de personnes<\/q>, <a href=\"https:\/\/www.visionofhumanity.org\/wp-content\/uploads\/2020\/10\/ETR_2020_web-1.pdf\" rel=\"noopener\" target=\"_blank\">https:\/\/www.visionofhumanity.org\/wp-content\/uploads\/2020\/10\/ETR_2020_web-1.pdf<\/a>.\n<\/p>\n<p>\n<q>repose sur des donn\u00e9es d\u00e9fectueuses et gravement sous-d\u00e9clar\u00e9es<\/q>, <a href=\"https:\/\/www.washingtonpost.com\/climate-environment\/interactive\/2021\/greenhouse-gas-emissions-pledges-data\/\" rel=\"noopener\" target=\"_blank\">https:\/\/www.washingtonpost.com\/climate-environment\/interactive\/2021\/greenhouse-gas-emissions-pledges-data\/; <\/a>, <a href=\"https:\/\/www.nytimes.com\/2021\/02\/02\/climate\/cities-greenhouse-gas-emissions.html\" rel=\"noopener\" target=\"_blank\">https:\/\/www.nytimes.com\/2021\/02\/02\/climate\/cities-greenhouse-gas-emissions.html<\/a>.\n<\/p>\n<p>\n<q>nous nous situons actuellement sur une trajectoire qui m\u00e8ne \u00e0 3,2\u00b0C<\/q> Groupe d\u2019experts intergouvernemental sur l\u2019\u00e9volution du climat, <cite><span class=\"book\">Climate Change 2022: Mitigation of Climate Change. Working Group III Contribution to the Sixth Assessment Report of the Intergovernmental Panel on Climate Change<\/span><\/cite>, \u00e9d. P. R. Shukla, et al. (Cambridge: Cambridge University Press, \u00e0 venir), <a href=\"https:\/\/www.ipcc.ch\/report\/ar6\/wg3\/\" rel=\"noopener\" target=\"_blank\">https:\/\/www.ipcc.ch\/report\/ar6\/wg3\/<\/a>.\n<\/p>\n<\/li>\n<\/ol>\n<\/div>\n","protected":false},"excerpt":{"rendered":"<p>Greta Thunberg Toutes les sources num\u00e9riques ont \u00e9t\u00e9 consult\u00e9es le mars 2022 causer le d\u00e9placement de 1,2 milliard de personnes, https:\/\/www.visionofhumanity.org\/wp-content\/uploads\/2020\/10\/ETR_2020_web-1.pdf. repose sur des donn\u00e9es d\u00e9fectueuses et gravement sous-d\u00e9clar\u00e9es, https:\/\/www.washingtonpost.com\/climate-environment\/interactive\/2021\/greenhouse-gas-emissions-pledges-data\/; , https:\/\/www.nytimes.com\/2021\/02\/02\/climate\/cities-greenhouse-gas-emissions.html. nous nous situons actuellement sur une trajectoire qui m\u00e8ne \u00e0 3,2\u00b0C Groupe d\u2019experts intergouvernemental sur l\u2019\u00e9volution du climat, Climate Change 2022: Mitigation of&hellip;<\/p>\n","protected":false},"author":5,"featured_media":0,"parent":759,"menu_order":18,"comment_status":"closed","ping_status":"closed","template":"page-essay.php","meta":{"footnotes":""},"class_list":["post-778","page","type-page","status-publish","hentry"],"_links":{"self":[{"href":"https:\/\/theclimatebook.org\/fr\/wp-json\/wp\/v2\/pages\/778","targetHints":{"allow":["GET"]}}],"collection":[{"href":"https:\/\/theclimatebook.org\/fr\/wp-json\/wp\/v2\/pages"}],"about":[{"href":"https:\/\/theclimatebook.org\/fr\/wp-json\/wp\/v2\/types\/page"}],"author":[{"embeddable":true,"href":"https:\/\/theclimatebook.org\/fr\/wp-json\/wp\/v2\/users\/5"}],"replies":[{"embeddable":true,"href":"https:\/\/theclimatebook.org\/fr\/wp-json\/wp\/v2\/comments?post=778"}],"version-history":[{"count":0,"href":"https:\/\/theclimatebook.org\/fr\/wp-json\/wp\/v2\/pages\/778\/revisions"}],"up":[{"embeddable":true,"href":"https:\/\/theclimatebook.org\/fr\/wp-json\/wp\/v2\/pages\/759"}],"wp:attachment":[{"href":"https:\/\/theclimatebook.org\/fr\/wp-json\/wp\/v2\/media?parent=778"}],"curies":[{"name":"wp","href":"https:\/\/api.w.org\/{rel}","templated":true}]}}