{"id":775,"date":"2022-09-08T15:08:15","date_gmt":"2022-09-08T15:08:15","guid":{"rendered":"https:\/\/theclimatebook.org\/notes-de-fin\/quavons-nous-fait-jusquici\/4-15-le-probleme-technique\/"},"modified":"2022-09-08T15:08:15","modified_gmt":"2022-09-08T15:08:15","slug":"4-15-le-probleme-technique","status":"publish","type":"page","link":"https:\/\/theclimatebook.org\/fr\/notes-de-fin\/quavons-nous-fait-jusquici\/4-15-le-probleme-technique\/","title":{"rendered":"4.15 Le proble\u0300me technique"},"content":{"rendered":"<div class=\"notes\">\n<p class=\"author\"><a href=\"\/contributors#ketan-joshi\" rel=\"author\">Ketan Joshi<\/a><\/p>\n<p class=\"date\">Toutes les sources num\u00e9riques ont \u00e9t\u00e9 consult\u00e9es le <time datetime=\"2022-04-13\">13 avril 2022<\/time><\/p>\n<ol start=\"260\">\n<li>\n<p>\n<q>En 2020, l\u2019industrie a e\u0301mis 8 736 me\u0301gatonnes de CO<sub>2<\/sub><\/q> Agence internationale de l\u2019\u00e9nergie, <cite><span class=\"book\">World Energy Outlook 2021<\/span><\/cite>, octobre 2021, <a href=\"https:\/\/www.iea.org\/reports\/world-energy-outlook-2021\" target=\"_blank\" rel=\"noopener\">https:\/\/www.iea.org\/reports\/world-energy-outlook-2021<\/a>.\n<\/p>\n<p>\n<q>des me\u0301thodes comme e\u0301lectrifier des proce\u0301de\u0301s industriels<\/q> Ibid.; Agence internationale de l\u2019\u00e9nergie, <cite><span class=\"book\">Energy Technology Perspectives 2020<\/span><\/cite>, septembre 2020, <a href=\"https:\/\/www.iea.org\/reports\/energy-technology-perspectives-2020\" target=\"_blank\" rel=\"noopener\">https:\/\/www.iea.org\/reports\/energy-technology-perspectives-2020<\/a>.\n<\/p>\n<\/li>\n<li>\n<p>\n<q>\u00ab C\u2019est notre mission sur la Lune. \u00bb<\/q> Orange, R., <cite>\u2018Norway drops \u00ab moon landing \u00bb carbon project\u2019<\/cite>, <span class=\"book\">The Local<\/span>, 20 septembre 2013, <a href=\"https:\/\/www.thelocal.no\/20130920\/norway-drops-moon-landing-carbon-project\/\" target=\"_blank\" rel=\"noopener\">https:\/\/www.thelocal.no\/20130920\/norway-drops-moon-landing-carbon-project\/<\/a>.\n<\/p>\n<p>\n<q>de\u0301passements budge\u0301taires qui avaient atteint 1,7 milliard de couronnes norve\u0301giennes<\/q> <cite>\u2018Norway scraps \u00ab moon landing \u00bb  carbon capture project\u2019<\/cite>, <span class=\"book\">Sydney Morning Herald<\/span>, 20 septembre 2013, <a href=\"https:\/\/www.smh.com.au\/business\/the-economy\/norway-scraps-moon-landing-carbon-capture-project-20130921-2u63u.html\" target=\"_blank\" rel=\"noopener\">https:\/\/www.smh.com.au\/business\/the-economy\/norway-scraps-moon-landing-carbon-capture-project-20130921-2u63u.html<\/a>.\n<\/p>\n<\/li>\n<li>\n<p>\n<q>l\u2019investissement ne\u0301cessaire avait augmente\u0301 de 912 millions de couronnes norve\u0301giennes<\/q> Norum, H., <cite>\u2018Milliardsprekk for \u00ab Langskip \u00bb\u2019<\/cite>, NRK, 8 novembre 2021, <a href=\"https:\/\/www.nrk.no\/norge\/varsler-langskip-sprekk-pa-nesten-1-milliard-1.15721955\" target=\"_blank\" rel=\"noopener\">https:\/\/www.nrk.no\/norge\/varsler-langskip-sprekk-pa-nesten-1-milliard-1.15721955<\/a>.\n<\/p>\n<p>\n<q>\u00ab A\u0300 moins que les parties s\u2019accordent sur la poursuite du projet \u00bb<\/q> Ibid.\n<\/p>\n<p>\n<q>retarde\u0301 de longue date : c\u2019est la centrale de CSC a\u0300 [\u2026] Klemetsrud<\/q> Peters, G., <cite>\u2018Oslo\u2019s climate budget \u2013 leading the way?\u2019<\/cite>, Center for International Climate Research, 30 septembre 2016, <a href=\"https:\/\/cicero.oslo.no\/en\/posts\/news\/oslos-climate-budget-leading-the-way\" target=\"_blank\" rel=\"noopener\">https:\/\/cicero.oslo.no\/en\/posts\/news\/oslos-climate-budget-leading-the-way<\/a>.\n<\/p>\n<\/li>\n<li>\n<p>\n<q>les projets de CSC e\u0301chouent fre\u0301quemment<\/q> Abdulla, A., et al., <cite>\u2018Explaining successful and failed investments in U.S. carbon capture and storage using empirical and expert assessments\u2019<\/cite>, <span class=\"book\">Environmental Research Letters<\/span>, 16 (1), 2021: Article 014036, <a href=\"https:\/\/doi.org\/10.1088\/1748-9326\/abd19e\" target=\"_blank\" rel=\"noopener\">https:\/\/doi.org\/10.1088\/1748-9326\/abd19e<\/a>.\n<\/p>\n<\/li>\n<\/ol>\n<\/div>\n","protected":false},"excerpt":{"rendered":"<p>Ketan Joshi Toutes les sources num\u00e9riques ont \u00e9t\u00e9 consult\u00e9es le 13 avril 2022 En 2020, l\u2019industrie a e\u0301mis 8 736 me\u0301gatonnes de CO2 Agence internationale de l\u2019\u00e9nergie, World Energy Outlook 2021, octobre 2021, https:\/\/www.iea.org\/reports\/world-energy-outlook-2021. des me\u0301thodes comme e\u0301lectrifier des proce\u0301de\u0301s industriels Ibid.; Agence internationale de l\u2019\u00e9nergie, Energy Technology Perspectives 2020, septembre 2020, https:\/\/www.iea.org\/reports\/energy-technology-perspectives-2020. \u00ab C\u2019est&hellip;<\/p>\n","protected":false},"author":5,"featured_media":0,"parent":759,"menu_order":15,"comment_status":"closed","ping_status":"closed","template":"page-essay.php","meta":{"footnotes":""},"class_list":["post-775","page","type-page","status-publish","hentry"],"_links":{"self":[{"href":"https:\/\/theclimatebook.org\/fr\/wp-json\/wp\/v2\/pages\/775","targetHints":{"allow":["GET"]}}],"collection":[{"href":"https:\/\/theclimatebook.org\/fr\/wp-json\/wp\/v2\/pages"}],"about":[{"href":"https:\/\/theclimatebook.org\/fr\/wp-json\/wp\/v2\/types\/page"}],"author":[{"embeddable":true,"href":"https:\/\/theclimatebook.org\/fr\/wp-json\/wp\/v2\/users\/5"}],"replies":[{"embeddable":true,"href":"https:\/\/theclimatebook.org\/fr\/wp-json\/wp\/v2\/comments?post=775"}],"version-history":[{"count":0,"href":"https:\/\/theclimatebook.org\/fr\/wp-json\/wp\/v2\/pages\/775\/revisions"}],"up":[{"embeddable":true,"href":"https:\/\/theclimatebook.org\/fr\/wp-json\/wp\/v2\/pages\/759"}],"wp:attachment":[{"href":"https:\/\/theclimatebook.org\/fr\/wp-json\/wp\/v2\/media?parent=775"}],"curies":[{"name":"wp","href":"https:\/\/api.w.org\/{rel}","templated":true}]}}