{"id":774,"date":"2022-09-08T14:56:02","date_gmt":"2022-09-08T14:56:02","guid":{"rendered":"https:\/\/theclimatebook.org\/notes-de-fin\/quavons-nous-fait-jusquici\/4-14-cartographier-les-emissions-du-monde-industrialise\/"},"modified":"2022-09-08T14:56:02","modified_gmt":"2022-09-08T14:56:02","slug":"4-14-cartographier-les-emissions-du-monde-industrialise","status":"publish","type":"page","link":"https:\/\/theclimatebook.org\/fr\/notes-de-fin\/quavons-nous-fait-jusquici\/4-14-cartographier-les-emissions-du-monde-industrialise\/","title":{"rendered":"4.14 Cartographier les e\u0301missions du monde industrialise\u0301"},"content":{"rendered":"<div class=\"notes\">\n<p class=\"author\"><a href=\"\/contributors#john-barrett\" rel=\"author\">John Barrett<\/a> et <a href=\"\/contributors#alice-garvey\" rel=\"author\">Alice Garvey<\/a><\/p>\n<p class=\"date\">Toutes les sources num\u00e9riques ont \u00e9t\u00e9 consult\u00e9es le <time datetime=\"2022-03-24\">24 mars  2022<\/time><\/p>\n<ol start=\"256\">\n<li>\n<p>\n<q>responsable de plus de 30 % des e\u0301missions<\/q> Fischedick, M., et al., <cite>\u2018Industry\u2019<\/cite>, in Groupe d\u2019experts intergouvernemental sur l\u2019\u00e9volution du climat, <span class=\"book\">Climate Change 2014: Mitigation of Climate Change. Contribution of Working Group III to the Fifth Assessment Report of the Intergovernmental Panel on Climate Change<\/span>, ed. O. Edenhofer et al. (Cambridge: Cambridge University Press, 2015), <a href=\"https:\/\/www.ipcc.ch\/report\/ar5\/wg3\/\" target=\"_blank\" rel=\"noopener\">https:\/\/www.ipcc.ch\/report\/ar5\/wg3\/<\/a>.\n<\/p>\n<p>\n<q>L\u2019essentiel des e\u0301missions industrielles vient de la production de fer et d\u2019acier<\/q> Serrenho, A. C., et al., <cite>\u2018The influence of UK emissions reduction targets on the emissions of the global steel industry\u2019<\/cite>, <span class=\"book\">Resources, Conservation and Recycling<\/span>, 107, 2016: 174\u201384, <a href=\"https:\/\/doi.org\/10.1016\/j.resconrec.2016.01.001\" target=\"_blank\" rel=\"noopener\">https:\/\/doi.org\/10.1016\/j.resconrec.2016.01.001<\/a>.\n<\/p>\n<p>\n<q>trois branches seulement de l\u2019industrie lourde [\u2026] 70 % des e\u0301missions<\/q> Agence internationale de l\u2019\u00e9nergie, <cite><span class=\"book\">Energy Technology Perspectives 2020<\/span><\/cite>, septembre 2020), <a href=\"https:\/\/www.iea.org\/reports\/energy-technology-perspectives-2020\" target=\"_blank\" rel=\"noopener\">https:\/\/www.iea.org\/reports\/energy-technology-perspectives-2020<\/a>.\n<\/p>\n<p>\n<q>Pour le ciment, 50 % du CO<sub>2<\/sub> e\u0301mis pendant la fabrication<\/q> Van Ruijven, B. J., et al., <cite>\u2018Long-term model-based projections of energy use and CO<sub>2<\/sub> emissions from the global steel and cement industries\u2019<\/cite>, <span class=\"book\">Resources, Conservation and Recycling<\/span>, 112, 2016: 15\u201336, <a href=\"https:\/\/doi.org\/10.1016\/j.resconrec.2016.04.016\" target=\"_blank\" rel=\"noopener\">https:\/\/doi.org\/10.1016\/j.resconrec.2016.04.016<\/a>.\n<\/p>\n<p>\n<q>Les e\u0301missions territoriales [\u2026] dans un pays donne\u0301<\/q> La perspective des \u00e9missions territoriales ne tient pas compte des \u00e9missions issues des transports ae\u0301riens et maritimes internationaux: Barrett, J., et al., <cite>\u2018Consumption-based GHG emission accounting: a UK case study\u2019<\/cite>, <span class=\"book\">Climate Policy<\/span>, 13 (4), 2013: 1\u201319, <a href=\"https:\/\/doi.org\/10.1080\/14693062.2013.788858\" target=\"_blank\" rel=\"noopener\">https:\/\/doi.org\/10.1080\/14693062.2013.788858<\/a>.\n<\/p>\n<\/li>\n<li value=\"258\">\n<p>\n<q>Ces gains sont toutefois compense\u0301s par la demande en hausse<\/q> Wang, P., et al., <cite>\u2018Efficiency stagnation in global steel production urges joint supply- and demand-side mitigation efforts\u2019<\/cite>, <span class=\"book\">Nature Communications<\/span>, 12, 2021: Article 2066, <a href=\"https:\/\/doi.org\/10.1038\/s41467-021-22245-6\" target=\"_blank\" rel=\"noopener\">https:\/\/doi.org\/10.1038\/s41467-021-22245-6<\/a>.\n<\/p>\n<p>\n<q>la demande va au moins doubler d\u2019ici a\u0300 2050<\/q> Allwood, J. M., et al., <cite>\u2018Options for achieving a 50% cut in industrial carbon emissions by 2050\u2019<\/cite>, <span class=\"book\">Environmental Science and Technology<\/span>, 44 (6), 2010: 1888\u201394, <a href=\"https:\/\/doi.org\/10.1021\/es902909k\" target=\"_blank\" rel=\"noopener\">https:\/\/doi.org\/10.1021\/es902909k<\/a>.\n<\/p>\n<p>\n<q>la demande d\u2019acier et de ciment [\u2026] l\u2019activite\u0301 e\u0301conomique<\/q> Van Ruijven et al., <cite>\u2018Long-term model-based projections of energy use and CO<sub>2<\/sub> emissions\u2019<\/cite>.\n<\/p>\n<p>\n<q>61 % de l\u2019augmentation des e\u0301missions chinoises de gaz a\u0300 effet de serre<\/q> Minx, Jan C., et al., <cite>\u2018A \u201ccarbonizing dragon\u201d: China\u2019s fast-growing CO<sub>2<\/sub> emissions revisited\u2019<\/cite>, <span class=\"book\">Environmental Science and Technology<\/span>, 45 (21) 2011: 9144\u201353, <a href=\"https:\/\/doi.org\/10.1021\/es201497m\" target=\"_blank\" rel=\"noopener\">https:\/\/doi.org\/10.1021\/es201497m<\/a>.\n<\/p>\n<\/li>\n<li>\n<p>\n<q>d\u2019ici a\u0300 2050, 20 % de la production mondiale d\u2019acier concernera sans doute l\u2019Inde<\/q> Agence internationale de l\u2019\u00e9nergie, <cite><span class=\"book\">Iron and Steel Technology Roadmap: Towards More Sustainable Steelmaking<\/span><\/cite>, octobre 2020, <a href=\"https:\/\/www.iea.org\/reports\/iron-and-steel-technology-roadmap\" target=\"_blank\" rel=\"noopener\">https:\/\/www.iea.org\/reports\/iron-and-steel-technology-roadmap<\/a>.\n<\/p>\n<p>\n<q>37 % du budget carbone pour la production d\u2019acier<\/q> Wang et al., <cite>\u2018Efficiency stagnation in global steel production\u2019<\/cite>.\n<\/p>\n<p>\n<q>imaginer une conception plus efficiente des produits<\/q> Allwood, J. M., et al., <cite><span class=\"book\">Steel Arising: Opportunities for the UK in a Transforming Global Steel Industry<\/span><\/cite>, Use Less Group, University of Cambridge, avril 2019, <a href=\"https:\/\/doi.org\/10.17863\/CAM.40835\" target=\"_blank\" rel=\"noopener\">https:\/\/doi.org\/10.17863\/CAM.40835<\/a>.\n<\/p>\n<\/li>\n<\/ol>\n<\/div>\n","protected":false},"excerpt":{"rendered":"<p>John Barrett et Alice Garvey Toutes les sources num\u00e9riques ont \u00e9t\u00e9 consult\u00e9es le 24 mars 2022 responsable de plus de 30 % des e\u0301missions Fischedick, M., et al., \u2018Industry\u2019, in Groupe d\u2019experts intergouvernemental sur l\u2019\u00e9volution du climat, Climate Change 2014: Mitigation of Climate Change. Contribution of Working Group III to the Fifth Assessment Report of&hellip;<\/p>\n","protected":false},"author":5,"featured_media":0,"parent":759,"menu_order":14,"comment_status":"closed","ping_status":"closed","template":"page-essay.php","meta":{"footnotes":""},"class_list":["post-774","page","type-page","status-publish","hentry"],"_links":{"self":[{"href":"https:\/\/theclimatebook.org\/fr\/wp-json\/wp\/v2\/pages\/774","targetHints":{"allow":["GET"]}}],"collection":[{"href":"https:\/\/theclimatebook.org\/fr\/wp-json\/wp\/v2\/pages"}],"about":[{"href":"https:\/\/theclimatebook.org\/fr\/wp-json\/wp\/v2\/types\/page"}],"author":[{"embeddable":true,"href":"https:\/\/theclimatebook.org\/fr\/wp-json\/wp\/v2\/users\/5"}],"replies":[{"embeddable":true,"href":"https:\/\/theclimatebook.org\/fr\/wp-json\/wp\/v2\/comments?post=774"}],"version-history":[{"count":0,"href":"https:\/\/theclimatebook.org\/fr\/wp-json\/wp\/v2\/pages\/774\/revisions"}],"up":[{"embeddable":true,"href":"https:\/\/theclimatebook.org\/fr\/wp-json\/wp\/v2\/pages\/759"}],"wp:attachment":[{"href":"https:\/\/theclimatebook.org\/fr\/wp-json\/wp\/v2\/media?parent=774"}],"curies":[{"name":"wp","href":"https:\/\/api.w.org\/{rel}","templated":true}]}}