{"id":772,"date":"2022-09-08T14:11:23","date_gmt":"2022-09-08T14:11:23","guid":{"rendered":"https:\/\/theclimatebook.org\/notes-de-fin\/quavons-nous-fait-jusquici\/4-12-lenjeu-alimentaire\/"},"modified":"2022-09-08T14:11:23","modified_gmt":"2022-09-08T14:11:23","slug":"4-12-lenjeu-alimentaire","status":"publish","type":"page","link":"https:\/\/theclimatebook.org\/fr\/notes-de-fin\/quavons-nous-fait-jusquici\/4-12-lenjeu-alimentaire\/","title":{"rendered":"4.12 L\u2019enjeu alimentaire"},"content":{"rendered":"<div class=\"notes\">\n<p class=\"author\"><a href=\"\/contributors#michael-clark\" rel=\"author\">Michael Clark<\/a><\/p>\n<p class=\"date\">Toutes les sources num\u00e9riques ont \u00e9t\u00e9 consult\u00e9es le <time datetime=\"2022-03-04\">4 mars 2022<\/time><\/p>\n<ol start=\"249\">\n<li>\n<p>\n<q>Ils produisent 30 % de toutes les e\u0301missions de gaz a\u0300 effet de serre<\/q> Crippa, M., et al., <cite>\u2018Food systems are responsible for a third of global anthropogenic GHG emissions\u2019<\/cite>, <span class=\"book\">Nature Food<\/span>, 2 (3), 2021: 198\u2013209, <a href=\"https:\/\/doi.org\/10.1038\/s43016-021-00225-9\" target=\"_blank\" rel=\"noopener\">https:\/\/doi.org\/10.1038\/s43016-021-00225-9<\/a>.\n<\/p>\n<p>\n<q>occupent 40 % des surfaces e\u0301merge\u0301es<\/q> Organisation des Nations unies pour l\u2019alimentation et l\u2019agriculture, <cite>\u2018Food and agriculture data\u2019<\/cite>, FAOSTAT, 2019, <a href=\"https:\/\/www.fao.org\/faostat\/en\/#data\/RL\" target=\"_blank\" rel=\"noopener\">https:\/\/www.fao.org\/faostat\/en\/#data\/RL<\/a>.\n<\/p>\n<p>\n<q>consomment au moins 70 % de l\u2019eau douce mondiale<\/q> Molden, D., ed., <cite><span class=\"book\">Water for Food, Water for Life: A Comprehensive Assessment of Water Management in Agriculture<\/span><\/cite> (London and Colombo: Earthscan and the International Water Management Institute, 2007).\n<\/p>\n<p>\n<q>la principale cause du recul de la biodiversite\u0301 et de la pollution par des e\u0301le\u0301ments nutritifs<\/q> Tilman D., et al., <cite>\u2018Future threats to biodiversity and pathways to their prevention\u2019<\/cite>, <span class=\"book\">Nature<\/span>, 546 (7656), 2017: 73\u201381, <a href=\"https:\/\/doi.org\/10.1038\/nature22900\" target=\"_blank\" rel=\"noopener\">https:\/\/doi.org\/10.1038\/nature22900<\/a>; Vitousek, P. M., et al., <cite>\u2018Human domination of Earth\u2019s ecosystems\u2019<\/cite>, <span class=\"book\">Science<\/span>, 277 (5325), 1997: 494\u20139, <a href=\"https:\/\/doi.org\/10.1126\/science.277.5325.494\" target=\"_blank\" rel=\"noopener\">https:\/\/doi.org\/10.1126\/science.277.5325.494<\/a>.<\/p>\n<p>\n<q>a\u0300 l\u2019origine d\u2019une nutrition et d\u2019une sante\u0301 mauvaises<\/q> Afshin, A., et al., <cite>\u2018Health effects of dietary risks in 195 countries, 1990\u20132017: a systematic analysis for the Global Burden of Disease Study 2017\u2019<\/cite>, <span class=\"book\">Lancet<\/span>, 393 (10184), 2019: 1958\u201372, <a href=\"https:\/\/doi.org\/10.1016\/S0140-6736(19)30041-8\" target=\"_blank\" rel=\"noopener\">https:\/\/doi.org\/10.1016\/S0140-6736(19)30041-8<\/a>; Domingo, N. G. G., et al., <cite>\u2018Air quality-related health damages of food\u2019<\/cite>, <span class=\"book\">Proceedings of the National Academy of Sciences<\/span>, 118 (20), 2021: Article e2013637118, <a href=\"https:\/\/doi.org\/10.1073\/pnas.2013637118\" target=\"_blank\" rel=\"noopener\">https:\/\/doi.org\/10.1073\/pnas.2013637118<\/a>.\n<\/p>\n<p>\n<q>L\u2019impact environnemental de chacun des aliments varie conside\u0301rablement<\/q> Poore, J., and Nemecek, T., <cite>\u2018Reducing food\u2019s environmental impacts through producers and consumers\u2019<\/cite>, <span class=\"book\">Science<\/span>, 360 (6392), 2018: 987\u201392, <a href=\"https:\/\/doi.org\/10.1126\/science.aaq0216\" target=\"_blank\" rel=\"noopener\">https:\/\/doi.org\/10.1126\/science.aaq0216<\/a>.\n<\/p>\n<\/li>\n<li>\n<p>\n<q>les donne\u0301es de pre\u0300s de quarante mille exploitations agricoles<\/q> Ibid.\n<\/p>\n<p>\n<q>les re\u0301gimes alimentaires sont plus abondants<\/q> Tilman, D., et al., <cite>\u2018Global food demand and the sustainable intensification of agriculture\u2019<\/cite>, <span class=\"book\">Proceedings of the National Academy of Sciences<\/span>, 108 (50), 2011: 20260\u201364, <a href=\"https:\/\/doi.org\/10.1073\/pnas.1116437108\" target=\"_blank\" rel=\"noopener\">https:\/\/doi.org\/10.1073\/pnas.1116437108<\/a>.\n<\/p>\n<p>\n<q>l\u2019apport calorique moyen par personne et par jour<\/q> Clark, M., et al., <cite>\u2018The role of healthy diets in environmentally sustainable food systems\u2019<\/cite>, <span class=\"book\">Food Nutrition Bulletin<\/span>, 41 (2) supplement, 2020: S31\u2013S58, <a href=\"https:\/\/doi.org\/10.1177%2F0379572120953734\" target=\"_blank\" rel=\"noopener\">https:\/\/doi.org\/10.1177%2F0379572120953734<\/a>.\n<\/p>\n<p>\n<q>Ces nations fortune\u0301es sont les premie\u0300res responsables<\/q> Springmann, M., et al., <cite>\u2018Options for keeping the food system within environmental limits\u2019<\/cite>, <span class=\"book\">Nature<\/span>, 562 (7728), 2018: 519\u201325, <a href=\"https:\/\/doi.org\/10.1038\/s41586-018-0594-0\" target=\"_blank\" rel=\"noopener\">https:\/\/doi.org\/10.1038\/s41586-018-0594-0<\/a>.\n<\/p>\n<\/li>\n<li>\n<p>\n<q>les syste\u0300mes alimentaires de\u0301passeront les objectifs de viabilite\u0301 environnementale<\/q> Ibid.; Clark, M. A., et al., <cite>\u2018Global food system emissions could preclude achieving the 1.5\u00b0C and 2\u00b0C climate change targets\u2019<\/cite>, <span class=\"book\">Science<\/span>, 370 (6517), 2020: 705\u20138, <a href=\"https:\/\/doi.org\/10.1126\/science.aba7357\" target=\"_blank\" rel=\"noopener\">https:\/\/doi.org\/10.1126\/science.aba7357<\/a>.\n<\/p>\n<p>\n<q>nous de\u0301passerons 1,5 \u00b0C de re\u0301chauffement<\/q> Clark et al., <cite>\u2018Global food system emissions\u2019<\/cite>.\n<\/p>\n<p>\n<q>L\u2019expansion des superficies agricoles pour augmenter la production de nourriture<\/q> Williams, D. R., et al., <cite>\u2018Proactive conservation to prevent habitat losses to agricultural expansion\u2019<\/cite>, <span class=\"book\">Nature Sustainability<\/span>, 4 (4), 2021: 314\u201322, <a href=\"https:\/\/doi.org\/10.1038\/s41893-020-00656-5\" target=\"_blank\" rel=\"noopener\">https:\/\/doi.org\/10.1038\/s41893-020-00656-5<\/a>.\n<\/p>\n<p>\n<q>les produits d\u2019origine ve\u0301ge\u0301tale [\u2026] baisse de 50 a\u0300 70 % des e\u0301missions<\/q> Springmann et al., <cite>\u2018Options for keeping the food system within environmental limits\u2019<\/cite>; Clark et al., <cite>\u2018Global food system emissions\u2019<\/cite>; Willett, W., et al., <cite>\u2018Food in the Anthropocene: the EAT\u2013Lancet commission on healthy diets from sustainable food systems\u2019<\/cite>, <span class=\"book\">Lancet<\/span>, 393 (10170), 2019: 447\u201392, <a href=\"https:\/\/doi:10.1016\/S0140-6736(18)31788-4\" target=\"_blank\" rel=\"noopener\">https:\/\/doi:10.1016\/S0140-6736(18)31788-4<\/a>; Tilman, D., and Clark, M., <cite>\u2018Global diets link environmental sustainability and human health\u2019<\/cite>, <span class=\"book\">Nature<\/span> 515, (7528), 2014: 518\u201322, <a href=\"https:\/\/doi.org\/10.1038\/nature13959\" target=\"_blank\" rel=\"noopener\">https:\/\/doi.org\/10.1038\/nature13959<\/a>; Springmann, M., et al., <cite>\u2018Analysis and valuation of the health and climate change cobenefits of dietary change\u2019<\/cite>, <span class=\"book\">Proceedings of the National Academy of Sciences<\/span>, 113 (15), 2016: 4146\u201351, <a href=\"https:\/\/doi.org\/10.1073\/pnas.1523119113\" target=\"_blank\" rel=\"noopener\">https:\/\/doi.org\/10.1073\/pnas.1523119113<\/a>.\n<\/p>\n<\/li>\n<li>\n<p>\n<q>d\u2019autres bienfaits pour l\u2019environnement<\/q> Springmann et al., <cite>\u2018Options for keeping the food system within environmental limits\u2019<\/cite>.\n<\/p>\n<p>\n<q>un tiers de la nourriture produite n\u2019est pas consomme\u0301<\/q> Gustavsson, J., et al., <cite><span class=\"book\">Global Food Losses and Food Waste: Extent, Causes and Prevention<\/span><\/cite>, Organisation des Nations unies pour l\u2019alimentation et l\u2019agriculture, 2011, <a href=\"https:\/\/www.fao.org\/3\/mb060e\/mb060e00.htm\" target=\"_blank\" rel=\"noopener\">https:\/\/www.fao.org\/3\/mb060e\/mb060e00.htm<\/a>.\n<\/p>\n<p>\n<q>peu probable que nous tenions l\u2019objectif de 1,5 \u00b0C<\/q> Springmann et al., <cite>\u2018Options for keeping the food system within environmental limits\u2019<\/cite>; Clark, M. A., et al., <cite>\u2018Global food system emissions\u2019<\/cite>; Lecl\u00e8re, D., et al., <cite>\u2018Bending the curve of terrestrial biodiversity needs an integrated strategy\u2019<\/cite>, <span class=\"book\">Nature<\/span>, 585 (7826), 2020: 551\u20136, <a href=\"https:\/\/doi.org\/10.1038\/s41586-020-2705-y\" target=\"_blank\" rel=\"noopener\">https:\/\/doi.org\/10.1038\/s41586-020-2705-y<\/a>.\n<\/p>\n<p>\n<q>Nombre des aliments respectueux de l\u2019environnement sont aussi les meilleurs pour notre sante\u0301<\/q> Clark, M., et al., <cite>\u2018Multiple health and environmental impacts of foods\u2019<\/cite>, <span class=\"book\">Proceedings of the National Sciences<\/span>, 116 (46), 2019: 23357\u201362, <a href=\"https:\/\/www.pnas.org\/content\/116\/46\/23357\" target=\"_blank\" rel=\"noopener\">https:\/\/www.pnas.org\/content\/116\/46\/23357<\/a>; van Dooren, C., et al., <cite>\u2018Proposing a novel index reflecting both climate impact and nutritional impact of food products\u2019<\/cite>, <span class=\"book\">Ecological Economics<\/span>, 131, 2017: 389\u201398, <a href=\"https:\/\/doi.org\/10.1016\/j.ecolecon.2016.08.029\" target=\"_blank\" rel=\"noopener\">https:\/\/doi.org\/10.1016\/j.ecolecon.2016.08.029<\/a>.\n<\/p>\n<p>\n<q>re\u0301duiraient la mortalite\u0301 pre\u0301mature\u0301e de 10 % au niveau mondial<\/q> Springmann, M., et al., <cite>\u2018Health and nutritional aspects of sustainable diet strategies and their association with environmental impacts: a global modelling analysis with country-level detail\u2019<\/cite>, <span class=\"book\">Lancet Planetary Health<\/span>, 2 (10), 2018: e451\u2013e461, <a href=\"https:\/\/doi.org\/10.1016\/S2542-5196(18)30206-7\" target=\"_blank\" rel=\"noopener\">https:\/\/doi.org\/10.1016\/S2542-5196(18)30206-7<\/a>.\n<\/p>\n<\/li>\n<\/ol>\n<\/div>\n","protected":false},"excerpt":{"rendered":"<p>Michael Clark Toutes les sources num\u00e9riques ont \u00e9t\u00e9 consult\u00e9es le 4 mars 2022 Ils produisent 30 % de toutes les e\u0301missions de gaz a\u0300 effet de serre Crippa, M., et al., \u2018Food systems are responsible for a third of global anthropogenic GHG emissions\u2019, Nature Food, 2 (3), 2021: 198\u2013209, https:\/\/doi.org\/10.1038\/s43016-021-00225-9. occupent 40 % des surfaces&hellip;<\/p>\n","protected":false},"author":5,"featured_media":0,"parent":759,"menu_order":12,"comment_status":"closed","ping_status":"closed","template":"page-essay.php","meta":{"footnotes":""},"class_list":["post-772","page","type-page","status-publish","hentry"],"_links":{"self":[{"href":"https:\/\/theclimatebook.org\/fr\/wp-json\/wp\/v2\/pages\/772","targetHints":{"allow":["GET"]}}],"collection":[{"href":"https:\/\/theclimatebook.org\/fr\/wp-json\/wp\/v2\/pages"}],"about":[{"href":"https:\/\/theclimatebook.org\/fr\/wp-json\/wp\/v2\/types\/page"}],"author":[{"embeddable":true,"href":"https:\/\/theclimatebook.org\/fr\/wp-json\/wp\/v2\/users\/5"}],"replies":[{"embeddable":true,"href":"https:\/\/theclimatebook.org\/fr\/wp-json\/wp\/v2\/comments?post=772"}],"version-history":[{"count":0,"href":"https:\/\/theclimatebook.org\/fr\/wp-json\/wp\/v2\/pages\/772\/revisions"}],"up":[{"embeddable":true,"href":"https:\/\/theclimatebook.org\/fr\/wp-json\/wp\/v2\/pages\/759"}],"wp:attachment":[{"href":"https:\/\/theclimatebook.org\/fr\/wp-json\/wp\/v2\/media?parent=772"}],"curies":[{"name":"wp","href":"https:\/\/api.w.org\/{rel}","templated":true}]}}