{"id":770,"date":"2022-09-07T17:25:52","date_gmt":"2022-09-07T17:25:52","guid":{"rendered":"https:\/\/theclimatebook.org\/notes-de-fin\/quavons-nous-fait-jusquici\/4-10-une-toute-nouvelle-facon-de-penser\/"},"modified":"2022-09-07T17:25:52","modified_gmt":"2022-09-07T17:25:52","slug":"4-10-une-toute-nouvelle-facon-de-penser","status":"publish","type":"page","link":"https:\/\/theclimatebook.org\/fr\/notes-de-fin\/quavons-nous-fait-jusquici\/4-10-une-toute-nouvelle-facon-de-penser\/","title":{"rendered":"4.10 Une toute nouvelle fa\u00e7on de penser"},"content":{"rendered":"<div class=\"notes\">\n<p class=\"author\"><a href=\"\/contributors#greta-thunberg\" rel=\"author\">Greta Thunberg<\/a><\/p>\n<p class=\"date\">Toutes les sources num\u00e9riques ont \u00e9t\u00e9 consult\u00e9es le <time datetime=\"2022-02-24\">24 f\u00e9vrier 2022<\/time><\/p>\n<ol start=\"240\">\n<li>\n<p>\n<q>\u00ab Le mode de vie am\u00e9ricain \u00bb<\/q> Deen, T., <cite>\u2018U.S. lifestyle is not up for negotiation\u2019<\/cite>, Inter Press Service, 1<sup>er<\/sup> mai  2012, <a href=\"https:\/\/www.ipsnews.net\/2012\/05\/us-lifestyle-is-not-up-for-negotiation\/\" target=\"_blank\" rel=\"noopener\">https:\/\/www.ipsnews.net\/2012\/05\/us-lifestyle-is-not-up-for-negotiation\/<\/a>.\n<\/p>\n<\/li>\n<li>\n<p>\n<q>Le niveau de s\u00e9curit\u00e9 du dioxyde de carbone pour cette stabilit\u00e9 climatique<\/q> Hansen, J., et al., <cite>\u2018Target atmospheric CO<sub>2<\/sub>: where should humanity aim?\u2019<\/cite>, <span class=\"book\">Open Atmospheric Science Journal<\/span>, 2, 2008: 217\u201331, doi: 10.2174\/1874282300802010217.\n<\/p>\n<\/li>\n<\/ol>\n<\/div>\n","protected":false},"excerpt":{"rendered":"<p>Greta Thunberg Toutes les sources num\u00e9riques ont \u00e9t\u00e9 consult\u00e9es le 24 f\u00e9vrier 2022 \u00ab Le mode de vie am\u00e9ricain \u00bb Deen, T., \u2018U.S. lifestyle is not up for negotiation\u2019, Inter Press Service, 1er mai 2012, https:\/\/www.ipsnews.net\/2012\/05\/us-lifestyle-is-not-up-for-negotiation\/. Le niveau de s\u00e9curit\u00e9 du dioxyde de carbone pour cette stabilit\u00e9 climatique Hansen, J., et al., \u2018Target atmospheric CO2:&hellip;<\/p>\n","protected":false},"author":5,"featured_media":0,"parent":759,"menu_order":10,"comment_status":"closed","ping_status":"closed","template":"page-essay.php","meta":{"footnotes":""},"class_list":["post-770","page","type-page","status-publish","hentry"],"_links":{"self":[{"href":"https:\/\/theclimatebook.org\/fr\/wp-json\/wp\/v2\/pages\/770","targetHints":{"allow":["GET"]}}],"collection":[{"href":"https:\/\/theclimatebook.org\/fr\/wp-json\/wp\/v2\/pages"}],"about":[{"href":"https:\/\/theclimatebook.org\/fr\/wp-json\/wp\/v2\/types\/page"}],"author":[{"embeddable":true,"href":"https:\/\/theclimatebook.org\/fr\/wp-json\/wp\/v2\/users\/5"}],"replies":[{"embeddable":true,"href":"https:\/\/theclimatebook.org\/fr\/wp-json\/wp\/v2\/comments?post=770"}],"version-history":[{"count":0,"href":"https:\/\/theclimatebook.org\/fr\/wp-json\/wp\/v2\/pages\/770\/revisions"}],"up":[{"embeddable":true,"href":"https:\/\/theclimatebook.org\/fr\/wp-json\/wp\/v2\/pages\/759"}],"wp:attachment":[{"href":"https:\/\/theclimatebook.org\/fr\/wp-json\/wp\/v2\/media?parent=770"}],"curies":[{"name":"wp","href":"https:\/\/api.w.org\/{rel}","templated":true}]}}