{"id":766,"date":"2022-09-06T12:19:39","date_gmt":"2022-09-06T12:19:39","guid":{"rendered":"https:\/\/theclimatebook.org\/notes-de-fin\/quavons-nous-fait-jusquici\/sources-denergie-non-fossiles\/"},"modified":"2022-09-06T12:19:39","modified_gmt":"2022-09-06T12:19:39","slug":"sources-denergie-non-fossiles","status":"publish","type":"page","link":"https:\/\/theclimatebook.org\/fr\/notes-de-fin\/quavons-nous-fait-jusquici\/sources-denergie-non-fossiles\/","title":{"rendered":"Sources d\u2019e\u0301nergie non fossiles"},"content":{"rendered":"<div class=\"notes\">\n<p class=\"date\">Toutes les sources num\u00e9riques ont \u00e9t\u00e9 consult\u00e9es le <time datetime=\"2022-03-04\">4 mars 2022<\/time><\/p>\n<ol start=\"228\">\n<li>\n<p>\n<q>96 % de l\u2019hydroge\u0300ne est actuellement produit a\u0300 partir d\u2019e\u0301nergies fossiles<\/q> Vaughan, A., <cite>\u2018Europe wants to use hydrogen to slow climate change \u2013 will it work?\u2019<\/cite>, <span class=\"book\">New Scientist<\/span>, 7 juillet 2020, <a href=\"https:\/\/www.newscientist.com\/article\/2248140-europe-wants-to-use-hydrogen-to-slow-climate-change-will-it-work\/#:~:text=Globally%2C%20around%2096%20per%20cent,coal%20and%20gas%20power%20stations\" target=\"_blank\" rel=\"noopener\">https:\/\/www.newscientist.com\/article\/2248140-europe-wants-to-use-hydrogen-to-slow-climate-change-will-it-work\/#:~:text=Globally%2C%20around%2096%20per%20cent,coal%20and%20gas%20power%20stations<\/a>.\n<\/p>\n<p>\n<q>engendre plus de gaz a\u0300 effet de serre qu\u2019elle n\u2019en capte<\/q> Global Witness, <cite>\u2018Hydrogen\u2019s hidden emissions\u2019<\/cite>, 20 janvier 2022, <a href=\"https:\/\/www.globalwitness.org\/en\/campaigns\/fossil-gas\/shell-hydrogen-true-emissions\/\" target=\"_blank\" rel=\"noopener\">https:\/\/www.globalwitness.org\/en\/campaigns\/fossil-gas\/shell-hydrogen-true-emissions\/<\/a>\n<\/p>\n<\/li>\n<li>\n<p>\n<q>17 % des e\u0301missions de gaz fossile<\/q> Gonzales, V., <cite>\u2018Geothermal energy 101\u2019<\/cite>, Resources for the Future, 11 septembre 2020, <a href=\"https:\/\/www.rff.org\/publications\/explainers\/geothermal-energy-101\/#:~:text=For%20comparison%2C%20geothermal%20fields%20only,type%20of%20fossil%2Dfuel%20plant\" target=\"_blank\" rel=\"noopener\">https:\/\/www.rff.org\/publications\/explainers\/geothermal-energy-101\/#:~:text=For%20comparison%2C%20geothermal%20fields%20only,type%20of%20fossil%2Dfuel%20plant<\/a>.\n<\/p>\n<\/li>\n<\/ol>\n<\/div>\n","protected":false},"excerpt":{"rendered":"<p>Toutes les sources num\u00e9riques ont \u00e9t\u00e9 consult\u00e9es le 4 mars 2022 96 % de l\u2019hydroge\u0300ne est actuellement produit a\u0300 partir d\u2019e\u0301nergies fossiles Vaughan, A., \u2018Europe wants to use hydrogen to slow climate change \u2013 will it work?\u2019, New Scientist, 7 juillet 2020, https:\/\/www.newscientist.com\/article\/2248140-europe-wants-to-use-hydrogen-to-slow-climate-change-will-it-work\/#:~:text=Globally%2C%20around%2096%20per%20cent,coal%20and%20gas%20power%20stations. engendre plus de gaz a\u0300 effet de serre qu\u2019elle n\u2019en capte Global&hellip;<\/p>\n","protected":false},"author":5,"featured_media":0,"parent":759,"menu_order":6,"comment_status":"closed","ping_status":"closed","template":"page-essay.php","meta":{"footnotes":""},"class_list":["post-766","page","type-page","status-publish","hentry"],"_links":{"self":[{"href":"https:\/\/theclimatebook.org\/fr\/wp-json\/wp\/v2\/pages\/766","targetHints":{"allow":["GET"]}}],"collection":[{"href":"https:\/\/theclimatebook.org\/fr\/wp-json\/wp\/v2\/pages"}],"about":[{"href":"https:\/\/theclimatebook.org\/fr\/wp-json\/wp\/v2\/types\/page"}],"author":[{"embeddable":true,"href":"https:\/\/theclimatebook.org\/fr\/wp-json\/wp\/v2\/users\/5"}],"replies":[{"embeddable":true,"href":"https:\/\/theclimatebook.org\/fr\/wp-json\/wp\/v2\/comments?post=766"}],"version-history":[{"count":0,"href":"https:\/\/theclimatebook.org\/fr\/wp-json\/wp\/v2\/pages\/766\/revisions"}],"up":[{"embeddable":true,"href":"https:\/\/theclimatebook.org\/fr\/wp-json\/wp\/v2\/pages\/759"}],"wp:attachment":[{"href":"https:\/\/theclimatebook.org\/fr\/wp-json\/wp\/v2\/media?parent=766"}],"curies":[{"name":"wp","href":"https:\/\/api.w.org\/{rel}","templated":true}]}}