{"id":765,"date":"2022-09-06T12:14:51","date_gmt":"2022-09-06T12:14:51","guid":{"rendered":"https:\/\/theclimatebook.org\/notes-de-fin\/quavons-nous-fait-jusquici\/lavenement-des-energies-renouvelables\/"},"modified":"2022-09-06T12:14:51","modified_gmt":"2022-09-06T12:14:51","slug":"lavenement-des-energies-renouvelables","status":"publish","type":"page","link":"https:\/\/theclimatebook.org\/fr\/notes-de-fin\/quavons-nous-fait-jusquici\/lavenement-des-energies-renouvelables\/","title":{"rendered":"L\u2019ave\u0300nement des e\u0301nergies renouvelables"},"content":{"rendered":"<div class=\"notes\">\n<p class=\"author\"><a href=\"\/contributors#glen-peters\" rel=\"author\">Glen Peters<\/a><\/p>\n<p class=\"date\">Toutes les sources num\u00e9riques ont \u00e9t\u00e9 consult\u00e9es le <time datetime=\"2022-03-04\">4 mars 2022<\/time><\/p>\n<ol start=\"224\">\n<li>\n<p>\n<q>Pendant deux cents ans, les e\u0301missions mondiales de CO<sub>2<\/sub> ont re\u0301gulie\u0300rement augmente\u0301<\/q> Stoddard, I., et al., <cite>\u2018Three decades of climate mitigation: why haven\u2019t we bent the global emissions curve?\u2019<\/cite>, <span class=\"book\">Annual Review of Environment and Resources<\/span>, 46, 2021: 653\u201389, <a href=\"https:\/\/doi.org\/10.1146\/annurev-environ-012220-011104\" target=\"_blank\" rel=\"noopener\">https:\/\/doi.org\/10.1146\/annurev-environ-012220-011104<\/a>.\n<\/p>\n<p>\n<q>a\u0300 son niveau le plus e\u0301leve\u0301 depuis les anne\u0301es 1950<\/q> Ibid.\n<\/p>\n<p>\n<q>Dans les pays a\u0300 revenu e\u0301leve\u0301, les e\u0301missions de CO<sub>2<\/sub> sont en baisse<\/q> Friedlingstein, P., et al., <cite>\u2018Global carbon budget 2021\u2019<\/cite>, <span class=\"book\">Earth System Science Data<\/span>, 14 (4), 2022: 1917\u20132005, <a href=\"https:\/\/doi.org\/10.5194\/essd-14-1917-2022\" target=\"_blank\" rel=\"noopener\">https:\/\/doi.org\/10.5194\/essd-14-1917-2022<\/a>.\n<\/p>\n<\/li>\n<\/ol>\n<\/div>\n","protected":false},"excerpt":{"rendered":"<p>Glen Peters Toutes les sources num\u00e9riques ont \u00e9t\u00e9 consult\u00e9es le 4 mars 2022 Pendant deux cents ans, les e\u0301missions mondiales de CO2 ont re\u0301gulie\u0300rement augmente\u0301 Stoddard, I., et al., \u2018Three decades of climate mitigation: why haven\u2019t we bent the global emissions curve?\u2019, Annual Review of Environment and Resources, 46, 2021: 653\u201389, https:\/\/doi.org\/10.1146\/annurev-environ-012220-011104. a\u0300 son niveau&hellip;<\/p>\n","protected":false},"author":5,"featured_media":0,"parent":759,"menu_order":6,"comment_status":"closed","ping_status":"closed","template":"page-essay.php","meta":{"footnotes":""},"class_list":["post-765","page","type-page","status-publish","hentry"],"_links":{"self":[{"href":"https:\/\/theclimatebook.org\/fr\/wp-json\/wp\/v2\/pages\/765","targetHints":{"allow":["GET"]}}],"collection":[{"href":"https:\/\/theclimatebook.org\/fr\/wp-json\/wp\/v2\/pages"}],"about":[{"href":"https:\/\/theclimatebook.org\/fr\/wp-json\/wp\/v2\/types\/page"}],"author":[{"embeddable":true,"href":"https:\/\/theclimatebook.org\/fr\/wp-json\/wp\/v2\/users\/5"}],"replies":[{"embeddable":true,"href":"https:\/\/theclimatebook.org\/fr\/wp-json\/wp\/v2\/comments?post=765"}],"version-history":[{"count":0,"href":"https:\/\/theclimatebook.org\/fr\/wp-json\/wp\/v2\/pages\/765\/revisions"}],"up":[{"embeddable":true,"href":"https:\/\/theclimatebook.org\/fr\/wp-json\/wp\/v2\/pages\/759"}],"wp:attachment":[{"href":"https:\/\/theclimatebook.org\/fr\/wp-json\/wp\/v2\/media?parent=765"}],"curies":[{"name":"wp","href":"https:\/\/api.w.org\/{rel}","templated":true}]}}