{"id":764,"date":"2022-09-06T12:06:00","date_gmt":"2022-09-06T12:06:00","guid":{"rendered":"https:\/\/theclimatebook.org\/notes-de-fin\/quavons-nous-fait-jusquici\/4-5-la-persistance-des-energies-fossiles\/"},"modified":"2022-09-06T12:06:00","modified_gmt":"2022-09-06T12:06:00","slug":"4-5-la-persistance-des-energies-fossiles","status":"publish","type":"page","link":"https:\/\/theclimatebook.org\/fr\/notes-de-fin\/quavons-nous-fait-jusquici\/4-5-la-persistance-des-energies-fossiles\/","title":{"rendered":"4.5 La persistance des e\u0301nergies fossiles"},"content":{"rendered":"<div class=\"notes\">\n<p class=\"author\"><a href=\"\/contributors#bill-mcKibben\" rel=\"author\">Bill McKibben<\/a><\/p>\n<p class=\"date\">Toutes les sources num\u00e9riques ont \u00e9t\u00e9 consult\u00e9es le <time datetime=\"2022-04-13\">13 avril 2022<\/time><\/p>\n<ol start=\"219\">\n<li>\n<p>\n<q>la fume\u0301e, qui, aujourd\u2019hui, tue 8,7 millions de personnes par an<\/q> Vohra, K., et al., <cite>\u2018Global mortality from outdoor fine particle pollution generated by fossil fuel combustion: results from GEOS-Chem\u2019<\/cite>, <span class=\"book\">Environmental Research<\/span>, 195, 2021: Article 110754, <a href=\"https:\/\/doi.org\/10.1016\/j.envres.2021.110754\" target=\"_blank\" rel=\"noopener\">https:\/\/doi.org\/10.1016\/j.envres.2021.110754<\/a>.\n<\/p>\n<\/li>\n<li>\n<p>\n<q>a\u0300 chaque fois que nous doublons l\u2019e\u0301nergie solaire sur Terre<\/q> Niranjan, A., <cite>\u2018Falling solar panel prices spell sunny future for clean energy\u2019<\/cite>, Deutsche Welle, 28 mai 2020, <a href=\"https:\/\/www.dw.com\/en\/cheap-solar-energy-prices-explained\/a-53590607\" target=\"_blank\" rel=\"noopener\">https:\/\/www.dw.com\/en\/cheap-solar-energy-prices-explained\/a-53590607<\/a>.\n<\/p>\n<p>\n<q>1,446 milliard de ve\u0301hicules sur les routes dans le monde<\/q> Hedges &#038; Company, <cite>\u2018How Many Cars Are There in the World in 2021?\u2019<\/cite>, 24 juin 2021, <a href=\"https:\/\/hedgescompany.com\/blog\/2021\/06\/how-many-cars-are-there-in-the-world\/\" target=\"_blank\" rel=\"noopener\">https:\/\/hedgescompany.com\/blog\/2021\/06\/how-many-cars-are-there-in-the-world\/<\/a>.\n<\/p>\n<p>\n<q>Mon pays, les E\u0301tats-Unis, en compte 282 millions<\/q> Carlier, M., <cite>\u2018U.S. \u2013 Number of vehicles in operation\u2019<\/cite>, Statista, 15 d\u00e9cembre 2021, <a href=\"https:\/\/www.statista.com\/statistics\/859950\/vehicles-in-operation-by-quarter-united-states\/\" target=\"_blank\" rel=\"noopener\">https:\/\/www.statista.com\/statistics\/859950\/vehicles-in-operation-by-quarter-united-states\/<\/a>.\n<\/p>\n<\/li>\n<\/ol>\n<ol start=\"222\">\n<li>\n<p>\n<q>90 % d\u2019entre eux auront pour la premie\u0300re fois l\u2019e\u0301lectricite\u0301 gra\u0302ce aux sources renouvelables<\/q> <cite>\u2018Renewables will give more people access to electricity than coal, says IEA\u2019<\/cite>, Renewable and Appropriate Energy Laboratory, Universit\u00e9 de Californie \u00e0 Berkeley, 19 octobre 2017, <a href=\"https:\/\/rael.berkeley.edu\/2017\/10\/renewables-will-give-more-people-access-to-electricity-than-coal-says-iea\/\" target=\"_blank\" rel=\"noopener\">https:\/\/rael.berkeley.edu\/2017\/10\/renewables-will-give-more-people-access-to-electricity-than-coal-says-iea\/<\/a>.\n<\/p>\n<\/li>\n<\/ol>\n<\/div>\n","protected":false},"excerpt":{"rendered":"<p>Bill McKibben Toutes les sources num\u00e9riques ont \u00e9t\u00e9 consult\u00e9es le 13 avril 2022 la fume\u0301e, qui, aujourd\u2019hui, tue 8,7 millions de personnes par an Vohra, K., et al., \u2018Global mortality from outdoor fine particle pollution generated by fossil fuel combustion: results from GEOS-Chem\u2019, Environmental Research, 195, 2021: Article 110754, https:\/\/doi.org\/10.1016\/j.envres.2021.110754. a\u0300 chaque fois que nous&hellip;<\/p>\n","protected":false},"author":5,"featured_media":0,"parent":759,"menu_order":5,"comment_status":"closed","ping_status":"closed","template":"page-essay.php","meta":{"footnotes":""},"class_list":["post-764","page","type-page","status-publish","hentry"],"_links":{"self":[{"href":"https:\/\/theclimatebook.org\/fr\/wp-json\/wp\/v2\/pages\/764","targetHints":{"allow":["GET"]}}],"collection":[{"href":"https:\/\/theclimatebook.org\/fr\/wp-json\/wp\/v2\/pages"}],"about":[{"href":"https:\/\/theclimatebook.org\/fr\/wp-json\/wp\/v2\/types\/page"}],"author":[{"embeddable":true,"href":"https:\/\/theclimatebook.org\/fr\/wp-json\/wp\/v2\/users\/5"}],"replies":[{"embeddable":true,"href":"https:\/\/theclimatebook.org\/fr\/wp-json\/wp\/v2\/comments?post=764"}],"version-history":[{"count":0,"href":"https:\/\/theclimatebook.org\/fr\/wp-json\/wp\/v2\/pages\/764\/revisions"}],"up":[{"embeddable":true,"href":"https:\/\/theclimatebook.org\/fr\/wp-json\/wp\/v2\/pages\/759"}],"wp:attachment":[{"href":"https:\/\/theclimatebook.org\/fr\/wp-json\/wp\/v2\/media?parent=764"}],"curies":[{"name":"wp","href":"https:\/\/api.w.org\/{rel}","templated":true}]}}