{"id":763,"date":"2022-09-06T11:57:15","date_gmt":"2022-09-06T11:57:15","guid":{"rendered":"https:\/\/theclimatebook.org\/notes-de-fin\/quavons-nous-fait-jusquici\/4-4-nous-navancons-pas-dans-la-bonne-direction\/"},"modified":"2022-09-06T11:57:15","modified_gmt":"2022-09-06T11:57:15","slug":"4-4-nous-navancons-pas-dans-la-bonne-direction","status":"publish","type":"page","link":"https:\/\/theclimatebook.org\/fr\/notes-de-fin\/quavons-nous-fait-jusquici\/4-4-nous-navancons-pas-dans-la-bonne-direction\/","title":{"rendered":"4.4 Nous n\u2019avan\u00e7ons pas dans la bonne direction"},"content":{"rendered":"<div class=\"notes\">\n<p class=\"author\"><a href=\"\/contributors#greta-thunberg\" rel=\"author\">Greta Thunberg<\/a><\/p>\n<p class=\"date\">Toutes les sources num\u00e9riques ont \u00e9t\u00e9 consult\u00e9es le <time datetime=\"2022-02-24\">24 f\u00e9vrier 2022<\/time><\/p>\n<ol start=\"216\">\n<li>\n<p>\n<q>\u00e0 en croire les calculs du scientifique du climat Peter Kalmus<\/q> Kalmus, P., <cite>\u2018Today the world\u2019s biggest carbon capture facility turned on\u2019<\/cite>, Twitter, 9 septembre 2021, <a href=\"https:\/\/techstory.in\/orca-worlds-largest-carbon-capturing-facility-just-opened-in-iceland\/\" target=\"_blank\" rel=\"noopener\">https:\/\/techstory.in\/orca-worlds-largest-carbon-capturing-facility-just-opened-in-iceland\/<\/a>, <a href=\"https:\/\/www.businessinsider.nl\/the-worlds-biggest-carbon-removal-plant-just-opened-in-a-year-itll-negate-just-3-seconds-worth-of-global-emissions\/\" target=\"_blank\" rel=\"noopener\">https:\/\/www.businessinsider.nl\/the-worlds-biggest-carbon-removal-plant-just-opened-in-a-year-itll-negate-just-3-seconds-worth-of-global-emissions\/<\/a>.\n<\/p>\n<p>\n<q>Il s\u2019agirait d\u2019en faire des semaines<\/q> Chaque ann\u00e9e nous \u00e9mettons actuellement environ 42GT de CO<sub>2<\/sub>. Cela \u00e9quivaut \u00e0 peu pr\u00e8s 0,8GT de CO<sub>2<\/sub> par semaine. Par exemple, le rapport \u201cNet Zero 2050 roadmap\u201d de l\u2019AIE (de 2021) estime que la capture globale de CO<sub>2<\/sub> d\u2019ici 2050 sera de 7,6GT de CO<sub>2<\/sub> par an. Soit environ 9,5 semaines des niveaux d\u2019\u00e9mission actuels. On estime que la capture de CO<sub>2<\/sub> \u00e0 l\u2019ann\u00e9e 2050 par seule extraction directe dans l\u2019air sera \u201cd\u2019un peu moins de 1GT\u201d.<br \/>\n<a href=\"https:\/\/www.unepfi.org\/industries\/investment\/net-zero-asset-owner-alliance-backs-call-to-scale-up-carbon-removal-from-atmosphere\/\" target=\"_blank\" rel=\"noopener\">https:\/\/www.unepfi.org\/industries\/investment\/net-zero-asset-owner-alliance-backs-call-to-scale-up-carbon-removal-from-atmosphere\/<\/a>, <a href=\"https:\/\/iea.blob.core.windows.net\/assets\/deebef5d-0c34-4539-9d0c-10b13d840027\/NetZeroby2050-ARoadmapfortheGlobalEnergySector_CORR.pdf\" target=\"_blank\" rel=\"noopener\">https:\/\/iea.blob.core.windows.net\/assets\/deebef5d-0c34-4539-9d0c-10b13d840027\/NetZeroby2050-ARoadmapfortheGlobalEnergySector_CORR.pdf<\/a>.<\/p>\n<p>\n<q>leurs plans, leurs engagements d\u00e9pendent<\/q><br \/>\n<a href=\"https:\/\/unfccc.int\/news\/cop26-update-to-the-ndc-synthesis-report\" target=\"_blank\" rel=\"noopener\">https:\/\/unfccc.int\/news\/cop26-update-to-the-ndc-synthesis-report<\/a>.\n<\/p>\n<p>\n<q>\u00e0 peine 2 %<\/q><br \/>\n<a href=\"https:\/\/www.iea.org\/news\/with-only-2-of-governments-recovery-spending-going-to-clean-energy-transitions-global-emissions-are-set-to-surge-to-an-all-time-high\" target=\"_blank\" rel=\"noopener\">https:\/\/www.iea.org\/news\/with-only-2-of-governments-recovery-spending-going-to-clean-energy-transitions-global-emissions-are-set-to-surge-to-an-all-time-high<\/a>.\n<\/p>\n<p>\n<q>leur plus haut niveau depuis la pr\u00e9sidence de George W. Bush<\/q><br \/>\n<a href=\"https:\/\/apnews.com\/article\/joe-biden-business-science-environment-and-nature-6ac8ff49970e4b052489678b40e3ba82.\" target=\"_blank\" rel=\"noopener\">https:\/\/apnews.com\/article\/joe-biden-business-science-environment-and-nature-6ac8ff49970e4b052489678b40e3ba82.<\/a>.\n<\/p>\n<p>\n<q>la quantit\u00e9 globale d\u2019\u00e9lectricit\u00e9<\/q><br \/>\n<a href=\"https:\/\/www.reuters.com\/markets\/commodities\/global-2021-coal-fired-electricity-generation-surges-record-high-2022-07-21\/\" target=\"_blank\" rel=\"noopener\">\thttps:\/\/www.reuters.com\/markets\/commodities\/global-2021-coal-fired-electricity-generation-surges-record-high-2022-07-21\/<\/a>.\n<\/p>\n<p>\n<q>deuxi\u00e8me plus forte hausse jamais enregistr\u00e9e<\/q><br \/>\n<a href=\"https:\/\/www.iea.org\/news\/global-carbon-dioxide-emissions-are-set-for-their-second-biggest-increase-in-history\" target=\"_blank\" rel=\"noopener\">https:\/\/www.iea.org\/news\/global-carbon-dioxide-emissions-are-set-for-their-second-biggest-increase-in-history<\/a>.\n<\/p>\n<\/li>\n<li>\n<p>\n<q>subventionn\u00e9es \u00e0 hauteur de 5 900 milliards de dollars rien qu\u2019en 2020<\/q> Parry, I. W. H., et al., <cite><span class=\"book\">Still Not Getting Energy Prices Right: A Global and Country Update of Fossil Fuel Subsidies<\/span><\/cite>, document de travail du Fonds Mon\u00e9taire International, 24 septembre 2021, <a href=\"https:\/\/www.imf.org\/en\/Publications\/WP\/Issues\/2021\/09\/23\/Still-Not-Getting-Energy-Prices-Right-A-Global-and-Country-Update-of-Fossil-Fuel-Subsidies-466004\" target=\"_blank\" rel=\"noopener\">https:\/\/www.imf.org\/en\/Publications\/WP\/Issues\/2021\/09\/23\/Still-Not-Getting-Energy-Prices-Right-A-Global-and-Country-Update-of-Fossil-Fuel-Subsidies-466004<\/a>.\n<\/p>\n<p>\n<q>2 % avaient \u00e9t\u00e9 inject\u00e9s dans l\u2019\u00e9nergie verte<\/q> International Energy Agency, <cite>\u2018Sustainable recovery tracker: monitoring progress towards sustainable recoveries from the Covid-19 crisis\u2019<\/cite>, 2021, <a href=\"https:\/\/www.iea.org\/reports\/sustainable-recovery-tracker\" target=\"_blank\" rel=\"noopener\">https:\/\/www.iea.org\/reports\/sustainable-recovery-tracker<\/a>.\n<\/p>\n<p>\n<q>La Chine pr\u00e9voit de construire quarante-trois nouvelles centrales \u00e0 charbon<\/q> Gunia, A., <cite>\u2018China is planning to build 43 new coal-fired power plants. Can it still keep its promises to cut emissions?\u2019<\/cite>, <span class=\"book\">Time<\/span>, 20 ao\u00fbt 2021, <a href=\"https:\/\/time.com\/6090732\/china-coal-power-plants-emissions\/\" target=\"_blank\" rel=\"noopener\">https:\/\/time.com\/6090732\/china-coal-power-plants-emissions\/<\/a>.\n<\/p>\n<\/li>\n<li>\n<p>\n<q>s\u2019accro\u00eetre les \u00e9missions de 16 % d\u2019ici 2030<\/q> Convention-cadre du Secr\u00e9tariat des Nations unies sur les changements climatiques, <cite><span class=\"book\">Contributions d\u00e9termin\u00e9es au niveau national en vertu de l\u2019Accord de Paris : Rapport de synth\u00e8se<\/span><\/cite>, 17 septembre 2021, <a href=\"https:\/\/unfccc.int\/sites\/default\/files\/resource\/cma2021_08E.pdf\" target=\"_blank\" rel=\"noopener\">https:\/\/unfccc.int\/sites\/default\/files\/resource\/cma2021_08E.pdf<\/a>.\n<\/p>\n<p>\n<q>les incendies sur toute la plan\u00e8te en 2021 ont cr\u00e9\u00e9 l\u2019\u00e9quivalent de 6 450 m\u00e9gatonnes de CO<sub>2<\/sub><\/q> Copernicus Atmosphere Monitoring Service, <cite>\u2018Wildfires wreaked havoc in 2021, CAMS tracked their impact\u2019<\/cite>, 6 d\u00e9cembre 2021, <a href=\"https:\/\/atmosphere.copernicus.eu\/wildfires-wreaked-havoc-2021-cams-tracked-their-impact\" target=\"_blank\" rel=\"noopener\">https:\/\/atmosphere.copernicus.eu\/wildfires-wreaked-havoc-2021-cams-tracked-their-impact<\/a>.\n<\/p>\n<\/li>\n<\/ol>\n<\/div>\n","protected":false},"excerpt":{"rendered":"<p>Greta Thunberg Toutes les sources num\u00e9riques ont \u00e9t\u00e9 consult\u00e9es le 24 f\u00e9vrier 2022 \u00e0 en croire les calculs du scientifique du climat Peter Kalmus Kalmus, P., \u2018Today the world\u2019s biggest carbon capture facility turned on\u2019, Twitter, 9 septembre 2021, https:\/\/techstory.in\/orca-worlds-largest-carbon-capturing-facility-just-opened-in-iceland\/, https:\/\/www.businessinsider.nl\/the-worlds-biggest-carbon-removal-plant-just-opened-in-a-year-itll-negate-just-3-seconds-worth-of-global-emissions\/. Il s\u2019agirait d\u2019en faire des semaines Chaque ann\u00e9e nous \u00e9mettons actuellement environ 42GT de&hellip;<\/p>\n","protected":false},"author":5,"featured_media":0,"parent":759,"menu_order":4,"comment_status":"closed","ping_status":"closed","template":"page-essay.php","meta":{"footnotes":""},"class_list":["post-763","page","type-page","status-publish","hentry"],"_links":{"self":[{"href":"https:\/\/theclimatebook.org\/fr\/wp-json\/wp\/v2\/pages\/763","targetHints":{"allow":["GET"]}}],"collection":[{"href":"https:\/\/theclimatebook.org\/fr\/wp-json\/wp\/v2\/pages"}],"about":[{"href":"https:\/\/theclimatebook.org\/fr\/wp-json\/wp\/v2\/types\/page"}],"author":[{"embeddable":true,"href":"https:\/\/theclimatebook.org\/fr\/wp-json\/wp\/v2\/users\/5"}],"replies":[{"embeddable":true,"href":"https:\/\/theclimatebook.org\/fr\/wp-json\/wp\/v2\/comments?post=763"}],"version-history":[{"count":0,"href":"https:\/\/theclimatebook.org\/fr\/wp-json\/wp\/v2\/pages\/763\/revisions"}],"up":[{"embeddable":true,"href":"https:\/\/theclimatebook.org\/fr\/wp-json\/wp\/v2\/pages\/759"}],"wp:attachment":[{"href":"https:\/\/theclimatebook.org\/fr\/wp-json\/wp\/v2\/media?parent=763"}],"curies":[{"name":"wp","href":"https:\/\/api.w.org\/{rel}","templated":true}]}}