{"id":762,"date":"2022-09-06T11:46:40","date_gmt":"2022-09-06T11:46:40","guid":{"rendered":"https:\/\/theclimatebook.org\/notes-de-fin\/quavons-nous-fait-jusquici\/4-3-la-verite-sur-les-objectifs-climatiques-des-etats\/"},"modified":"2022-11-07T09:00:49","modified_gmt":"2022-11-07T09:00:49","slug":"4-3-la-verite-sur-les-objectifs-climatiques-des-etats","status":"publish","type":"page","link":"https:\/\/theclimatebook.org\/fr\/notes-de-fin\/quavons-nous-fait-jusquici\/4-3-la-verite-sur-les-objectifs-climatiques-des-etats\/","title":{"rendered":"4.3 La ve\u0301rite\u0301 sur les objectifs climatiques des E\u0301tats"},"content":{"rendered":"<div class=\"notes\">\n<p class=\"author\"><a href=\"\/contributors#alexandra-urisman-otto\" rel=\"author\">Alexandra Urisman Otto<\/a><\/p>\n<p class=\"date\">Toutes les sources num\u00e9riques ont \u00e9t\u00e9 consult\u00e9es le <time datetime=\"2022-03-13\">13 mars 2022<\/time><\/p>\n<ol start=\"211\">\n<li>\n<p>\n<q>c\u2019est le chiffre qui est syst\u00e9matiquement donn\u00e9 lors des d\u00e9bats politiques et dans les statistiques officielles<\/q> <a href=\"https:\/\/www.naturvardsverket.se\/om-oss\/aktuellt\/nyheter-och-pressmeddelanden\/sveriges-klimatutslapp-okade-med-fyra-procent-under-2021\/\" target=\"_blank\" rel=\"noopener\">https:\/\/www.naturvardsverket.se\/om-oss\/aktuellt\/nyheter-och-pressmeddelanden\/sveriges-klimatutslapp-okade-med-fyra-procent-under-2021\/<\/a>.\n<\/p>\n<p>\n<q>additionne les \u00e9missions issues de la consummation<\/q><br \/>\n<a href=\"https:\/\/web.archive.org\/web\/20210416194222\/\" target=\"_blank\" rel=\"noopener\">https:\/\/web.archive.org\/web\/20210416194222\/<\/a>, <a href=\"https:\/\/naturvardsverket.se\/Sa-mar-miljon\/Statistik-A-O\/Vaxthusgaser-konsumtionsbaserade-utslapp-Sverige-och-andra-lander\/\" target=\"_blank\" rel=\"noopener\">https:\/\/naturvardsverket.se\/Sa-mar-miljon\/Statistik-A-O\/Vaxthusgaser-konsumtionsbaserade-utslapp-Sverige-och-andra-lander\/<\/a>.\n<\/p>\n<p>\n<q>et de la combustion de biomasse<\/q><br \/>\n<a href=\"https:\/\/www.statistikdatabasen.scb.se\/pxweb\/sv\/ssd\/START__MI__MI0107\/TotaltUtslappN\/\" target=\"_blank\" rel=\"noopener\">https:\/\/www.statistikdatabasen.scb.se\/pxweb\/sv\/ssd\/START__MI__MI0107\/TotaltUtslappN\/<\/a>.\n<\/p>\n<p>\n<q>la Su\u00e8de aurait besoin d\u2019un taux de baisse \u00e0 deux chiffres chaque ann\u00e9e pour s\u2019approcher de sa justepart de transition.<\/q><br \/>\n<a href=\"https:\/\/www.tandfonline.com\/doi\/full\/10.1080\/14693062.2020.1728209\" target=\"_blank\" rel=\"noopener\">https:\/\/www.tandfonline.com\/doi\/full\/10.1080\/14693062.2020.1728209<\/a>.\n<\/p>\n<\/li>\n<li>\n<p>\n<q>l\u2019agence publique su\u00e9doise de protection environnementale, dans son \u00e9valuation<\/q> Naturv\u00e5rdsverket, <cite>\u2018Underlag till regeringens klimatpolitiska handlingsplan\u2019<\/cite>, <a href=\"https:\/\/www.naturvardsverket.se\/om-oss\/publikationer\/6800\/underlag-till-regeringens-klimatpolitiska-handlingsplan\/\" target=\"_blank\" rel=\"noopener\">https:\/\/www.naturvardsverket.se\/om-oss\/publikationer\/6800\/underlag-till-regeringens-klimatpolitiska-handlingsplan\/<\/a>.\n<\/p>\n<\/li>\n<li>\n<p>\n<q>la publication de mon article pendant l\u2019\u00e9t\u00e9<\/q><br \/>\n<a href=\"https:\/\/www.dn.se\/sverige\/sverige-ska-ga-fore-anda-ar-klimatmalen-langt-ifran-tillrackliga\/\" target=\"_blank\" rel=\"noopener\">https:\/\/www.dn.se\/sverige\/sverige-ska-ga-fore-anda-ar-klimatmalen-langt-ifran-tillrackliga\/<\/a>.\n<\/p>\n<\/li>\n<li>\n<p>\n<q>\u00ab Si nous calculons mal les e\u0301missions aujourd\u2019hui \u00bb<\/q> Mooney, C., et al., <cite>\u2018Countries\u2019 climate pledges built on flawed data, Post investigation finds\u2019<\/cite>, <span class=\"book\">Washington Post<\/span>, 7 novembre 2021, <a href=\"https:\/\/www.washingtonpost.com\/climate-environment\/interactive\/2021\/greenhouse-gas-emissions-pledges-data\/\" target=\"_blank\" rel=\"noopener\">https:\/\/www.washingtonpost.com\/climate-environment\/interactive\/2021\/greenhouse-gas-emissions-pledges-data\/<\/a>.\n<\/p>\n<\/li>\n<\/ol>\n<\/div>\n","protected":false},"excerpt":{"rendered":"<p>Alexandra Urisman Otto Toutes les sources num\u00e9riques ont \u00e9t\u00e9 consult\u00e9es le 13 mars 2022 c\u2019est le chiffre qui est syst\u00e9matiquement donn\u00e9 lors des d\u00e9bats politiques et dans les statistiques officielles https:\/\/www.naturvardsverket.se\/om-oss\/aktuellt\/nyheter-och-pressmeddelanden\/sveriges-klimatutslapp-okade-med-fyra-procent-under-2021\/. additionne les \u00e9missions issues de la consummation https:\/\/web.archive.org\/web\/20210416194222\/, https:\/\/naturvardsverket.se\/Sa-mar-miljon\/Statistik-A-O\/Vaxthusgaser-konsumtionsbaserade-utslapp-Sverige-och-andra-lander\/. et de la combustion de biomasse https:\/\/www.statistikdatabasen.scb.se\/pxweb\/sv\/ssd\/START__MI__MI0107\/TotaltUtslappN\/. la Su\u00e8de aurait besoin d\u2019un taux de baisse&hellip;<\/p>\n","protected":false},"author":5,"featured_media":0,"parent":759,"menu_order":3,"comment_status":"closed","ping_status":"closed","template":"page-essay.php","meta":{"footnotes":""},"class_list":["post-762","page","type-page","status-publish","hentry"],"_links":{"self":[{"href":"https:\/\/theclimatebook.org\/fr\/wp-json\/wp\/v2\/pages\/762","targetHints":{"allow":["GET"]}}],"collection":[{"href":"https:\/\/theclimatebook.org\/fr\/wp-json\/wp\/v2\/pages"}],"about":[{"href":"https:\/\/theclimatebook.org\/fr\/wp-json\/wp\/v2\/types\/page"}],"author":[{"embeddable":true,"href":"https:\/\/theclimatebook.org\/fr\/wp-json\/wp\/v2\/users\/5"}],"replies":[{"embeddable":true,"href":"https:\/\/theclimatebook.org\/fr\/wp-json\/wp\/v2\/comments?post=762"}],"version-history":[{"count":0,"href":"https:\/\/theclimatebook.org\/fr\/wp-json\/wp\/v2\/pages\/762\/revisions"}],"up":[{"embeddable":true,"href":"https:\/\/theclimatebook.org\/fr\/wp-json\/wp\/v2\/pages\/759"}],"wp:attachment":[{"href":"https:\/\/theclimatebook.org\/fr\/wp-json\/wp\/v2\/media?parent=762"}],"curies":[{"name":"wp","href":"https:\/\/api.w.org\/{rel}","templated":true}]}}