{"id":760,"date":"2022-09-06T11:32:07","date_gmt":"2022-09-06T11:32:07","guid":{"rendered":"https:\/\/theclimatebook.org\/notes-de-fin\/quavons-nous-fait-jusquici\/4-1-comment-reparer-nos-echecs-si-nous-ne-sommes-pas-capables-de-les-reconnaitre\/"},"modified":"2022-09-06T11:32:07","modified_gmt":"2022-09-06T11:32:07","slug":"4-1-comment-reparer-nos-echecs-si-nous-ne-sommes-pas-capables-de-les-reconnaitre","status":"publish","type":"page","link":"https:\/\/theclimatebook.org\/fr\/notes-de-fin\/quavons-nous-fait-jusquici\/4-1-comment-reparer-nos-echecs-si-nous-ne-sommes-pas-capables-de-les-reconnaitre\/","title":{"rendered":"4.1 Comment r\u00e9parer nos \u00e9checs si nous ne sommes pas capables de les reconna\u00eetre ?"},"content":{"rendered":"<div class=\"notes\">\n<p class=\"author\"><a href=\"\/contributors#greta-thunberg\" rel=\"author\">Greta Thunberg<\/a><\/p>\n<p class=\"date\">Toutes les sources num\u00e9riques ont \u00e9t\u00e9 consult\u00e9es le <time datetime=\"2022-02-04\">4 f\u00e9vrier 2022<\/time><\/p>\n<ol start=\"201\">\n<li>\n<p>\n<q>un tiers seulement de nos \u00e9missions [\u2026] \u00e9tait inclus<\/q> <cite>\u2018Klimatpolitiken r\u00e4cker bara halvv\u00e4gs \u2013 f\u00f6r att n\u00e5 redan bristf\u00e4lliga m\u00e5l\u2019<\/cite>, <span class=\"book\">Dagens Nyheter<\/span>, 25 juillet 2021, <a href=\"https:\/\/www.dn.se\/sverige\/klimatpolitiken-racker-bara-halvvags-for-att-na-redan-bristfalliga-mal\/\" target=\"_blank\" rel=\"noopener\">https:\/\/www.dn.se\/sverige\/klimatpolitiken-racker-bara-halvvags-for-att-na-redan-bristfalliga-mal\/<\/a>.\n<\/p>\n<p>\n<q>ce ph\u00e9nom\u00e8ne est loin d\u2019\u00eatre sp\u00e9cifique<\/q> Mooney, C., et al., <cite>\u2018Countries\u2019 climate pledges built on flawed data, Post investigation finds\u2019<\/cite>, <span class=\"book\">Washington Post<\/span>, 7 novembre 2021, <a href=\"https:\/\/www.washingtonpost.com\/climate-environment\/interactive\/2021\/greenhouse-gas-emissions-pledges-data\/\" target=\"_blank\" rel=\"noopener\">https:\/\/www.washingtonpost.com\/climate-environment\/interactive\/2021\/greenhouse-gas-emissions-pledges-data\/<\/a>.\n<\/p>\n<\/li>\n<\/ol>\n<\/div>\n","protected":false},"excerpt":{"rendered":"<p>Greta Thunberg Toutes les sources num\u00e9riques ont \u00e9t\u00e9 consult\u00e9es le 4 f\u00e9vrier 2022 un tiers seulement de nos \u00e9missions [\u2026] \u00e9tait inclus \u2018Klimatpolitiken r\u00e4cker bara halvv\u00e4gs \u2013 f\u00f6r att n\u00e5 redan bristf\u00e4lliga m\u00e5l\u2019, Dagens Nyheter, 25 juillet 2021, https:\/\/www.dn.se\/sverige\/klimatpolitiken-racker-bara-halvvags-for-att-na-redan-bristfalliga-mal\/. ce ph\u00e9nom\u00e8ne est loin d\u2019\u00eatre sp\u00e9cifique Mooney, C., et al., \u2018Countries\u2019 climate pledges built on flawed&hellip;<\/p>\n","protected":false},"author":5,"featured_media":0,"parent":759,"menu_order":1,"comment_status":"closed","ping_status":"closed","template":"page-essay.php","meta":{"footnotes":""},"class_list":["post-760","page","type-page","status-publish","hentry"],"_links":{"self":[{"href":"https:\/\/theclimatebook.org\/fr\/wp-json\/wp\/v2\/pages\/760","targetHints":{"allow":["GET"]}}],"collection":[{"href":"https:\/\/theclimatebook.org\/fr\/wp-json\/wp\/v2\/pages"}],"about":[{"href":"https:\/\/theclimatebook.org\/fr\/wp-json\/wp\/v2\/types\/page"}],"author":[{"embeddable":true,"href":"https:\/\/theclimatebook.org\/fr\/wp-json\/wp\/v2\/users\/5"}],"replies":[{"embeddable":true,"href":"https:\/\/theclimatebook.org\/fr\/wp-json\/wp\/v2\/comments?post=760"}],"version-history":[{"count":0,"href":"https:\/\/theclimatebook.org\/fr\/wp-json\/wp\/v2\/pages\/760\/revisions"}],"up":[{"embeddable":true,"href":"https:\/\/theclimatebook.org\/fr\/wp-json\/wp\/v2\/pages\/759"}],"wp:attachment":[{"href":"https:\/\/theclimatebook.org\/fr\/wp-json\/wp\/v2\/media?parent=760"}],"curies":[{"name":"wp","href":"https:\/\/api.w.org\/{rel}","templated":true}]}}