{"id":758,"date":"2022-09-05T15:57:46","date_gmt":"2022-09-05T15:57:46","guid":{"rendered":"https:\/\/theclimatebook.org\/notes-de-fin\/quels-impacts-sur-lhumanite\/3-20-le-veritable-cou%cc%82t-du-changement-climatique\/"},"modified":"2022-09-05T15:57:46","modified_gmt":"2022-09-05T15:57:46","slug":"3-20-le-veritable-cou%cc%82t-du-changement-climatique","status":"publish","type":"page","link":"https:\/\/theclimatebook.org\/fr\/notes-de-fin\/quels-impacts-sur-lhumanite\/3-20-le-veritable-cou%cc%82t-du-changement-climatique\/","title":{"rendered":"3.20 Le ve\u0301ritable cou\u0302t du changement climatique"},"content":{"rendered":"<div class=\"notes\">\n<p class=\"author\"><a href=\"\/contributors#eugene-linden\" rel=\"author\">Eugene Linden<\/a><\/p>\n<p class=\"date\">Toutes les sources num\u00e9riques ont \u00e9t\u00e9 consult\u00e9es le <time datetime=\"2022-03-04\">4 mars 2022<\/time><\/p>\n<ol start=\"191\">\n<li>\n<p>\n<q>0,25 % du PIB<\/q> Nordhaus, W. D., <cite>\u2018Rolling the \u00ab DICE \u00bb: an optimal transition path for controlling greenhouse gases\u2019\u2018Rolling the \u201cDICE\u201d: an optimal transition path for controlling greenhouse gases\u2019<\/cite>, <span class=\"book\">Resource and Energy Economics<\/span>, 15 (1), 1993, 27\u201350, <a href=\"https:\/\/doi.org\/10.1016\/0928-7655(93)90017-O\" target=\"_blank\" rel=\"noopener\">https:\/\/doi.org\/10.1016\/0928-7655(93)90017-O<\/a>.\n<\/p>\n<\/li>\n<li>\n<p>\n<q>chiffrait a\u0300 69 000 milliards de dollars l\u2019impact sur l\u2019e\u0301conomie mondiale d\u2019un re\u0301chauffement de 2 \u00b0C<\/q> Lafakis, C., et al., <cite><span class=\"book\">The Economic Implications of Climate Change<\/span><\/cite>, Moody\u2019s Analytics, juin 2021, <a href=\"https:\/\/www.moodysanalytics.com\/-\/media\/article\/2019\/economic-implications-of-climate-change.pdf\" target=\"_blank\" rel=\"noopener\">https:\/\/www.moodysanalytics.com\/-\/media\/article\/2019\/economic-implications-of-climate-change.pdf<\/a>.\n<\/p>\n<p>\n<q>cou\u0302t e\u0301conomique trois fois supe\u0301rieur a\u0300 celui de la pande\u0301mie de Covid-19<\/q> Guo, J., et al., <cite><span class=\"book\">The Economics of Climate Change: No Action Not an Option<\/span><\/cite>, Swiss Re Institute, avril 2021, <a href=\"https:\/\/www.swissre.com\/dam\/jcr:e73ee7c3-7f83-4c17-a2b8-8ef23a8d3312\/swiss-re-institute-expertise-publication-economics-of-climate-change.pdf\" target=\"_blank\" rel=\"noopener\">https:\/\/www.swissre.com\/dam\/jcr:e73ee7c3-7f83-4c17-a2b8-8ef23a8d3312\/swiss-re-institute-expertise-publication-economics-of-climate-change.pdf<\/a>.\n<\/p>\n<\/li>\n<li>\n<p>\n<q>ce chiffre est passe\u0301 a\u0300 3 billions de dollars<\/q> Aon, <cite><span class=\"book\">Weather Climate and Catastrophe Insight: 2019 Annual Report<\/span><\/cite>, 2019, <a href=\"https:\/\/www.aon.com\/global-weather-catastrophe-natural-disasters-costs-climate-change-2019-annual-report\/index.html?utm_source=prnewswire&#038;utm_medium=mediarelease&#038;utm_campaign=natcat20\" target=\"_blank\" rel=\"noopener\">https:\/\/www.aon.com\/global-weather-catastrophe-natural-disasters-costs-climate-change-2019-annual-report\/index.html?utm_source=prnewswire&#038;utm_medium=mediarelease&#038;utm_campaign=natcat20<\/a>.\n<\/p>\n<\/li>\n<\/ol>\n<\/div>\n","protected":false},"excerpt":{"rendered":"<p>Eugene Linden Toutes les sources num\u00e9riques ont \u00e9t\u00e9 consult\u00e9es le 4 mars 2022 0,25 % du PIB Nordhaus, W. D., \u2018Rolling the \u00ab DICE \u00bb: an optimal transition path for controlling greenhouse gases\u2019\u2018Rolling the \u201cDICE\u201d: an optimal transition path for controlling greenhouse gases\u2019, Resource and Energy Economics, 15 (1), 1993, 27\u201350, https:\/\/doi.org\/10.1016\/0928-7655(93)90017-O. chiffrait a\u0300 69&hellip;<\/p>\n","protected":false},"author":5,"featured_media":0,"parent":740,"menu_order":20,"comment_status":"closed","ping_status":"closed","template":"page-essay.php","meta":{"footnotes":""},"class_list":["post-758","page","type-page","status-publish","hentry"],"_links":{"self":[{"href":"https:\/\/theclimatebook.org\/fr\/wp-json\/wp\/v2\/pages\/758","targetHints":{"allow":["GET"]}}],"collection":[{"href":"https:\/\/theclimatebook.org\/fr\/wp-json\/wp\/v2\/pages"}],"about":[{"href":"https:\/\/theclimatebook.org\/fr\/wp-json\/wp\/v2\/types\/page"}],"author":[{"embeddable":true,"href":"https:\/\/theclimatebook.org\/fr\/wp-json\/wp\/v2\/users\/5"}],"replies":[{"embeddable":true,"href":"https:\/\/theclimatebook.org\/fr\/wp-json\/wp\/v2\/comments?post=758"}],"version-history":[{"count":0,"href":"https:\/\/theclimatebook.org\/fr\/wp-json\/wp\/v2\/pages\/758\/revisions"}],"up":[{"embeddable":true,"href":"https:\/\/theclimatebook.org\/fr\/wp-json\/wp\/v2\/pages\/740"}],"wp:attachment":[{"href":"https:\/\/theclimatebook.org\/fr\/wp-json\/wp\/v2\/media?parent=758"}],"curies":[{"name":"wp","href":"https:\/\/api.w.org\/{rel}","templated":true}]}}