{"id":756,"date":"2022-09-05T15:30:50","date_gmt":"2022-09-05T15:30:50","guid":{"rendered":"https:\/\/theclimatebook.org\/notes-de-fin\/quels-impacts-sur-lhumanite\/3-18-les-penuries-deau\/"},"modified":"2022-09-05T15:30:50","modified_gmt":"2022-09-05T15:30:50","slug":"3-18-les-penuries-deau","status":"publish","type":"page","link":"https:\/\/theclimatebook.org\/fr\/notes-de-fin\/quels-impacts-sur-lhumanite\/3-18-les-penuries-deau\/","title":{"rendered":"3.18 Les pe\u0301nuries d\u2019eau"},"content":{"rendered":"<div class=\"notes\">\n<p class=\"author\"><a href=\"\/contributors#taikan-oki\" rel=\"author\">Taikan Oki<\/a><\/p>\n<p class=\"date\">Toutes les sources num\u00e9riques ont \u00e9t\u00e9 consult\u00e9es le <time datetime=\"2022-03-01\">1<sup>er<\/sup> mars 2022<\/time><\/p>\n<ol start=\"186\">\n<li>\n<p><q>une e\u0301tude sur les cycles hydrologiques a\u0300 l\u2019e\u0301chelle plane\u0301taire<\/q> Oki, T., and Kanae, S., <cite>\u2018Global hydrological cycles and world water resources\u2019<\/cite>, <span class=\"book\">Science<\/span>, 313 (5790), 2006: 1068\u201372, <a href=\"https:\/\/doi.org\/10.1126\/science.1128845\" target=\"_blank\" rel=\"noopener\">https:\/\/doi.org\/10.1126\/science.1128845<\/a>.<\/p>\n<\/li>\n<li>\n<p><q>Un rapport du Bureau des Nations unies pour la re\u0301duction des risques de catastrophe<\/q> Bureau des Nations unies pour la pr\u00e9vention des catastrophes et Centre de recherche sur l\u2019\u00e9pid\u00e9miologie des catastrophes, <cite>\u2018The human cost of disasters: an overview of the last 20 years (2000\u20132019)\u2019<\/cite>, 12 octobre 2020, <a href=\"https:\/\/reliefweb.int\/report\/world\/human-cost-disasters-overview-last-20-years-2000-2019\" target=\"_blank\" rel=\"noopener\">https:\/\/reliefweb.int\/report\/world\/human-cost-disasters-overview-last-20-years-2000-2019<\/a>.<\/p>\n<p><q>Selon le Guide sur les menaces e\u0301cologiques<\/q> Institute for Economics and Peace, <cite><span class=\"book\">Ecological Threat Register 2020: Understanding Ecological Threats, Resilience and Peace<\/span><\/cite>, septembre 2020), <a href=\"https:\/\/www.visionofhumanity.org\/wp-content\/uploads\/2020\/10\/ETR_2020_web-1.pdf\" target=\"_blank\" rel=\"noopener\">https:\/\/www.visionofhumanity.org\/wp-content\/uploads\/2020\/10\/ETR_2020_web-1.pdf<\/a><\/p>\n<p><q>1,2 milliard de personnes pourraient e\u0302tre force\u0301es de se de\u0301placer<\/q> <a href=\"https:\/\/www.visionofhumanity.org\/wp-content\/uploads\/2020\/10\/ETR_2020_web-1.pdf\" target=\"_blank\" rel=\"noopener\">https:\/\/www.visionofhumanity.org\/wp-content\/uploads\/2020\/10\/ETR_2020_web-1.pdf<\/a><\/p>\n<p><q>pourraient \u00eatre forc\u00e9es de se d\u00e9placer<\/q> Clement, V., et al., <cite><span class=\"book\">Groundswell Part 2: Acting on Internal Climate Migration<\/span><\/cite>, rapport de la Banque mondiale, 13 septembre 2021, <a href=\"https:\/\/openknowledge.worldbank.org\/handle\/10986\/36248\" target=\"_blank\" rel=\"noopener\">https:\/\/openknowledge.worldbank.org\/handle\/10986\/36248<\/a>.<\/p>\n<p><q>les quelque 733 millions de personnes [\u2026] particulie\u0300rement vulne\u0301rables<\/q> United Nations Water, <cite><span class=\"book\">Summary Progress Update 2021: SDG 6 \u2013 Water and Sanitation for All<\/span><\/cite>, juillet 2021, <a href=\"https:\/\/www.unwater.org\/app\/uploads\/2021\/07\/SDG-6-Summary-Progress-Update-2021_Version-July-2021.pdf\" target=\"_blank\" rel=\"noopener\">https:\/\/www.unwater.org\/app\/uploads\/2021\/07\/SDG-6-Summary-Progress-Update-2021_Version-July-2021.pdf<\/a>.<\/p>\n<\/li>\n<\/ol>\n<\/div>\n","protected":false},"excerpt":{"rendered":"<p>Taikan Oki Toutes les sources num\u00e9riques ont \u00e9t\u00e9 consult\u00e9es le 1er mars 2022 une e\u0301tude sur les cycles hydrologiques a\u0300 l\u2019e\u0301chelle plane\u0301taire Oki, T., and Kanae, S., \u2018Global hydrological cycles and world water resources\u2019, Science, 313 (5790), 2006: 1068\u201372, https:\/\/doi.org\/10.1126\/science.1128845. Un rapport du Bureau des Nations unies pour la re\u0301duction des risques de catastrophe Bureau&hellip;<\/p>\n","protected":false},"author":5,"featured_media":0,"parent":740,"menu_order":18,"comment_status":"closed","ping_status":"closed","template":"page-essay.php","meta":{"footnotes":""},"class_list":["post-756","page","type-page","status-publish","hentry"],"_links":{"self":[{"href":"https:\/\/theclimatebook.org\/fr\/wp-json\/wp\/v2\/pages\/756","targetHints":{"allow":["GET"]}}],"collection":[{"href":"https:\/\/theclimatebook.org\/fr\/wp-json\/wp\/v2\/pages"}],"about":[{"href":"https:\/\/theclimatebook.org\/fr\/wp-json\/wp\/v2\/types\/page"}],"author":[{"embeddable":true,"href":"https:\/\/theclimatebook.org\/fr\/wp-json\/wp\/v2\/users\/5"}],"replies":[{"embeddable":true,"href":"https:\/\/theclimatebook.org\/fr\/wp-json\/wp\/v2\/comments?post=756"}],"version-history":[{"count":0,"href":"https:\/\/theclimatebook.org\/fr\/wp-json\/wp\/v2\/pages\/756\/revisions"}],"up":[{"embeddable":true,"href":"https:\/\/theclimatebook.org\/fr\/wp-json\/wp\/v2\/pages\/740"}],"wp:attachment":[{"href":"https:\/\/theclimatebook.org\/fr\/wp-json\/wp\/v2\/media?parent=756"}],"curies":[{"name":"wp","href":"https:\/\/api.w.org\/{rel}","templated":true}]}}