{"id":755,"date":"2022-09-05T15:21:11","date_gmt":"2022-09-05T15:21:11","guid":{"rendered":"https:\/\/theclimatebook.org\/notes-de-fin\/quels-impacts-sur-lhumanite\/3-17-rechauffement-et-inegalites\/"},"modified":"2022-09-05T15:21:11","modified_gmt":"2022-09-05T15:21:11","slug":"3-17-rechauffement-et-inegalites","status":"publish","type":"page","link":"https:\/\/theclimatebook.org\/fr\/notes-de-fin\/quels-impacts-sur-lhumanite\/3-17-rechauffement-et-inegalites\/","title":{"rendered":"3.17 Re\u0301chauffement et ine\u0301galite\u0301s"},"content":{"rendered":"<div class=\"notes\">\n<p class=\"author\"><a href=\"\/contributors#solomon-hsiang\" rel=\"author\">Solomon Hsiang<\/a><\/p>\n<p class=\"date\">Toutes les sources num\u00e9riques ont \u00e9t\u00e9 consult\u00e9es le <time datetime=\"2021-11-01\">1<sup>er<\/sup> octobre 2021<\/time><\/p>\n<ol start=\"183\">\n<li>\n<p>\n<q>les populations pauvres sont toujours impacte\u0301es de\u0301favorablement, et ge\u0301ne\u0301ralement plus que les populations riches<\/q> Carleton, T. A., and Hsiang, S. M., <cite>\u2018Social and economic impacts of climate\u2019<\/cite>, <span class=\"book\">Science<\/span>, 353 (6304), 2016, <a href=\"https:\/\/doi.org\/10.1126\/science.aad9837\" target=\"_blank\" rel=\"noopener\">https:\/\/doi.org\/10.1126\/science.aad9837<\/a>; Hsiang, S. M., et al., <cite>\u2018The distribution of environmental damages\u2019<\/cite>, <span class=\"book\">Review of Environmental Economics and Policy<\/span>, 13 (1), 2019: 83\u2013103, <a href=\"https:\/\/doi.org\/10.1093\/reep\/rey024\" target=\"_blank\" rel=\"noopener\">https:\/\/doi.org\/10.1093\/reep\/rey024<\/a>.<\/p>\n<p>\n<q>Les recherches pointent deux grandes raisons<\/q> Carleton, T. A., et al., <cite>\u2018Valuing the global mortality consequences of climate change accounting for adaptation costs and benefits\u2019<\/cite>, <span class=\"book\">Quarterly Journal of Economics<\/span>, 2022: Article qjac020, <a href=\"https:\/\/doi.org\/10.1093\/qje\/qjac020\" target=\"_blank\" rel=\"noopener\">https:\/\/doi.org\/10.1093\/qje\/qjac020<\/a>; Burke, M., et al., <cite>\u2018Global non-linear effect of temperature on economic production\u2019<\/cite>, <span class=\"book\">Nature<\/span>, 527 (7577), 2015: 235\u20139, <a href=\"https:\/\/doi:10.1038\/nature15725\" target=\"_blank\" rel=\"noopener\">https:\/\/doi:10.1038\/nature15725<\/a>. Voir la discussion relative aux donn\u00e9es sur l\u2019importance relative de ces m\u00e9canismes dans Hsiang et al., <cite>\u2018The distribution of environmental damages\u2019<\/cite>.\n<\/p>\n<p>\n<q>la tempe\u0301rature moyenne \u00ab ide\u0301ale \u00bb se situe ge\u0301ne\u0301ralement entre 13 \u00b0C et 20 \u00b0C<\/q> Carleton and Hsiang, <cite>\u2018Social and economic impacts of climate\u2019<\/cite>.\n<\/p>\n<\/li>\n<\/ol>\n<\/div>\n","protected":false},"excerpt":{"rendered":"<p>Solomon Hsiang Toutes les sources num\u00e9riques ont \u00e9t\u00e9 consult\u00e9es le 1er octobre 2021 les populations pauvres sont toujours impacte\u0301es de\u0301favorablement, et ge\u0301ne\u0301ralement plus que les populations riches Carleton, T. A., and Hsiang, S. M., \u2018Social and economic impacts of climate\u2019, Science, 353 (6304), 2016, https:\/\/doi.org\/10.1126\/science.aad9837; Hsiang, S. M., et al., \u2018The distribution of environmental damages\u2019,&hellip;<\/p>\n","protected":false},"author":5,"featured_media":0,"parent":740,"menu_order":17,"comment_status":"closed","ping_status":"closed","template":"page-essay.php","meta":{"footnotes":""},"class_list":["post-755","page","type-page","status-publish","hentry"],"_links":{"self":[{"href":"https:\/\/theclimatebook.org\/fr\/wp-json\/wp\/v2\/pages\/755","targetHints":{"allow":["GET"]}}],"collection":[{"href":"https:\/\/theclimatebook.org\/fr\/wp-json\/wp\/v2\/pages"}],"about":[{"href":"https:\/\/theclimatebook.org\/fr\/wp-json\/wp\/v2\/types\/page"}],"author":[{"embeddable":true,"href":"https:\/\/theclimatebook.org\/fr\/wp-json\/wp\/v2\/users\/5"}],"replies":[{"embeddable":true,"href":"https:\/\/theclimatebook.org\/fr\/wp-json\/wp\/v2\/comments?post=755"}],"version-history":[{"count":0,"href":"https:\/\/theclimatebook.org\/fr\/wp-json\/wp\/v2\/pages\/755\/revisions"}],"up":[{"embeddable":true,"href":"https:\/\/theclimatebook.org\/fr\/wp-json\/wp\/v2\/pages\/740"}],"wp:attachment":[{"href":"https:\/\/theclimatebook.org\/fr\/wp-json\/wp\/v2\/media?parent=755"}],"curies":[{"name":"wp","href":"https:\/\/api.w.org\/{rel}","templated":true}]}}