{"id":754,"date":"2022-09-05T14:17:20","date_gmt":"2022-09-05T14:17:20","guid":{"rendered":"https:\/\/theclimatebook.org\/notes-de-fin\/quels-impacts-sur-lhumanite\/3-15-se-battre-pour-la-fore%cc%82t\/"},"modified":"2022-09-05T14:17:20","modified_gmt":"2022-09-05T14:17:20","slug":"3-15-se-battre-pour-la-fore%cc%82t","status":"publish","type":"page","link":"https:\/\/theclimatebook.org\/fr\/notes-de-fin\/quels-impacts-sur-lhumanite\/3-15-se-battre-pour-la-fore%cc%82t\/","title":{"rendered":"3.15 Se battre pour la fore\u0302t"},"content":{"rendered":"<div class=\"notes\">\n<p class=\"author\"><a href=\"\/contributors#sonia-guajajara\" rel=\"author\">Sonia Guajajara<\/a><\/p>\n<p class=\"date\">Toutes les sources num\u00e9riques ont \u00e9t\u00e9 consult\u00e9es le <time datetime=\"2022-03-04\">4 mars 2022<\/time><\/p>\n<ol start=\"177\">\n<li>\n<p>\n<q>les v\u00e9ritables gardiens des for\u00eats [\u2026] sont les peuples autochtones<\/q> Rainforest Foundation Norway, <cite><span class=\"book\">Donor Funding for Indigenous Peoples and Local Communities to Secure Tenure Rights and Manage Forests in Tropical Countries (2011\u20132020)<\/span><\/cite>, 2021, <a href=\"https:\/\/d5i6is0eze552.cloudfront.net\/documents\/Publikasjoner\/Andre-rapporter\/RFN_Falling_short_2021.pdf\" target=\"_blank\" rel=\"noopener\">https:\/\/d5i6is0eze552.cloudfront.net\/documents\/Publikasjoner\/Andre-rapporter\/RFN_Falling_short_2021.pdf<\/a>; Food and Agriculture Organisation des Nations unies pour l\u2019alimentation et l\u2019agriculture et Fonds de d\u00e9veloppement pour les peuples autochtones d\u2019Am\u00e9rique latine et des Cara\u00efbes, <span class=\"book\">Los pueblos ind\u00edgenas y tribales y la gobernanza de los bosques: na oportunidad para la acci\u00f3n clim\u00e1tica en Latina Am\u00e9rica y el Caribe<\/span>, 2021, <a href=\"https:\/\/www.fao.org\/documents\/card\/en\/c\/cb2953es\" target=\"_blank\" rel=\"noopener\">https:\/\/www.fao.org\/documents\/card\/en\/c\/cb2953es<\/a>.\n<\/p>\n<p>\n<q>pre\u0301server 80 % de la biodiversite\u0301<\/q> Campbell, J. Y., <cite>\u2018No sustainable development without Indigenous peoples\u2019<\/cite>, International Institute for Sustainable Development SDG Knowledge Hub, 8 ao\u00fbt 2019, <a href=\"https:\/\/sdg.iisd.org\/commentary\/guest-articles\/no-sustainable-development-without-indigenous-peoples\/\" target=\"_blank\" rel=\"noopener\">https:\/\/sdg.iisd.org\/commentary\/guest-articles\/no-sustainable-development-without-indigenous-peoples\/<\/a>.\n<\/p>\n<\/li>\n<\/ol>\n<\/div>\n","protected":false},"excerpt":{"rendered":"<p>Sonia Guajajara Toutes les sources num\u00e9riques ont \u00e9t\u00e9 consult\u00e9es le 4 mars 2022 les v\u00e9ritables gardiens des for\u00eats [\u2026] sont les peuples autochtones Rainforest Foundation Norway, Donor Funding for Indigenous Peoples and Local Communities to Secure Tenure Rights and Manage Forests in Tropical Countries (2011\u20132020), 2021, https:\/\/d5i6is0eze552.cloudfront.net\/documents\/Publikasjoner\/Andre-rapporter\/RFN_Falling_short_2021.pdf; Food and Agriculture Organisation des Nations unies pour&hellip;<\/p>\n","protected":false},"author":5,"featured_media":0,"parent":740,"menu_order":15,"comment_status":"closed","ping_status":"closed","template":"page-essay.php","meta":{"footnotes":""},"class_list":["post-754","page","type-page","status-publish","hentry"],"_links":{"self":[{"href":"https:\/\/theclimatebook.org\/fr\/wp-json\/wp\/v2\/pages\/754","targetHints":{"allow":["GET"]}}],"collection":[{"href":"https:\/\/theclimatebook.org\/fr\/wp-json\/wp\/v2\/pages"}],"about":[{"href":"https:\/\/theclimatebook.org\/fr\/wp-json\/wp\/v2\/types\/page"}],"author":[{"embeddable":true,"href":"https:\/\/theclimatebook.org\/fr\/wp-json\/wp\/v2\/users\/5"}],"replies":[{"embeddable":true,"href":"https:\/\/theclimatebook.org\/fr\/wp-json\/wp\/v2\/comments?post=754"}],"version-history":[{"count":0,"href":"https:\/\/theclimatebook.org\/fr\/wp-json\/wp\/v2\/pages\/754\/revisions"}],"up":[{"embeddable":true,"href":"https:\/\/theclimatebook.org\/fr\/wp-json\/wp\/v2\/pages\/740"}],"wp:attachment":[{"href":"https:\/\/theclimatebook.org\/fr\/wp-json\/wp\/v2\/media?parent=754"}],"curies":[{"name":"wp","href":"https:\/\/api.w.org\/{rel}","templated":true}]}}