{"id":753,"date":"2022-09-05T14:09:42","date_gmt":"2022-09-05T14:09:42","guid":{"rendered":"https:\/\/theclimatebook.org\/notes-de-fin\/quels-impacts-sur-lhumanite\/3-13-la-pluie-au-sahel\/"},"modified":"2022-09-05T14:09:42","modified_gmt":"2022-09-05T14:09:42","slug":"3-13-la-pluie-au-sahel","status":"publish","type":"page","link":"https:\/\/theclimatebook.org\/fr\/notes-de-fin\/quels-impacts-sur-lhumanite\/3-13-la-pluie-au-sahel\/","title":{"rendered":"3.13 La pluie au Sahel"},"content":{"rendered":"<div class=\"notes\">\n<p class=\"author\"><a href=\"\/contributors#hindou-oumarou-ibrahim\" rel=\"author\">Hindou Oumarou Ibrahim<\/a><\/p>\n<p class=\"date\">Toutes les sources num\u00e9riques ont \u00e9t\u00e9 consult\u00e9es le <time datetime=\"2022-03-07\">7 mars 2022<\/time><\/p>\n<ol start=\"171\">\n<li>\n<p>\n<q>90 % de notre eau a disparu<\/q> Usigbe, L., <cite>\u00ab De la s\u00e9cheresse aux crises dans le bassin du lac Tchad \u00bb<\/cite>, Afrique Renouveau, 24 d\u00e9cembre 2019, <a href=\"un.org\/africarenewal\/magazine\/december-2019-march-2020\/drying-lake-chad-basin-gives-rise-crisis\" target=\"_blank\" rel=\"noopener\">un.org\/africarenewal\/magazine\/december-2019-march-2020\/drying-lake-chad-basin-gives-rise-crisis<\/a>.\n<\/p>\n<p>\n<q>la tempe\u0301rature moyenne pourrait grimper [\u2026] de 3 \u00b0C a\u0300 4 \u00b0C<\/q> Niang, I., et al., <cite>\u2018Africa\u2019<\/cite>, in Groupe d\u2019experts intergouvernemental sur l\u2019\u00e9volution du climat, <span class=\"book\">Climate Change 2014: Impacts, Adaptation, and Vulnerability. Part B: Regional Aspects. Contribution of Working Group II to the Fifth Assessment Report of the Intergovernmental Panel on Climate Change<\/span>, \u00e9d. V. R. Barros, et al. (Cambridge: Cambridge University Press, 2014), <a href=\"https:\/\/www.ipcc.ch\/report\/ar5\/wg2\/\" target=\"_blank\" rel=\"noopener\">https:\/\/www.ipcc.ch\/report\/ar5\/wg2\/<\/a>; Bodewig, C., <cite>\u2018Climate change in the Sahel: how can cash transfers help protect the poor?\u2019<\/cite> Brookings, 4 d\u00e9cembre 2019, <a href=\"https:\/\/www.brookings.edu\/blog\/future-development\/2019\/12\/04\/climate-change-in-the-sahel-how-can-cash-transfers-help-protect-the-poor\/\" target=\"_blank\" rel=\"noopener\">https:\/\/www.brookings.edu\/blog\/future-development\/2019\/12\/04\/climate-change-in-the-sahel-how-can-cash-transfers-help-protect-the-poor\/<\/a>.\n<\/p>\n<\/li>\n<\/ol>\n<\/div>\n","protected":false},"excerpt":{"rendered":"<p>Hindou Oumarou Ibrahim Toutes les sources num\u00e9riques ont \u00e9t\u00e9 consult\u00e9es le 7 mars 2022 90 % de notre eau a disparu Usigbe, L., \u00ab De la s\u00e9cheresse aux crises dans le bassin du lac Tchad \u00bb, Afrique Renouveau, 24 d\u00e9cembre 2019, un.org\/africarenewal\/magazine\/december-2019-march-2020\/drying-lake-chad-basin-gives-rise-crisis. la tempe\u0301rature moyenne pourrait grimper [\u2026] de 3 \u00b0C a\u0300 4 \u00b0C Niang,&hellip;<\/p>\n","protected":false},"author":5,"featured_media":0,"parent":740,"menu_order":13,"comment_status":"closed","ping_status":"closed","template":"page-essay.php","meta":{"footnotes":""},"class_list":["post-753","page","type-page","status-publish","hentry"],"_links":{"self":[{"href":"https:\/\/theclimatebook.org\/fr\/wp-json\/wp\/v2\/pages\/753","targetHints":{"allow":["GET"]}}],"collection":[{"href":"https:\/\/theclimatebook.org\/fr\/wp-json\/wp\/v2\/pages"}],"about":[{"href":"https:\/\/theclimatebook.org\/fr\/wp-json\/wp\/v2\/types\/page"}],"author":[{"embeddable":true,"href":"https:\/\/theclimatebook.org\/fr\/wp-json\/wp\/v2\/users\/5"}],"replies":[{"embeddable":true,"href":"https:\/\/theclimatebook.org\/fr\/wp-json\/wp\/v2\/comments?post=753"}],"version-history":[{"count":0,"href":"https:\/\/theclimatebook.org\/fr\/wp-json\/wp\/v2\/pages\/753\/revisions"}],"up":[{"embeddable":true,"href":"https:\/\/theclimatebook.org\/fr\/wp-json\/wp\/v2\/pages\/740"}],"wp:attachment":[{"href":"https:\/\/theclimatebook.org\/fr\/wp-json\/wp\/v2\/media?parent=753"}],"curies":[{"name":"wp","href":"https:\/\/api.w.org\/{rel}","templated":true}]}}