{"id":752,"date":"2022-09-05T14:04:25","date_gmt":"2022-09-05T14:04:25","guid":{"rendered":"https:\/\/theclimatebook.org\/notes-de-fin\/quels-impacts-sur-lhumanite\/3-12-la-montee-des-eaux-et-les-petites-i%cc%82les\/"},"modified":"2022-09-05T14:04:25","modified_gmt":"2022-09-05T14:04:25","slug":"3-12-la-montee-des-eaux-et-les-petites-i%cc%82les","status":"publish","type":"page","link":"https:\/\/theclimatebook.org\/fr\/notes-de-fin\/quels-impacts-sur-lhumanite\/3-12-la-montee-des-eaux-et-les-petites-i%cc%82les\/","title":{"rendered":"3.12 La monte\u0301e des eaux et les petites i\u0302les"},"content":{"rendered":"<div class=\"notes\">\n<p class=\"author\"><a href=\"\/contributors#Michael Taylor\" rel=\"author\">Michael Taylor<\/a><\/p>\n<p class=\"date\">Toutes les sources num\u00e9riques ont \u00e9t\u00e9 consult\u00e9es le <time datetime=\"2022-03-04\">4 mars 2022<\/time><\/p>\n<ol start=\"169\">\n<li>\n<p>\n<q>dans les Carai\u0308bes, les plages sont un des grands piliers du tourisme<\/q> Acevedo, S., N., et al., <cite>\u2018Caribbean Tourism in the Global Marketplace: Trends, Drivers, and Challenges\u2019<\/cite>, in Srinivasan, K., et al., eds., <span class=\"book\">Unleashing Growth and Strengthening Resilience in the Caribbean<\/span> (Washington, DC: International Monetary Fund, 2017), 39\u201362, <a href=\"https:\/\/doi.org\/10.5089\/9781484315194.071\" target=\"_blank\" rel=\"noopener\">https:\/\/doi.org\/10.5089\/9781484315194.071<\/a>.\n<\/p>\n<\/li>\n<li>\n<p>\n<q>de\u0301ga\u0302ts qui ont e\u0301te\u0301 chiffre\u0301s a\u0300 un quart du PIB du pays<\/q> Zegarra, M. A., et al., <cite><span class=\"book\">Impact of Hurricane Dorian in the Bahamas: A View from the Sky<\/span><\/cite>, Banque interam\u00e9ricaine de d\u00e9veloppement, janvier 2020, <a href=\"http:\/\/dx.doi.org\/10.18235\/0002163\" target=\"_blank\" rel=\"noopener\">http:\/\/dx.doi.org\/10.18235\/0002163<\/a>.\n<\/p>\n<p>\n<q>jusqu\u2019a\u0300 80 % des terres [\u2026] pourraient e\u0302tre immerge\u0301es<\/q> Simpson, M. C., et al., <cite><span class=\"book\">Quantification and Magnitude of Losses and Damages Resulting from the Impacts of Climate Change: Modelling the Transformational Impacts and Costs of Sea Level Rise in the Caribbean<\/span><\/cite>, Programme des Nations unies pour l\u2019environnement, d\u00e9cembre 2010, <a href=\"https:\/\/www.unep.org\/resources\/report\/modelling-transformational-impacts-and-costs-sea-level-rise-caribbean\" target=\"_blank\" rel=\"noopener\">https:\/\/www.unep.org\/resources\/report\/modelling-transformational-impacts-and-costs-sea-level-rise-caribbean<\/a>.\n<\/p>\n<\/li>\n<\/ol>\n<\/div>\n","protected":false},"excerpt":{"rendered":"<p>Michael Taylor Toutes les sources num\u00e9riques ont \u00e9t\u00e9 consult\u00e9es le 4 mars 2022 dans les Carai\u0308bes, les plages sont un des grands piliers du tourisme Acevedo, S., N., et al., \u2018Caribbean Tourism in the Global Marketplace: Trends, Drivers, and Challenges\u2019, in Srinivasan, K., et al., eds., Unleashing Growth and Strengthening Resilience in the Caribbean (Washington,&hellip;<\/p>\n","protected":false},"author":5,"featured_media":0,"parent":740,"menu_order":12,"comment_status":"closed","ping_status":"closed","template":"page-essay.php","meta":{"footnotes":""},"class_list":["post-752","page","type-page","status-publish","hentry"],"_links":{"self":[{"href":"https:\/\/theclimatebook.org\/fr\/wp-json\/wp\/v2\/pages\/752","targetHints":{"allow":["GET"]}}],"collection":[{"href":"https:\/\/theclimatebook.org\/fr\/wp-json\/wp\/v2\/pages"}],"about":[{"href":"https:\/\/theclimatebook.org\/fr\/wp-json\/wp\/v2\/types\/page"}],"author":[{"embeddable":true,"href":"https:\/\/theclimatebook.org\/fr\/wp-json\/wp\/v2\/users\/5"}],"replies":[{"embeddable":true,"href":"https:\/\/theclimatebook.org\/fr\/wp-json\/wp\/v2\/comments?post=752"}],"version-history":[{"count":0,"href":"https:\/\/theclimatebook.org\/fr\/wp-json\/wp\/v2\/pages\/752\/revisions"}],"up":[{"embeddable":true,"href":"https:\/\/theclimatebook.org\/fr\/wp-json\/wp\/v2\/pages\/740"}],"wp:attachment":[{"href":"https:\/\/theclimatebook.org\/fr\/wp-json\/wp\/v2\/media?parent=752"}],"curies":[{"name":"wp","href":"https:\/\/api.w.org\/{rel}","templated":true}]}}