{"id":751,"date":"2022-09-05T13:25:11","date_gmt":"2022-09-05T13:25:11","guid":{"rendered":"https:\/\/theclimatebook.org\/notes-de-fin\/quels-impacts-sur-lhumanite\/3-11-les-refugies-climatiques\/"},"modified":"2022-09-05T13:25:11","modified_gmt":"2022-09-05T13:25:11","slug":"3-11-les-refugies-climatiques","status":"publish","type":"page","link":"https:\/\/theclimatebook.org\/fr\/notes-de-fin\/quels-impacts-sur-lhumanite\/3-11-les-refugies-climatiques\/","title":{"rendered":"3.11 Les re\u0301fugie\u0301s climatiques"},"content":{"rendered":"<div class=\"notes\">\n<p class=\"author\"><a href=\"\/contributors#abrahm-lustgarten\" rel=\"author\">Abrahm Lustgarten<\/a><\/p>\n<p class=\"date\">Toutes les sources num\u00e9riques ont \u00e9t\u00e9 consult\u00e9es le <time datetime=\"2021-11-11\">11 novembre 2021<\/time><\/p>\n<ol start=\"166\">\n<li>\n<p>\n<q>19 % de la plane\u0300te [\u2026] pourrait devenir inhabitable<\/q> Chi Xu, C., et al., <cite>\u2018Future of the human climate niche\u2019<\/cite>, <span class=\"book\">Proceedings of the National Academy of Sciences<\/span>, 117 (21), 3030: 11350\u20135, <a href=\"https:\/\/doi.org\/10.1073\/pnas.1910114117\" target=\"_blank\" rel=\"noopener\">https:\/\/doi.org\/10.1073\/pnas.1910114117<\/a>.\n<\/p>\n<\/li>\n<li>\n<p>\n<q>de\u0301placer jusqu\u2019a\u0300 86 millions de personnes supple\u0301mentaires<\/q> Rigaud, K. K., et al., <cite><span class=\"book\">Groundswell: Preparing for Internal Climate Migration<\/span><br \/>\n<\/cite>, document de travail, Banque mondiale, 19 mars 2018, <a href=\"https:\/\/openknowledge.worldbank.org\/handle\/10986\/29461\" target=\"_blank\" rel=\"noopener\">https:\/\/openknowledge.worldbank.org\/handle\/10986\/29461<\/a>.\n<\/p>\n<p>\n<q>pre\u0300s de 89 millions de re\u0301fugie\u0301s inte\u0301rieurs<\/q> Clement, V., et al., <cite><span class=\"book\">Groundswell Part Two: Acting on Internal Climate Migration<\/span><br \/>\n<\/cite>, document de travail, Banque mondiale, 13 septembre 2021, <a href=\"https:\/\/openknowledge.worldbank.org\/handle\/10986\/36248\" target=\"_blank\" rel=\"noopener\">https:\/\/openknowledge.worldbank.org\/handle\/10986\/36248<\/a>.\n<\/p>\n<p>\n<q>sans tenir compte des migrants qui [\u2026] partiront vers le nord<\/q> Rigaud et al, Banque mondiale, <cite><span class=\"book\">Groundswell<\/span><\/cite>.\n<\/p>\n<p>\n<q>En inte\u0301grant les parame\u0300tres complexes du risque de se\u0301cheresse<\/q> Lustgarten, A., and Jones, B., <cite>\u2018About our climate migration model\u2019, <\/cite>, ProPublica, 23 juillet 2020, <a href=\"https:\/\/assets-c3.propublica.org\/Climate-Migration-Modeling-Methodology.pdf\" target=\"_blank\" rel=\"noopener\">https:\/\/assets-c3.propublica.org\/Climate-Migration-Modeling-Methodology.pdf<\/a>; Banque mondiale, <span class=\"book\">Groundswell<\/span>.<\/p>\n<\/li>\n<\/ol>\n<\/div>\n","protected":false},"excerpt":{"rendered":"<p>Abrahm Lustgarten Toutes les sources num\u00e9riques ont \u00e9t\u00e9 consult\u00e9es le 11 novembre 2021 19 % de la plane\u0300te [\u2026] pourrait devenir inhabitable Chi Xu, C., et al., \u2018Future of the human climate niche\u2019, Proceedings of the National Academy of Sciences, 117 (21), 3030: 11350\u20135, https:\/\/doi.org\/10.1073\/pnas.1910114117. de\u0301placer jusqu\u2019a\u0300 86 millions de personnes supple\u0301mentaires Rigaud, K. K.,&hellip;<\/p>\n","protected":false},"author":5,"featured_media":0,"parent":740,"menu_order":11,"comment_status":"closed","ping_status":"closed","template":"page-essay.php","meta":{"footnotes":""},"class_list":["post-751","page","type-page","status-publish","hentry"],"_links":{"self":[{"href":"https:\/\/theclimatebook.org\/fr\/wp-json\/wp\/v2\/pages\/751","targetHints":{"allow":["GET"]}}],"collection":[{"href":"https:\/\/theclimatebook.org\/fr\/wp-json\/wp\/v2\/pages"}],"about":[{"href":"https:\/\/theclimatebook.org\/fr\/wp-json\/wp\/v2\/types\/page"}],"author":[{"embeddable":true,"href":"https:\/\/theclimatebook.org\/fr\/wp-json\/wp\/v2\/users\/5"}],"replies":[{"embeddable":true,"href":"https:\/\/theclimatebook.org\/fr\/wp-json\/wp\/v2\/comments?post=751"}],"version-history":[{"count":0,"href":"https:\/\/theclimatebook.org\/fr\/wp-json\/wp\/v2\/pages\/751\/revisions"}],"up":[{"embeddable":true,"href":"https:\/\/theclimatebook.org\/fr\/wp-json\/wp\/v2\/pages\/740"}],"wp:attachment":[{"href":"https:\/\/theclimatebook.org\/fr\/wp-json\/wp\/v2\/media?parent=751"}],"curies":[{"name":"wp","href":"https:\/\/api.w.org\/{rel}","templated":true}]}}