{"id":750,"date":"2022-09-05T12:38:34","date_gmt":"2022-09-05T12:38:34","guid":{"rendered":"https:\/\/theclimatebook.org\/notes-de-fin\/quels-impacts-sur-lhumanite\/3-10-le-racisme-environnemental\/"},"modified":"2022-09-05T12:38:34","modified_gmt":"2022-09-05T12:38:34","slug":"3-10-le-racisme-environnemental","status":"publish","type":"page","link":"https:\/\/theclimatebook.org\/fr\/notes-de-fin\/quels-impacts-sur-lhumanite\/3-10-le-racisme-environnemental\/","title":{"rendered":"3.10 Le racisme environnemental"},"content":{"rendered":"<div class=\"notes\">\n<p class=\"author\"><a href=\"\/contributors#jacqueline-patterson\" rel=\"author\">Jacqueline Patterson<\/a><\/p>\n<p class=\"date\">Toutes les sources num\u00e9riques ont \u00e9t\u00e9 consult\u00e9es le <time datetime=\"2022-03-04\">4 mars 2022<\/time><\/p>\n<ol start=\"163\">\n<li>\n<p><q>e\u0301missions de chloropre\u0300ne [\u2026] 755 fois supe\u0301rieures aux recommandations<\/q> Laughland, O., <cite>\u2018School at centre of Guardian\u2019s Cancer Town series may move students due to air pollution\u2019<\/cite>, <span class=\"book\">Guardian<\/span>, 24 ao\u00fbt 2019, <a href=\"https:\/\/www.theguardian.com\/us-news\/2019\/aug\/24\/reserve-louisiana-elementary-school-air-pollution\" target=\"_blank\" rel=\"noopener\">https:\/\/www.theguardian.com\/us-news\/2019\/aug\/24\/reserve-louisiana-elementary-school-air-pollution<\/a>.\n<\/p>\n<p>\n<q>trois a\u0300 cinq fois plus d\u2019enfants noirs [\u2026] hospitalise\u0301s pour une crise d\u2019asthme<\/q> Asthma and Allergy Foundation of America, <cite>\u2018Asthma disparities in America\u2019<\/cite>, 2020, <a href=\"https:\/\/www.aafa.org\/asthma-disparities-burden-on-minorities.aspx\" target=\"_blank\" rel=\"noopener\">https:\/\/www.aafa.org\/asthma-disparities-burden-on-minorities.aspx<\/a>.\n<\/p>\n<p>\n<q>responsable de 25 % des e\u0301missions historiques<\/q> Ritchie, H., <cite>\u2018Who has contributed most to global CO<sub>2<\/sub> emissions?\u2019<\/cite>, Our World in Data, 1<sup>er<\/sup> octobre 2019, <a href=\"https:\/\/ourworldindata.org\/contributed-most-global-co2\" target=\"_blank\" rel=\"noopener\">https:\/\/ourworldindata.org\/contributed-most-global-co2<\/a>.\n<\/p>\n<\/li>\n<\/ol>\n<\/div>\n","protected":false},"excerpt":{"rendered":"<p>Jacqueline Patterson Toutes les sources num\u00e9riques ont \u00e9t\u00e9 consult\u00e9es le 4 mars 2022 e\u0301missions de chloropre\u0300ne [\u2026] 755 fois supe\u0301rieures aux recommandations Laughland, O., \u2018School at centre of Guardian\u2019s Cancer Town series may move students due to air pollution\u2019, Guardian, 24 ao\u00fbt 2019, https:\/\/www.theguardian.com\/us-news\/2019\/aug\/24\/reserve-louisiana-elementary-school-air-pollution. trois a\u0300 cinq fois plus d\u2019enfants noirs [\u2026] hospitalise\u0301s pour une&hellip;<\/p>\n","protected":false},"author":5,"featured_media":0,"parent":740,"menu_order":10,"comment_status":"closed","ping_status":"closed","template":"page-essay.php","meta":{"footnotes":""},"class_list":["post-750","page","type-page","status-publish","hentry"],"_links":{"self":[{"href":"https:\/\/theclimatebook.org\/fr\/wp-json\/wp\/v2\/pages\/750","targetHints":{"allow":["GET"]}}],"collection":[{"href":"https:\/\/theclimatebook.org\/fr\/wp-json\/wp\/v2\/pages"}],"about":[{"href":"https:\/\/theclimatebook.org\/fr\/wp-json\/wp\/v2\/types\/page"}],"author":[{"embeddable":true,"href":"https:\/\/theclimatebook.org\/fr\/wp-json\/wp\/v2\/users\/5"}],"replies":[{"embeddable":true,"href":"https:\/\/theclimatebook.org\/fr\/wp-json\/wp\/v2\/comments?post=750"}],"version-history":[{"count":0,"href":"https:\/\/theclimatebook.org\/fr\/wp-json\/wp\/v2\/pages\/750\/revisions"}],"up":[{"embeddable":true,"href":"https:\/\/theclimatebook.org\/fr\/wp-json\/wp\/v2\/pages\/740"}],"wp:attachment":[{"href":"https:\/\/theclimatebook.org\/fr\/wp-json\/wp\/v2\/media?parent=750"}],"curies":[{"name":"wp","href":"https:\/\/api.w.org\/{rel}","templated":true}]}}