{"id":749,"date":"2022-09-05T12:32:51","date_gmt":"2022-09-05T12:32:51","guid":{"rendered":"https:\/\/theclimatebook.org\/notes-de-fin\/quels-impacts-sur-lhumanite\/3-9-vivre-avec-11-c-de-plus\/"},"modified":"2022-09-05T12:32:51","modified_gmt":"2022-09-05T12:32:51","slug":"3-9-vivre-avec-11-c-de-plus","status":"publish","type":"page","link":"https:\/\/theclimatebook.org\/fr\/notes-de-fin\/quels-impacts-sur-lhumanite\/3-9-vivre-avec-11-c-de-plus\/","title":{"rendered":"3.9 Vivre avec 1,1 \u00b0C de plus"},"content":{"rendered":"<div class=\"notes\">\n<p class=\"author\"><a href=\"\/contributors#saleemul-huq\" rel=\"author\">Saleemul Huq<\/a><\/p>\n<p class=\"date\">La source num\u00e9rique a \u00e9t\u00e9 consult\u00e9e le <time datetime=\"2022-03-01\">1<sup>er<\/sup> mars 2022<\/time><\/p>\n<ol start=\"158\">\n<li>\n<p>\n<q>la tempe\u0301rature de la Terre a augmente\u0301 de 1,1 \u00b0C<\/q> Groupe d\u2019experts intergouvernemental sur l\u2019\u00e9volution du climat, <cite><span class=\"book\">Climate Change 2021: The Physical Science Basis. Contribution of Working Group I to the Sixth Assessment Report of the Intergovernmental Panel on Climate Change<\/span><\/cite>, ed. V. Masson-Delmotte et al. (Cambridge: Cambridge University Press, \u00e0 venir), <a href=\"https:\/\/www.ipcc.ch\/report\/ar6\/wg1\" rel=\"noopener\" target=\"_blank\">https:\/\/www.ipcc.ch\/report\/ar6\/wg1<\/a>.\n<\/p>\n<\/li>\n<\/ol>\n<\/div>\n","protected":false},"excerpt":{"rendered":"<p>Saleemul Huq La source num\u00e9rique a \u00e9t\u00e9 consult\u00e9e le 1er mars 2022 la tempe\u0301rature de la Terre a augmente\u0301 de 1,1 \u00b0C Groupe d\u2019experts intergouvernemental sur l\u2019\u00e9volution du climat, Climate Change 2021: The Physical Science Basis. Contribution of Working Group I to the Sixth Assessment Report of the Intergovernmental Panel on Climate Change, ed. V.&hellip;<\/p>\n","protected":false},"author":5,"featured_media":0,"parent":740,"menu_order":9,"comment_status":"closed","ping_status":"closed","template":"page-essay.php","meta":{"footnotes":""},"class_list":["post-749","page","type-page","status-publish","hentry"],"_links":{"self":[{"href":"https:\/\/theclimatebook.org\/fr\/wp-json\/wp\/v2\/pages\/749","targetHints":{"allow":["GET"]}}],"collection":[{"href":"https:\/\/theclimatebook.org\/fr\/wp-json\/wp\/v2\/pages"}],"about":[{"href":"https:\/\/theclimatebook.org\/fr\/wp-json\/wp\/v2\/types\/page"}],"author":[{"embeddable":true,"href":"https:\/\/theclimatebook.org\/fr\/wp-json\/wp\/v2\/users\/5"}],"replies":[{"embeddable":true,"href":"https:\/\/theclimatebook.org\/fr\/wp-json\/wp\/v2\/comments?post=749"}],"version-history":[{"count":0,"href":"https:\/\/theclimatebook.org\/fr\/wp-json\/wp\/v2\/pages\/749\/revisions"}],"up":[{"embeddable":true,"href":"https:\/\/theclimatebook.org\/fr\/wp-json\/wp\/v2\/pages\/740"}],"wp:attachment":[{"href":"https:\/\/theclimatebook.org\/fr\/wp-json\/wp\/v2\/media?parent=749"}],"curies":[{"name":"wp","href":"https:\/\/api.w.org\/{rel}","templated":true}]}}