{"id":748,"date":"2022-09-05T12:28:43","date_gmt":"2022-09-05T12:28:43","guid":{"rendered":"https:\/\/theclimatebook.org\/notes-de-fin\/quels-impacts-sur-lhumanite\/3-8-nous-ne-sommes-pas-tous-dans-le-meme-bateau\/"},"modified":"2022-09-05T12:28:43","modified_gmt":"2022-09-05T12:28:43","slug":"3-8-nous-ne-sommes-pas-tous-dans-le-meme-bateau","status":"publish","type":"page","link":"https:\/\/theclimatebook.org\/fr\/notes-de-fin\/quels-impacts-sur-lhumanite\/3-8-nous-ne-sommes-pas-tous-dans-le-meme-bateau\/","title":{"rendered":"3.8 Nous ne sommes pas tous dans le m\u00eame bateau"},"content":{"rendered":"<div class=\"notes\">\n<p class=\"author\"><a href=\"\/contributors#greta-thunberg\" rel=\"author\">Greta Thunberg<\/a><\/p>\n<p class=\"date\">Toutes les sources num\u00e9riques ont \u00e9t\u00e9 consult\u00e9es le <time datetime=\"2022-02-03\">3 f\u00e9vrier 2022<\/time><\/p>\n<ol start=\"154\">\n<li>\n<p>\n<q>Si tout le monde vivait comme nous en Su\u00e8de<\/q> World Wildlife Fund, <cite><span class=\"book\">Living Planet Report 2016: Risk and Resilience in a New Era<\/span><\/cite>, 26 octobre 2016, <a href=\"https:\/\/www.worldwildlife.org\/pages\/living-planet-report-2016\" target=\"_blank\" rel=\"noopener\">https:\/\/www.worldwildlife.org\/pages\/living-planet-report-2016<\/a>.\n<\/p>\n<p>\n<q>moins d\u2019\u00e9nergie [\u2026] qu\u2019un r\u00e9frig\u00e9rateur standard am\u00e9ricain<\/q> Bryce, R., <cite><span class=\"book\">A Question of Power: Electricity and the Wealth of Nations<\/span><\/cite> (New York: PublicAffairs, 2020).\n<\/p>\n<\/li>\n<li>\n<p>\n<q>a baiss\u00e9 ses \u00e9missions de 43 %<\/q> <cite><span class=\"book\">World Wildlife Fund, Carbon Footprint: Exploring the UK\u2019s Contribution to Climate Change<\/span><\/cite>, mars 2020, <a href=\"https:\/\/www.wwf.org.uk\/sites\/default\/files\/2020-04\/FINAL-WWF-UK_Carbon_Footprint_Analysis_Report_March_2020%20%28003%29.pdf\" target=\"_blank\" rel=\"noopener\">https:\/\/www.wwf.org.uk\/sites\/default\/files\/2020-04\/FINAL-WWF-UK_Carbon_Footprint_Analysis_Report_March_2020%20%28003%29.pdf<\/a>.\n<\/p>\n<p>\n<q>plus proche de 23 %<\/q> <a href=\"https:\/\/www.gov.uk\/government\/statistics\/uks-carbon-footprint\" target=\"_blank\" rel=\"noopener\">https:\/\/www.gov.uk\/government\/statistics\/uks-carbon-footprint<\/a>.\n<\/p>\n<p>\n<q>13,2 millions de tonnes de CO<sub>2<\/sub> manquantes rel\u00e2ch\u00e9es [\u2026] \u00e0 Drax<\/q> Cockburn, H., <cite>\u2018UK\u2019s biggest carbon emitter Drax \u00ab greenwashing \u00bb wood-fired power at COP26\u2019<\/cite>, <span class=\"book\">Independent<\/span>, 12 novembre 2021, <a href=\"https:\/\/www.independent.co.uk\/climate-change\/news\/drax-greenwashing-cop26-wood-emissions-b1956072.html\" target=\"_blank\" rel=\"noopener\">https:\/\/www.independent.co.uk\/climate-change\/news\/drax-greenwashing-cop26-wood-emissions-b1956072.html<\/a>\n<\/p>\n<p>\n<q>\u00e9missions associ\u00e9es \u00e0 la d\u00e9fense<\/q> Ambrose, T., <cite>\u2018World\u2019s militaries avoiding scrutiny over emissions, scientists say\u2019<\/cite>, <span class=\"book\">Guardian<\/span>, 11 novembre 2021, <a href=\"https:\/\/www.theguardian.com\/environment\/2021\/nov\/11\/worlds-militaries-avoiding-scrutiny-over-emissions\" target=\"_blank\" rel=\"noopener\">https:\/\/www.theguardian.com\/environment\/2021\/nov\/11\/worlds-militaries-avoiding-scrutiny-over-emissions<\/a>.\n<\/p>\n<p>\n<q>570 millions de barils \u00e9quivalent p\u00e9trole chaque ann\u00e9e<\/q> Oil and Gas Authority, <cite><span class=\"book\">UK Oil and Gas Reserves and Resources as at End 2020<\/span><\/cite>, 22 septembre 2021, <a href=\"https:\/\/www.ogauthority.co.uk\/media\/7764\/rr-report_final-22-september-2021.pdf\" target=\"_blank\" rel=\"noopener\">https:\/\/www.ogauthority.co.uk\/media\/7764\/rr-report_final-22-september-2021.pdf<\/a>.\n<\/p>\n<p><q>elles ont en r\u00e9alit\u00e9 augment\u00e9<\/q> Les \u00e9missions sur le territoire su\u00e9dois ont baiss\u00e9 de 20,64 millions de tonnes entre 1990 et 2019. Durant la m\u00eame p\u00e9riode, les \u00e9missions biog\u00e9niques sur le territoire su\u00e9dois ont augment\u00e9 de 26,87 millions de tonnes et l\u2019aviation et le transport internationaux ont augment\u00e9 de 5,8 millions de tonnes. La chronologie statistique pour les \u00e9missions su\u00e9doises \u00e0 l\u2019\u00e9tranger li\u00e9es \u00e0 la consommation commence en 2008. Entre 2008 et 2019 les \u00e9missions \u00e0 l\u2019\u00e9tranger li\u00e9es \u00e0 la consummation ont baiss\u00e9 de 10,9 millions tonnes. R\u00e9sum\u00e9 total : hausse des \u00e9missions su\u00e9doises 1990\uf02d2019, en incluant les \u00e9missions \u00e0 l\u2019\u00e9tranger li\u00e9es \u00e0 la consommation (pour lesquelles la chronologie d\u00e9bute plus tard) : 1,13 millions de tonnes. Hausse des \u00e9missions 1990\uf02d2019, sans prendre en compte les \u00e9missions \u00e0 l\u2019\u00e9tranger li\u00e9es \u00e0 la consummation : 12,03 millions de tonnes. <a href=\"https:\/\/www.statistikdatabasen.scb.se\/pxweb\/sv\/ssd\/START__MI__MI0107\/TotaltUtslappN\/\" target=\"_blank\" rel=\"noopener\">https:\/\/www.statistikdatabasen.scb.se\/pxweb\/sv\/ssd\/START__MI__MI0107\/TotaltUtslappN\/<\/a>.\n<\/p>\n<p>\n<q>1,2\u00b0C de hausse de la temp\u00e9rature moyenne mondiale<\/q> World Meteorological Organization, <cite><span class=\"book\">State of the Global Climate 2020<\/span><\/cite>, 2021, <a href=\"https:\/\/library.wmo.int\/doc_num.php?explnum_id=10618\" target=\"_blank\" rel=\"noopener\">https:\/\/library.wmo.int\/doc_num.php?explnum_id=10618<\/a>.\n<\/p>\n<\/li>\n<li>\n<p>\n<q>Un tiers de l\u2019ensemble des \u00e9missions anthropiques<\/q> Global Carbon Project, <cite>\u2018Data supplement to the global carbon budget 2021\u2019<\/cite>, 2021, <a href=\"https:\/\/doi.org\/10.18160\/gcp-2021\" target=\"_blank\" rel=\"noopener\">https:\/\/doi.org\/10.18160\/gcp-2021<\/a>.\n<\/p>\n<p>\n<q>une r\u00e9cente enqu\u00eate du <span class=\"book\">The Washington Post<\/span><\/q> Mooney, C., et al., <cite>\u2018Countries\u2019 climate pledges built on flawed data, Post investigation finds\u2019<\/cite>, <span class=\"book\">Washington Post<\/span>, 7 novembre 2021, <a href=\"https:\/\/www.washingtonpost.com\/climate-environment\/interactive\/2021\/greenhouse-gas-emissions-pledges-data\/\" target=\"_blank\" rel=\"noopener\">https:\/\/www.washingtonpost.com\/climate-environment\/interactive\/2021\/greenhouse-gas-emissions-pledges-data\/<\/a>.\n<\/p>\n<p>\n<q>jusqu\u2019\u00e0 23 % de nos \u00e9missions totales de CO<sub>2<\/sub> sont port\u00e9es disparues<\/q> Muyskens, J., et al., <cite>\u2018Measuring the invisible: how the Post did its global emissions analysis\u2019<\/cite>, <span class=\"book\">Washington Post<\/span>, 7 novembre 2021, <a href=\"https:\/\/www.washingtonpost.com\/climate-environment\/2021\/11\/07\/invisible-methodology-measuring-emissions-gap\/\" target=\"_blank\" rel=\"noopener\">https:\/\/www.washingtonpost.com\/climate-environment\/2021\/11\/07\/invisible-methodology-measuring-emissions-gap\/<\/a>.\n<\/p>\n<p>\n<q>Nous nous dirigeons vers une hausse des temp\u00e9ratures de 3,2\u00b0C<\/q> Intergovernmental Panel on Climate Change, <cite><span class=\"book\">Climate Change 2022: Mitigation of Climate Change. Working Group III Contribution to the Sixth Assessment Report of the Intergovernmental Panel on Climate Change<\/span><\/cite>, ed. P. R. Shukla et al. (Cambridge: Cambridge University Press, \u00e0 venir), <a href=\"https:\/\/www.ipcc.ch\/report\/ar6\/wg3\/\" rel=\"noopener\" target=\"_blank\">https:\/\/www.ipcc.ch\/report\/ar6\/wg3\/<\/a>.\n<\/p>\n<\/li>\n<\/ol>\n<\/div>\n","protected":false},"excerpt":{"rendered":"<p>Greta Thunberg Toutes les sources num\u00e9riques ont \u00e9t\u00e9 consult\u00e9es le 3 f\u00e9vrier 2022 Si tout le monde vivait comme nous en Su\u00e8de World Wildlife Fund, Living Planet Report 2016: Risk and Resilience in a New Era, 26 octobre 2016, https:\/\/www.worldwildlife.org\/pages\/living-planet-report-2016. moins d\u2019\u00e9nergie [\u2026] qu\u2019un r\u00e9frig\u00e9rateur standard am\u00e9ricain Bryce, R., A Question of Power: Electricity and&hellip;<\/p>\n","protected":false},"author":5,"featured_media":0,"parent":740,"menu_order":8,"comment_status":"closed","ping_status":"closed","template":"page-essay.php","meta":{"footnotes":""},"class_list":["post-748","page","type-page","status-publish","hentry"],"_links":{"self":[{"href":"https:\/\/theclimatebook.org\/fr\/wp-json\/wp\/v2\/pages\/748","targetHints":{"allow":["GET"]}}],"collection":[{"href":"https:\/\/theclimatebook.org\/fr\/wp-json\/wp\/v2\/pages"}],"about":[{"href":"https:\/\/theclimatebook.org\/fr\/wp-json\/wp\/v2\/types\/page"}],"author":[{"embeddable":true,"href":"https:\/\/theclimatebook.org\/fr\/wp-json\/wp\/v2\/users\/5"}],"replies":[{"embeddable":true,"href":"https:\/\/theclimatebook.org\/fr\/wp-json\/wp\/v2\/comments?post=748"}],"version-history":[{"count":0,"href":"https:\/\/theclimatebook.org\/fr\/wp-json\/wp\/v2\/pages\/748\/revisions"}],"up":[{"embeddable":true,"href":"https:\/\/theclimatebook.org\/fr\/wp-json\/wp\/v2\/pages\/740"}],"wp:attachment":[{"href":"https:\/\/theclimatebook.org\/fr\/wp-json\/wp\/v2\/media?parent=748"}],"curies":[{"name":"wp","href":"https:\/\/api.w.org\/{rel}","templated":true}]}}