{"id":743,"date":"2022-09-01T15:00:13","date_gmt":"2022-09-01T15:00:13","guid":{"rendered":"https:\/\/theclimatebook.org\/notes-de-fin\/quels-impacts-sur-lhumanite\/3-3-les-maladies-liees-a-la-chaleur\/"},"modified":"2022-09-01T15:00:13","modified_gmt":"2022-09-01T15:00:13","slug":"3-3-les-maladies-liees-a-la-chaleur","status":"publish","type":"page","link":"https:\/\/theclimatebook.org\/fr\/notes-de-fin\/quels-impacts-sur-lhumanite\/3-3-les-maladies-liees-a-la-chaleur\/","title":{"rendered":"3.3 Les maladies lie\u0301es a\u0300 la chaleur"},"content":{"rendered":"<div class=\"notes\">\n<p class=\"author\"><a href=\"\/contributors#ana-m-vicedo-cabrera\" rel=\"author\">Ana M. Vicedo-Cabrera<\/a><\/p>\n<p class=\"date\">Les sources num\u00e9riques ont toutes \u00e9t\u00e9 consult\u00e9es en <time datetime=\"2022-05\">mai 2022<\/time><\/p>\n<ol start=\"137\">\n<li>\n<p>\n<q>Depuis quelques anne\u0301es, des vagues de chaleur extre\u0302me historiques<\/q> Robine, J.-M., et al., <cite>\u2018Death toll exceeded 70,000 in Europe during the summer of 2003\u2019<\/cite>, <span class=\"book\">Comptes rendus biologies<\/span>, 331 (2), 2008: 171\u20138, <a href=\"https:\/\/doi.org\/10.1016\/j.crvi.2007.12.001\" target=\"_blank\" rel=\"noopener\">https:\/\/doi.org\/10.1016\/j.crvi.2007.12.001<\/a>; Shaposhnikov, D., et al., <cite>\u2018Mortality related to air pollution with the Moscow heat wave and wildfire of 2010\u2019<\/cite>, <span class=\"book\">Epidemiology<\/span>, 25 (3), 2014: 359\u201364, doi: 10.1097\/EDE.0000000000000090.\n<\/p>\n<p>\n<q>environ 1 % de l\u2019ensemble des de\u0301ce\u0300s survenus dans le monde est imputable a\u0300 la chaleur<\/q> Zhao, Q., et al., <cite>\u2018Global, regional, and national burden of mortality associated with non-optimal ambient temperatures from 2000 to 2019: a three-stage modelling study\u2019<\/cite>, <span class=\"book\">Lancet Planetary Health<\/span>, 5 (7), 2021: e415\u2013e425, <a href=\"https:\/\/doi.org\/10.1016\/S2542-5196(21)00081-4\" target=\"_blank\" rel=\"noopener\">https:\/\/doi.org\/10.1016\/S2542-5196(21)00081-4<\/a>.\n<\/p>\n<p>\n<q>cette charge s\u2019alourdira au cours des prochaines de\u0301cennies<\/q> Vicedo-Cabrera, A. M., et al., <cite>\u2018The burden of heat-related mortality attributable to recent human-induced climate change\u2019<\/cite>, <span class=\"book\">Nature Climate Change<\/span>, 11 (6), 2021: 492\u2013500, <a href=\"https:\/\/doi.org\/10.1038\/s41558-021-01058-x\" target=\"_blank\" rel=\"noopener\">https:\/\/doi.org\/10.1038\/s41558-021-01058-x<\/a>.\n<\/p>\n<p>\n<q>le changement climatique multipliera par dix le nombre actuel de de\u0301ce\u0300s lie\u0301s a\u0300 la chaleur<\/q> Gasparrini, A., et al., <cite>\u2018Projections of temperature-related excess mortality under climate change scenarios\u2019<\/cite>, <span class=\"book\">Lancet Planetary Health<\/span>, 1 (9), 2017: e360\u2013e367, <a href=\"https:\/\/doi.org\/10.1016\/S2542-5196(17)30156-0\" target=\"_blank\" rel=\"noopener\">https:\/\/doi.org\/10.1016\/S2542-5196(17)30156-0<\/a>\n<\/p>\n<p>\n<q>les risques accrus lie\u0301s a\u0300 la chaleur s\u2019observent [\u2026] chez les personnes a\u0302ge\u0301es<\/q> Chen, K., Vicedo-Cabrera, A. M., and Dubrow, R., <cite>\u2018Projections of ambient temperature- and air pollution-related mortality burden under combined climate change and population aging scenarios: a review\u2019<\/cite>, <span class=\"book\">Current Environmental Health Reports<\/span>, 7 (3), 2020: 243\u201355, <a href=\"https:\/\/doi.org\/10.1007\/s40572-020-00281-6\" target=\"_blank\" rel=\"noopener\">https:\/\/doi.org\/10.1007\/s40572-020-00281-6<\/a>\n<\/p>\n<\/li>\n<li>\n<p>\n<q>se\u0301rieux proble\u0300mes bien en dec\u0327a\u0300 de ce seuil<\/q> Buzan, J. R., et Huber, M., <cite>\u2018Moist heat stress on a hotter earth\u2019<\/cite>, <span class=\"book\">Annual Review of Earth and Planetary Sciences<\/span>, 48, 2020: 623\u201355, <a href=\"https:\/\/doi.org\/10.1146\/annurev-earth-053018-060100\" target=\"_blank\" rel=\"noopener\">https:\/\/doi.org\/10.1146\/annurev-earth-053018-060100<\/a>.<\/p>\n<p>\n<q>les coups de chaleur ne sont responsables que d\u2019une infime partie<\/q> Alahmad, B., et al., <cite>\u2018Cardiovascular mortality and exposure to heat in an inherently hot region: implications for climate change\u2019<\/cite>, <span class=\"book\">Circulation<\/span>, 141 (15), 2020: 1271\u20133, <a href=\"https:\/\/doi.org\/10.1161\/CIRCULATIONAHA.119.044860\" target=\"_blank\" rel=\"noopener\">https:\/\/doi.org\/10.1161\/CIRCULATIONAHA.119.044860<\/a>.\n<\/p>\n<p>\n<q>La mortalite\u0301 n\u2019est que la partie e\u0301merge\u0301e de l\u2019iceberg<\/q> Romanello, M., et al., <cite>\u2018The 2021 report of the Lancet countdown on health and climate change: code red for a healthy future\u2019<\/cite>, <span class=\"book\">Lancet<\/span>, 398 (10311), 2021: 1619\u201362, <a href=\"https:\/\/doi.org\/10.1016\/S0140-6736(21)01787-6\" target=\"_blank\" rel=\"noopener\">https:\/\/doi.org\/10.1016\/S0140-6736(21)01787-6<\/a>.\n<\/p>\n<p>\n<q>les personnes a\u0302ge\u0301es, les femmes enceintes, les enfants et les personnes souffrant de maladies chroniques<\/q> Benmarhnia, T., et al., <cite>\u2018Review article: vulnerability to heat-related mortality: a systematic review, meta-analysis, and meta-regression analysis\u2019<\/cite>, <span class=\"book\">Epidemiology<\/span>, 26 (6), 2015: 781\u201393, doi: 10.1097\/EDE.0000000000000375.\n<\/p>\n<p>\n<q>Les impacts varient e\u0301galement conside\u0301rablement selon les re\u0301gions<\/q> Gasparrini, A., et al., <cite>\u2018Mortality risk attributable to high and low ambient temperature: a multicountry observational study\u2019<\/cite>, <span class=\"book\">Lancet<\/span>, 386 (9991), 2015: 369\u201375, <a href=\"https:\/\/doi.org\/10.1016\/S0140-6736(14)62114-0\" target=\"_blank\" rel=\"noopener\">https:\/\/doi.org\/10.1016\/S0140-6736(14)62114-0<\/a>.\n<\/p>\n<p>\n<q>les populations fortement urbanise\u0301es [\u2026] les plus touche\u0301es<\/q> Sera, F., et al., <cite>\u2018How urban characteristics affect vulnerability to heat and cold: a multi-country analysis\u2019<\/cite>, <span class=\"book\">International Journal of Epidemiology<\/span>, 48 (4), 2019: 1101\u201312, <a href=\"https:\/\/doi.org\/10.1093\/ije\/dyz008\" target=\"_blank\" rel=\"noopener\">https:\/\/doi.org\/10.1093\/ije\/dyz008<\/a>.\n<\/p>\n<p>\n<q>S\u2019il est vrai que nous nous sommes partiellement adapte\u0301s a\u0300 la chaleur<\/q> Vicedo-Cabrera, A. M., et al., <cite>\u2018A multi-country analysis on potential adaptive mechanisms to cold and heat in a changing climate\u2019<\/cite>, <span class=\"book\">Environment International<\/span>, 111, 2018: 239\u201346, <a href=\"https:\/\/doi.org\/10.1016\/j.envint.2017.11.006\" target=\"_blank\" rel=\"noopener\">https:\/\/doi.org\/10.1016\/j.envint.2017.11.006<\/a>.\n<\/p>\n<\/li>\n<li>\n<p>\n<q>La climatisation est longtemps apparue comme une solution efficace<\/q> Sera, F., et al., <cite>\u2018Air conditioning and heat-related mortality: a multi-country longitudinal study\u2019<\/cite>, <span class=\"book\">Epidemiology<\/span>, 31 (6), 2020: 779\u201387, doi: 10.1097\/EDE.0000000000001241.\n<\/p>\n<\/li>\n<\/ol>\n<\/div>\n","protected":false},"excerpt":{"rendered":"<p>Ana M. Vicedo-Cabrera Les sources num\u00e9riques ont toutes \u00e9t\u00e9 consult\u00e9es en mai 2022 Depuis quelques anne\u0301es, des vagues de chaleur extre\u0302me historiques Robine, J.-M., et al., \u2018Death toll exceeded 70,000 in Europe during the summer of 2003\u2019, Comptes rendus biologies, 331 (2), 2008: 171\u20138, https:\/\/doi.org\/10.1016\/j.crvi.2007.12.001; Shaposhnikov, D., et al., \u2018Mortality related to air pollution with&hellip;<\/p>\n","protected":false},"author":5,"featured_media":0,"parent":740,"menu_order":3,"comment_status":"closed","ping_status":"closed","template":"page-essay.php","meta":{"footnotes":""},"class_list":["post-743","page","type-page","status-publish","hentry"],"_links":{"self":[{"href":"https:\/\/theclimatebook.org\/fr\/wp-json\/wp\/v2\/pages\/743","targetHints":{"allow":["GET"]}}],"collection":[{"href":"https:\/\/theclimatebook.org\/fr\/wp-json\/wp\/v2\/pages"}],"about":[{"href":"https:\/\/theclimatebook.org\/fr\/wp-json\/wp\/v2\/types\/page"}],"author":[{"embeddable":true,"href":"https:\/\/theclimatebook.org\/fr\/wp-json\/wp\/v2\/users\/5"}],"replies":[{"embeddable":true,"href":"https:\/\/theclimatebook.org\/fr\/wp-json\/wp\/v2\/comments?post=743"}],"version-history":[{"count":0,"href":"https:\/\/theclimatebook.org\/fr\/wp-json\/wp\/v2\/pages\/743\/revisions"}],"up":[{"embeddable":true,"href":"https:\/\/theclimatebook.org\/fr\/wp-json\/wp\/v2\/pages\/740"}],"wp:attachment":[{"href":"https:\/\/theclimatebook.org\/fr\/wp-json\/wp\/v2\/media?parent=743"}],"curies":[{"name":"wp","href":"https:\/\/api.w.org\/{rel}","templated":true}]}}