{"id":742,"date":"2022-09-01T14:31:40","date_gmt":"2022-09-01T14:31:40","guid":{"rendered":"https:\/\/theclimatebook.org\/notes-de-fin\/quels-impacts-sur-lhumanite\/3-2-sante-et-climat\/"},"modified":"2022-09-01T14:31:40","modified_gmt":"2022-09-01T14:31:40","slug":"3-2-sante-et-climat","status":"publish","type":"page","link":"https:\/\/theclimatebook.org\/fr\/notes-de-fin\/quels-impacts-sur-lhumanite\/3-2-sante-et-climat\/","title":{"rendered":"3.2 Sante\u0301 et climat"},"content":{"rendered":"<div class=\"notes\">\n<p class=\"author\"><a href=\"\/contributors#tedros-adhanom-ghebreyesus\" rel=\"author\">Tedros Adhanom Ghebreyesus<\/a><\/p>\n<p class=\"date\">Toutes les sources num\u00e9riques ont \u00e9t\u00e9 consult\u00e9es le <time datetime=\"2022-03-04\">4 mars 2022<\/time><\/p>\n<ol start=\"134\">\n<li>\n<p>\n<q>Les risques de famine et d\u2019e\u0301pide\u0301mie de maladies a\u0300 transmission vectorielle<\/q> Organisation mondiale de la sant\u00e9, <cite><span class=\"book\">COP26 Special Report on Climate Change and Health: The Health Argument for Climate Action<\/span><\/cite>, 11 octobre 2021, <a href=\"https:\/\/www.who.int\/publications\/i\/item\/9789240036727\" rel=\"noopener\" target=\"_blank\">COP26 special report on climate change and health: the health argument for climate action (who.int)<\/a>.\n<\/p>\n<p>\n<q>Une e\u0301tude de l\u2019Organisation mondiale de la sante\u0301<\/q> Organisation mondiale de la sant\u00e9, <cite><span class=\"book\">Quantitative Risk Assessment of the Effects of Climate Change on Selected Causes of Death, 2030s and 2050s<\/span><\/cite>, 18 septembre 2014, <a href=\"https:\/\/www.who.int\/publications\/i\/item\/9789241507691\" target=\"_blank\" rel=\"noopener\">https:\/\/www.who.int\/publications\/i\/item\/9789241507691<\/a>.\n<\/p>\n<p>\n<q>les enfants ne\u0301s apre\u0300s 2014<\/q> Thiery, W., et al., <cite>\u2018Intergenerational inequities in exposure to climate extremes\u2019<\/cite>, <span class=\"book\">Science<\/span>, 2021; 374 (6564), 2021: 158\u201360, <a href=\"https:\/\/doi.org\/10.1126\/science.abi7339\" target=\"_blank\" rel=\"noopener\">https:\/\/doi.org\/10.1126\/science.abi7339<\/a>.\n<\/p>\n<p>\n<q>les impacts pe\u0300sent de fac\u0327on de\u0301mesure\u0301e sur les plus de\u0301favorise\u0301s<\/q> Action for Global Health, <cite><span class=\"book\">Health Inequalities and Climate Change: Action for Global Health Position Paper<\/span>, septembre 2021, <a href=\"https:\/\/actionforglobalhealth.org.uk\/wp-content\/uploads\/2021\/10\/Health-Inequalities-and-Climate-Change-Action-for-Global-Health-Position-Paper.pdf\" target=\"_blank\" rel=\"noopener\">https:\/\/actionforglobalhealth.org.uk\/wp-content\/uploads\/2021\/10\/Health-Inequalities-and-Climate-Change-Action-for-Global-Health-Position-Paper.pdf<\/a>.<br \/>\n<\/cite>\n<\/p>\n<\/li>\n<li>\n<p>\n<q>les crises et les chocs sanitaires font basculer chaque anne\u0301e quelque 100 millions de personnes dans la pauvrete\u0301<\/q> Conseil des droits de l\u2019homme, <cite><span class=\"book\">Changements climatiques et pauvret\u00e9. Rapport du Rapporteur sp\u00e9cial sur les droits de l\u2019homme et l\u2019extr\u00eame pauvret\u00e9<\/span><\/cite>, 16 juillet 2019, <a href=\"https:\/\/www.ohchr.org\/en\/documents\/thematic-reports\/ahrc4139-climate-change-extreme-poverty-and-human-rights-report\" target=\"_blank\" rel=\"noopener\">https:\/\/www.ohchr.org\/en\/documents\/thematic-reports\/ahrc4139-climate-change-extreme-poverty-and-human-rights-report<\/a>\n<\/p>\n<p>\n<q>franchir des seuils de tempe\u0301rature critiques<\/q> Groupe d\u2019experts intergouvernemental sur l\u2019\u00e9volution du climat, <cite>\u2018Summary for policymakers\u2019<\/cite>, <span class=\"book\">Climate Change 2021: The Physical Science Basis. Contribution of Working Group I to the Sixth Assessment Report of the Intergovernmental Panel on Climate Change<\/span>, \u00e9d. V. Masson-Delmotte et al. (Cambridge: Cambridge University Press, \u00e0 venir), <a href=\"https:\/\/www.ipcc.ch\/report\/ar6\/wg1\/\" rel=\"noopener\" target=\"_blank\">https:\/\/www.ipcc.ch\/report\/ar6\/wg1\/<\/a>.\n<\/p>\n<p>\n<q>enque\u0302te re\u0301cente mene\u0301e par l\u2019OMS aupre\u0300s de ses E\u0301tats membres<\/q> Organisation mondiale de la sant\u00e9, <cite><span class=\"book\">2021 WHO Health and Climate Change Global Survey Report<\/span><\/cite>, 8 novembre 2021, <a href=\"https:\/\/www.who.int\/publications\/i\/item\/9789240038509\" target=\"_blank\" rel=\"noopener\">https:\/\/www.who.int\/publications\/i\/item\/9789240038509<\/a>\n<\/p>\n<p>\n<q>Privile\u0301gier les produits ve\u0301ge\u0301taux nourrissants [\u2026] re\u0301duire conside\u0301rablement les e\u0301missions mondiales<\/q> Springmann, M., et al., <cite>\u2018Analysis and valuation of the health and climate change cobenefits of dietary change\u2019<\/cite>, <span class=\"book\">Proceedings of the National Academy of Sciences<\/span>, 113 (15), 2016: 4146\u201351, <a href=\"https:\/\/doi.org\/10.1073\/pnas.1523119113\" target=\"_blank\" rel=\"noopener\">https:\/\/doi.org\/10.1073\/pnas.1523119113<\/a>.\n<\/p>\n<p>\n<q>une action climatique aligne\u0301e sur les objectifs de l\u2019accord de Paris sauverait des millions de vie<\/q> Hamilton, I., et al., <cite>\u2018The public health implications of the Paris Agreement: a modelling study\u2019<\/cite>, <span class=\"book\">Lancet Planetary Health<\/span>, 5 (2), 2021: e74\u2013e83, <a href=\"https:\/\/doi.org\/10.1016\/S2542-5196(20)30249-7\" target=\"_blank\" rel=\"noopener\">https:\/\/doi.org\/10.1016\/S2542-5196(20)30249-7<\/a>.\n<\/p>\n<\/li>\n<li>\n<p>\n<q>industries polluantes utilisant des combustibles fossiles continuent de percevoir 11 millions de dollars de subventions<\/q> Parry, I. W. H., et al., <cite><span class=\"book\">Still Not Getting Energy Prices Right: A Global and Country Update of Fossil Fuel Subsidies<\/span><\/cite>, document de travail, Fonds mon\u00e9taire international, 24 septembre 2021, <a href=\"https:\/\/www.imf.org\/en\/Publications\/WP\/Issues\/2021\/09\/23\/Still-Not-Getting-Energy-Prices-Right-A-Global-and-Country-Update-of-Fossil-Fuel-Subsidies-466004\" target=\"_blank\" rel=\"noopener\">https:\/\/www.imf.org\/en\/Publications\/WP\/Issues\/2021\/09\/23\/Still-Not-Getting-Energy-Prices-Right-A-Global-and-Country-Update-of-Fossil-Fuel-Subsidies-466004<\/a>.\n<\/p>\n<\/li>\n<\/ol>\n<\/div>\n","protected":false},"excerpt":{"rendered":"<p>Tedros Adhanom Ghebreyesus Toutes les sources num\u00e9riques ont \u00e9t\u00e9 consult\u00e9es le 4 mars 2022 Les risques de famine et d\u2019e\u0301pide\u0301mie de maladies a\u0300 transmission vectorielle Organisation mondiale de la sant\u00e9, COP26 Special Report on Climate Change and Health: The Health Argument for Climate Action, 11 octobre 2021, COP26 special report on climate change and health:&hellip;<\/p>\n","protected":false},"author":5,"featured_media":0,"parent":740,"menu_order":2,"comment_status":"closed","ping_status":"closed","template":"page-essay.php","meta":{"footnotes":""},"class_list":["post-742","page","type-page","status-publish","hentry"],"_links":{"self":[{"href":"https:\/\/theclimatebook.org\/fr\/wp-json\/wp\/v2\/pages\/742","targetHints":{"allow":["GET"]}}],"collection":[{"href":"https:\/\/theclimatebook.org\/fr\/wp-json\/wp\/v2\/pages"}],"about":[{"href":"https:\/\/theclimatebook.org\/fr\/wp-json\/wp\/v2\/types\/page"}],"author":[{"embeddable":true,"href":"https:\/\/theclimatebook.org\/fr\/wp-json\/wp\/v2\/users\/5"}],"replies":[{"embeddable":true,"href":"https:\/\/theclimatebook.org\/fr\/wp-json\/wp\/v2\/comments?post=742"}],"version-history":[{"count":0,"href":"https:\/\/theclimatebook.org\/fr\/wp-json\/wp\/v2\/pages\/742\/revisions"}],"up":[{"embeddable":true,"href":"https:\/\/theclimatebook.org\/fr\/wp-json\/wp\/v2\/pages\/740"}],"wp:attachment":[{"href":"https:\/\/theclimatebook.org\/fr\/wp-json\/wp\/v2\/media?parent=742"}],"curies":[{"name":"wp","href":"https:\/\/api.w.org\/{rel}","templated":true}]}}