{"id":741,"date":"2022-09-01T14:14:28","date_gmt":"2022-09-01T14:14:28","guid":{"rendered":"https:\/\/theclimatebook.org\/notes-de-fin\/quels-impacts-sur-lhumanite\/3-1-le-monde-a-de-la-fievre\/"},"modified":"2022-09-01T14:14:28","modified_gmt":"2022-09-01T14:14:28","slug":"3-1-le-monde-a-de-la-fievre","status":"publish","type":"page","link":"https:\/\/theclimatebook.org\/fr\/notes-de-fin\/quels-impacts-sur-lhumanite\/3-1-le-monde-a-de-la-fievre\/","title":{"rendered":"3.1 Le monde a de la fi\u00e8vre"},"content":{"rendered":"<div class=\"notes\">\n<p class=\"author\"><a href=\"\/contributors#greta-thunberg\" rel=\"author\">Greta Thunberg<\/a><\/p>\n<p class=\"date\">Toutes les sources num\u00e9riques ont \u00e9t\u00e9 consult\u00e9es le <time datetime=\"2022-02-03\">3 f\u00e9vrier 2022<\/time><\/p>\n<ol start=\"132\">\n<li>\n<p>\n<q>Les 1 % les plus riches sont responsables<\/q> Gore, T., <cite>\u2018Confronting carbon inequality: putting climate justice at the heart of the COVID-19 recovery\u2019<\/cite>, Oxfam International, 21 septembre 2020, <a href=\"https:\/\/www.oxfam.org\/en\/research\/confronting-carbon-inequality\" target=\"_blank\" rel=\"noopener\">https:\/\/www.oxfam.org\/en\/research\/confronting-carbon-inequality<\/a>.\n<\/p>\n<\/li>\n<li>\n<p>\n<q>75 % de toutes les nouvelles maladies infectieuses trouvent leur origine dans la vie sauvage<\/q> National Center for Emerging and Zoonotic Infectious Diseases, <cite>\u2018Zoonotic diseases\u2019<\/cite>, Centers for Disease Control and Prevention, 1<sup>er<\/sup> juillet 2021, <a href=\"https:\/\/www.cdc.gov\/onehealth\/basics\/zoonotic-diseases.html\" target=\"_blank\" rel=\"noopener\">https:\/\/www.cdc.gov\/onehealth\/basics\/zoonotic-diseases.html<\/a>.\n<\/p>\n<p>\n<q>\u00ab Nous sommes en train de cr\u00e9er les conditions dans lesquelles les \u00e9pid\u00e9mies se multiplient \u00bb<\/q>  <cite>\u2018Tr\u00f3caire, \u20185 lessons Dr. Mike Ryan says we need to learn from Covid-19\u2019<\/cite>, 18 f\u00e9vrier 2021, <a href=\"https:\/\/www.trocaire.org\/news\/5-lessons-dr-mike-ryan-says-we-need-to-learn-from-covid-19\/\" target=\"_blank\" rel=\"noopener\">https:\/\/www.trocaire.org\/news\/5-lessons-dr-mike-ryan-says-we-need-to-learn-from-covid-19\/<\/a>.\n<\/p>\n<p>\n<q>37 % des d\u00e9c\u00e8s li\u00e9s \u00e0 la chaleur sont caus\u00e9s par le changement climatique<\/q> Vicedo-Cabrera, A. M., et al., <cite>\u2018The burden of heat-related mortality attributable to recent human-induced climate change\u2019<\/cite>, <span class=\"book\">Nature Climate Change<\/span>, 11 (6), 2021: 492\u2013500, <a href=\"https:\/\/doi.org\/10.1038\/s41558-021-01058-x\" target=\"_blank\" rel=\"noopener\">https:\/\/doi.org\/10.1038\/s41558-021-01058-x<\/a>.\n<\/p>\n<p>\n<q>une dizaine de millions de personnes meurent chaque ann\u00e9e de la pollution de l\u2019air<\/q> Shindell, D., et al., <cite>\u2018Temporal and spatial distribution of health, labor, and crop benefits of climate change mitigation in the United States\u2019<\/cite>, <span class=\"book\">Proceedings of the National Academy of Sciences<\/span>, 118 (46), 2021: Article e2104061118, <a href=\"https:\/\/doi.org\/10.1073\/pnas.2104061118\" target=\"_blank\" rel=\"noopener\">https:\/\/doi.org\/10.1073\/pnas.2104061118<\/a>; Shindell, D., et al., <cite>\u2018Quantified, localized health benefits of accelerated carbon dioxide emissions reductions\u2019<\/cite>, <span class=\"book\">Nature Climate Change<\/span>, 8 (4), 2018: 291\u20135, <a href=\"https:\/\/doi.org\/10.1038\/s41558-018-0108-y\" target=\"_blank\" rel=\"noopener\">https:\/\/doi.org\/10.1038\/s41558-018-0108-y<\/a>.\n<\/p>\n<p>\n<q>le paludisme et la dengue pourraient en placer des milliards de plus en situation de risque<\/q> Col\u00f3n-Gonz\u00e1lez, F. J., et al., <cite>\u2018Projecting the risk of mosquito-borne diseases in a warmer and more populated world: a multi-model, multi-scenario intercomparison modelling study\u2019<\/cite>, <span class=\"book\">Lancet Planetary Health<\/span>, 5 (7), 2021: e404\u2013e414, <a href=\"https:\/\/doi.org\/10.1016\/S2542-5196(21)00132-7\" target=\"_blank\" rel=\"noopener\">https:\/\/doi.org\/10.1016\/S2542-5196(21)00132-7<\/a>; Caminade, C., et al., <cite>\u2018Impact of climate change on global malaria distribution\u2019<\/cite>, <span class=\"book\">Proceedings of the National Academy of Sciences<\/span>, 111 (9), 2014: 3286\u201391, <a href=\"https:\/\/doi.org\/10.1073\/pnas.1302089111\" target=\"_blank\" rel=\"noopener\">https:\/\/doi.org\/10.1073\/pnas.1302089111<\/a>; Liu-Helmersson, J., et al., <cite>\u2018Climate change may enable Aedes aegypti infestation in major European cities by 2100\u2019<\/cite>, <span class=\"book\">Environmental Research<\/span>, 172, 2019: 693\u20139, <a href=\"https:\/\/doi.org\/10.1016\/j.envres.2019.02.026\" target=\"_blank\" rel=\"noopener\">https:\/\/doi.org\/10.1016\/j.envres.2019.02.026<\/a>.\n<\/p>\n<\/li>\n<\/ol>\n<\/div>\n","protected":false},"excerpt":{"rendered":"<p>Greta Thunberg Toutes les sources num\u00e9riques ont \u00e9t\u00e9 consult\u00e9es le 3 f\u00e9vrier 2022 Les 1 % les plus riches sont responsables Gore, T., \u2018Confronting carbon inequality: putting climate justice at the heart of the COVID-19 recovery\u2019, Oxfam International, 21 septembre 2020, https:\/\/www.oxfam.org\/en\/research\/confronting-carbon-inequality. 75 % de toutes les nouvelles maladies infectieuses trouvent leur origine dans la&hellip;<\/p>\n","protected":false},"author":5,"featured_media":0,"parent":740,"menu_order":1,"comment_status":"closed","ping_status":"closed","template":"page-essay.php","meta":{"footnotes":""},"class_list":["post-741","page","type-page","status-publish","hentry"],"_links":{"self":[{"href":"https:\/\/theclimatebook.org\/fr\/wp-json\/wp\/v2\/pages\/741","targetHints":{"allow":["GET"]}}],"collection":[{"href":"https:\/\/theclimatebook.org\/fr\/wp-json\/wp\/v2\/pages"}],"about":[{"href":"https:\/\/theclimatebook.org\/fr\/wp-json\/wp\/v2\/types\/page"}],"author":[{"embeddable":true,"href":"https:\/\/theclimatebook.org\/fr\/wp-json\/wp\/v2\/users\/5"}],"replies":[{"embeddable":true,"href":"https:\/\/theclimatebook.org\/fr\/wp-json\/wp\/v2\/comments?post=741"}],"version-history":[{"count":0,"href":"https:\/\/theclimatebook.org\/fr\/wp-json\/wp\/v2\/pages\/741\/revisions"}],"up":[{"embeddable":true,"href":"https:\/\/theclimatebook.org\/fr\/wp-json\/wp\/v2\/pages\/740"}],"wp:attachment":[{"href":"https:\/\/theclimatebook.org\/fr\/wp-json\/wp\/v2\/media?parent=741"}],"curies":[{"name":"wp","href":"https:\/\/api.w.org\/{rel}","templated":true}]}}