{"id":739,"date":"2022-09-01T12:12:42","date_gmt":"2022-09-01T12:12:42","guid":{"rendered":"https:\/\/theclimatebook.org\/notes-de-fin\/la-planete-change-sous-nos-yeux\/2-24-quels-scenarios-a-15-c-2-c-ou-4-c-de-rechauffement\/"},"modified":"2022-09-01T12:12:42","modified_gmt":"2022-09-01T12:12:42","slug":"2-24-quels-scenarios-a-15-c-2-c-ou-4-c-de-rechauffement","status":"publish","type":"page","link":"https:\/\/theclimatebook.org\/fr\/notes-de-fin\/la-planete-change-sous-nos-yeux\/2-24-quels-scenarios-a-15-c-2-c-ou-4-c-de-rechauffement\/","title":{"rendered":"2.24 Quels sce\u0301narios a\u0300 1,5 \u00b0C, 2 \u00b0C ou 4 \u00b0C de re\u0301chauffement"},"content":{"rendered":"<div class=\"notes\">\n<p class=\"author\"><a href=\"\/contributors#tamsin-edwards\" rel=\"author\">Tamsin Edwards<\/a><\/p>\n<p class=\"date\">Toutes les sources num\u00e9riques ont \u00e9t\u00e9 consult\u00e9es le <time datetime=\"2022-03-04\">4 mars 2022<\/time><\/p>\n<ol start=\"122\">\n<li>\n<p>\n<q>Les e\u0301pisodes de chaleur intense [\u2026] une fois tous les dix ans<\/q> Groupe d\u2019experts intergouvernemental sur l\u2019\u00e9volution du climat, <cite>\u2018Summary for policymakers\u2019<\/cite>, in <span class=\"book\">Climate Change 2021: The Physical Science Basis. Contribution of Working Group I to the Sixth Assessment Report of the Intergovernmental Panel on Climate Change<\/span>, ed. V. Masson-Delmotte et al. (Cambridge: Cambridge University Press, \u00e0 venir), Fig. SPM.6: <cite>\u2018Hot temperature extremes over land\u2019<\/cite>, <a href=\"https:\/\/www.ipcc.ch\/report\/ar6\/wg1\/\" rel=\"noopener\" target=\"_blank\">https:\/\/www.ipcc.ch\/report\/ar6\/wg1\/<\/a>. Les pics extr\u00eames de temp\u00e9rature sont d\u00e9finis comme suit : des temp\u00e9ratures maximales quotidiennes mesur\u00e9es \u00e0 la surface terrestre qui n\u2019\u00e9taient d\u00e9pass\u00e9es en moyenne qu\u2019une fois par d\u00e9cennie entre 1850 et 1900.\n<\/p>\n<p>\n<q>La probabilite\u0301 de pluies diluviennes a augmente\u0301 de 30 %<\/q> Ibid., Fig. SPM.6: <cite>\u2018Heavy precipitation over land\u2019<\/cite>. Les ph\u00e9nom\u00e8nes extr\u00eames de pr\u00e9cipitations sont d\u00e9finis comme suit : la pluviom\u00e9trie quotidienne \u00e0 la surface terrestre qui n\u2019\u00e9tait d\u00e9pass\u00e9e en moyenne qu\u2019une fois par d\u00e9cennie entre 1850 et 1900.\n<\/p>\n<p>\n<q>celle des se\u0301cheresses [\u2026] de 70 %<\/q> Ibid., Fig. SPM.6: <cite>\u2018Agricultural and ecological droughts in drying regions\u2019<\/cite>. La s\u00e9cheresse est d\u00e9finie comme suit : la moyenne annuelle de l\u2019humidit\u00e9 totale de la colonne du sol est inf\u00e9rieure au dixi\u00e8me centile de la p\u00e9riode 1850-1900. Les r\u00e9sultats ne sont pr\u00e9sent\u00e9s que pour les r\u00e9gions en voie d\u2019ass\u00e8chement.\n<\/p>\n<p>\n<q>certains sont, par notre faute, trois [\u2026] fois plus probables<\/q> Otto, F. E. L., et al., <cite>\u2018Likelihood of Cape Town water crisis tripled by climate change\u2019<\/cite>, World Weather Attribution, 13 July 2018,  <a href=\"https:\/\/www.worldweatherattribution.org\/the-role-of-climate-change-in-the-2015-2017-drought-in-the-western-cape-of-south-africa\" target=\"_blank\" rel=\"noopener\">https:\/\/www.worldweatherattribution.org\/the-role-of-climate-change-in-the-2015-2017-drought-in-the-western-cape-of-south-africa<\/a>.\n<\/p>\n<p>\n<q>double\u0301 a\u0300 la fin du sie\u0300cle<\/q> Les \u00e9missions de CO<sub>2<\/sub> de tous les secteurs passent d\u2019environ 40 gigatonnes \u00e0 80 gigatonnes entre 2015 et 2100, soit une moyenne l\u00e9g\u00e8rement inf\u00e9rieure \u00e0 +0,5 gigatonne par an (dont la vaste majorit\u00e9 est issue des combustibles fossiles et non de la d\u00e9forestation). C\u2019est comparable \u00e0 l\u2019augmentation moyenne des \u00e9missions de CO<SUB>2<\/SUB> des \u00e9nergies fossiles, d\u2019environ 26 gigatonnes par an \u00e0 environ 36 gigatonnes par an de 2000 \u00e0 2019, d\u2019apr\u00e8s l\u2019estimation du budget carbone mondial pour 2021: Global Carbon Project, <cite>\u2018Infographics: Global carbon budget 2021\u2019<\/cite>, <a href=\"https:\/\/www.globalcarbonproject.org\/carbonbudget\/21\/infographics.htm\" target=\"_blank\" rel=\"noopener\">https:\/\/www.globalcarbonproject.org\/carbonbudget\/21\/infographics.htm<\/a>.\n<\/p>\n<p>\n<q>A\u0300 l\u2019e\u0301poque ou\u0300 nos ance\u0302tres commenc\u0327aient a\u0300 tailler des outils en silex<\/q> Harmand, S., <cite>\u20183.3-million-year-old stone tools from Lomekwi 3, West Turkana, Kenya\u2019<\/cite>, <span class=\"book\">Nature<\/span>, 521 (7552), 2015: 310\u201315, <a href=\"https:\/\/doi.org\/10.1038\/nature14464\" target=\"_blank\" rel=\"noopener\">https:\/\/doi.org\/10.1038\/nature14464<\/a>; Brahic, C., <cite>\u2018Human ancestors got a grip on tools 3 million years ago\u2019<\/cite>, <span class=\"book\">New Scientist<\/span>, 22 janvier  2015, <a href=\"https:\/\/www.newscientist.com\/article\/dn26844-human-ancestors-got-a-grip-on-tools-3-million-years-ago\" target=\"_blank\" rel=\"noopener\">https:\/\/www.newscientist.com\/article\/dn26844-human-ancestors-got-a-grip-on-tools-3-million-years-ago<\/a>; Skinner, M. M., et al., <cite>\u2018Human-like hand use in Australopithecus africanus\u2019<\/cite>, <span class=\"book\">Science<\/span>, 347 (6220), 2015: 395\u20139, <a href=\"https:\/\/doi.org\/10.1126\/science.1261735\" target=\"_blank\" rel=\"noopener\">https:\/\/doi.org\/10.1126\/science.1261735<\/a>.\n<\/p>\n<p>\n<q>exposant des centaines de millions de gens a\u0300 des e\u0301pisodes de chaleur extre\u0302me meurtriers<\/q> Hoegh-Guldberg, O., et al., <cite>\u2018Impacts of 1.5\u00baC global warming on natural and human systems\u2019<\/cite>, in Groupe d\u2019experts intergouvernemental sur l\u2019\u00e9volution du climat, <span class=\"book\">Global Warming of 1.5\u00b0C: An IPCC Special Report on the Impacts of Global Warming of 1.5\u00b0C above Pre-industrial Levels and Related Global Greenhouse Gas Emission Pathways, in the Context of Strengthening the Global Response to the Threat of Climate Change, Sustainable Development, and Efforts to Eradicate Poverty<\/span>, \u00e9d. V. Masson-Delmotte (Cambridge: Cambridge University Press, 2018), <a href=\"https:\/\/www.ipcc.ch\/sr15\/chapter\/chapter-3\/\" target=\"_blank\" rel=\"noopener\">https:\/\/www.ipcc.ch\/sr15\/chapter\/chapter-3\/<\/a>.\n<\/p>\n<\/li>\n<li value=\"124\">\n<p>\n<q>me\u0302me si le re\u0301chauffement est limite\u0301 a\u0300 1,5 \u00b0C, la glace de mer [\u2026] disparai\u0302tra presque<\/q> Groupe d\u2019experts intergouvernemental sur l\u2019\u00e9volution du climat, <cite>\u2018Summary for policymakers\u2019<\/cite>, in <span class=\"book\">Climate Change 2021: The Physical Science Basis<\/span>, paragraph B.2.5: <cite>\u00ab L\u2019Arctique a toutes les chances d\u2019\u00eatre pratiquement priv\u00e9 de banquise au mois de septembre au moins une fois avant 2050, d\u2019apr\u00e8s les cinq sc\u00e9narios pr\u00e9sent\u00e9s dans le rapport. \u00bb<\/cite> Dans le plus optimiste de ces sc\u00e9narios d\u00e9taillant les \u00e9missions (SSP1-1.9), la temp\u00e9rature mondiale de surface relative \u00e0 la p\u00e9riode 1950-2000 devrait augmenter d\u20191,5 \u00b0C entre 2021 et 2040, d\u20191,6 \u00b0C entre 2041 et 2060 et d\u20191,4 \u00b0C entre 2081 et 2100, c\u2019est-\u00e0-dire 1,5 \u00b0C avec un d\u00e9passement limit\u00e9 (Ibid, tableau SPM.1).\n<\/p>\n<p>\n<q>Avec 3 \u00b0C ou 4 \u00b0C supple\u0301mentaires, elle fondra entie\u0300rement<\/q> Fox-Kemper, B., et al., <cite>\u2018Ocean, cryosphere and sea level change\u2019<\/cite>, in Groupe d\u2019experts intergouvernemental sur l\u2019\u00e9volution du climat, <span class=\"book\">Climate Change 2021: The Physical Science Basis. Contribution of Working Group I to the Sixth Assessment Report of the Intergovernmental Panel on Climate Change<\/span>, \u00e9d. V. Masson-Delmotte et al. (Cambridge: Cambridge University Press, \u00e0 venir), <a href=\"https:\/\/www.ipcc.ch\/report\/ar6\/wg1\/\" rel=\"noopener\" target=\"_blank\">https:\/\/www.ipcc.ch\/report\/ar6\/wg1\/<\/a>, <cite>\u2018Executive summary\u2019<\/cite> : <cite>\u00ab Synth\u00e8se : cet \u00e9tat quasiment libre de glaces sera plus fr\u00e9quent, selon les estimations, dans le cas de concentrations plus \u00e9lev\u00e9es de gaz \u00e0 effet de serre, et il deviendra la norme dans le cadre des sc\u00e9narios pr\u00e9voyant des \u00e9missions \u00e9lev\u00e9es d\u2019ici \u00e0 la fin du XXIe si\u00e8cle (fiabilit\u00e9 \u00e9lev\u00e9e). [\u2026] Avec un taux prolong\u00e9 de r\u00e9chauffement compris entre 1,5 \u00b0C et 2 \u00b0C, l\u2019oc\u00e9an Arctique sera quasiment exempt de banquise en septembre certaines ann\u00e9es (fiabilit\u00e9 moyenne). [\u2026] Avec un taux prolong\u00e9 de r\u00e9chauffement compris entre 2 \u00b0C et 3 \u00b0C, l\u2019oc\u00e9an Arctique sera quasiment exempt de banquise tout au long de septembre la plupart des ann\u00e9es (fiabilit\u00e9 moyenne). [\u2026] Avec un taux prolong\u00e9 de r\u00e9chauffement compris entre 3 \u00b0C et 5 \u00b0C, l\u2019oc\u00e9an Arctique sera quasiment exempt de banquise pendant plusieurs mois la plupart des ann\u00e9es (fiabilit\u00e9 \u00e9lev\u00e9e). \u00bb<\/cite>\n<\/p>\n<p>\n<q>me\u0302me a\u0300 ces tempe\u0301ratures<\/q> Lee, J.-Y., et al., <cite>\u2018Future global climate: scenario-based projections and near-term information\u2019<\/cite>, in Groupe d\u2019experts intergouvernemental sur l\u2019\u00e9volution du climat, <span class=\"book\">Climate Change 2021: The Physical Science Basis. Contribution of Working Group I to the Sixth Assessment Report of the Intergovernmental Panel on Climate Change<\/span>, \u00e9d. V. Masson-Delmotte et al. (Cambridge: Cambridge University Press, \u00e0 venir), doi: 10.1017\/9781009157896.006.<\/p>\n<p>\n<q>en 2300, le thermome\u0300tre plane\u0301taire afficherait 10 \u00b0C de plus<\/q> Ibid., tableau 4.9. Dans le cadre du sc\u00e9nario o\u00f9 les \u00e9missions sont les plus \u00e9lev\u00e9es (SSP5-8), la meilleure estimation (moyenne) pour la hausse de temp\u00e9rature mondiale en surface d\u2019ici \u00e0 2300 par rapport \u00e0 1950-2000 est de 9,6 \u00b0C, la probabilit\u00e9 \u00e9tant tr\u00e8s forte (90 %) que la hausse se situe entre 6,6 \u00b0C et 14,1 \u00b0C.\n<\/p>\n<\/li>\n<li>\n<p>\n<q>\u00ab faute de re\u0301ductions imme\u0301diates, rapides et massives \u00bb<\/q> Groupe d\u2019experts intergouvernemental sur l\u2019\u00e9volution du climat, <cite>\u00ab Changement climatique g\u00e9n\u00e9ralis\u00e9 et rapide, d\u2019intensit\u00e9 croissante \u00bb<\/cite> (communiqu\u00e9 de presse, sortie du rapport du groupe de travail n\u00b0 1 du GIEC: <span class=\"book\">Climate Change 2021: The Physical Science Basis<\/span>), 9 ao\u00fbt 2021, <a href=\"https:\/\/www.ipcc.ch\/2021\/08\/09\/ar6-wg1-20210809-pr\" target=\"_blank\" rel=\"noopener\">https:\/\/www.ipcc.ch\/2021\/08\/09\/ar6-wg1-20210809-pr<\/a>.<\/p>\n<p>\n<q>Si ces mesures sont correctement applique\u0301es<\/q> Carbon Brief, <cite>\u2018Analysis: do COP26 promises keep global warming below 2\u00b0C?\u2019<\/cite>, 10 novembre 2021, <a href=\"https:\/\/www.carbonbrief.org\/analysis-do-cop26-promises-keep-global-warming-below-2c\" target=\"_blank\" rel=\"noopener\">https:\/\/www.carbonbrief.org\/analysis-do-cop26-promises-keep-global-warming-below-2c<\/a>.<\/p>\n<\/li>\n<\/ol>\n<\/div>\n","protected":false},"excerpt":{"rendered":"<p>Tamsin Edwards Toutes les sources num\u00e9riques ont \u00e9t\u00e9 consult\u00e9es le 4 mars 2022 Les e\u0301pisodes de chaleur intense [\u2026] une fois tous les dix ans Groupe d\u2019experts intergouvernemental sur l\u2019\u00e9volution du climat, \u2018Summary for policymakers\u2019, in Climate Change 2021: The Physical Science Basis. Contribution of Working Group I to the Sixth Assessment Report of the&hellip;<\/p>\n","protected":false},"author":5,"featured_media":0,"parent":717,"menu_order":24,"comment_status":"closed","ping_status":"closed","template":"page-essay.php","meta":{"footnotes":""},"class_list":["post-739","page","type-page","status-publish","hentry"],"_links":{"self":[{"href":"https:\/\/theclimatebook.org\/fr\/wp-json\/wp\/v2\/pages\/739","targetHints":{"allow":["GET"]}}],"collection":[{"href":"https:\/\/theclimatebook.org\/fr\/wp-json\/wp\/v2\/pages"}],"about":[{"href":"https:\/\/theclimatebook.org\/fr\/wp-json\/wp\/v2\/types\/page"}],"author":[{"embeddable":true,"href":"https:\/\/theclimatebook.org\/fr\/wp-json\/wp\/v2\/users\/5"}],"replies":[{"embeddable":true,"href":"https:\/\/theclimatebook.org\/fr\/wp-json\/wp\/v2\/comments?post=739"}],"version-history":[{"count":0,"href":"https:\/\/theclimatebook.org\/fr\/wp-json\/wp\/v2\/pages\/739\/revisions"}],"up":[{"embeddable":true,"href":"https:\/\/theclimatebook.org\/fr\/wp-json\/wp\/v2\/pages\/717"}],"wp:attachment":[{"href":"https:\/\/theclimatebook.org\/fr\/wp-json\/wp\/v2\/media?parent=739"}],"curies":[{"name":"wp","href":"https:\/\/api.w.org\/{rel}","templated":true}]}}