{"id":738,"date":"2022-09-01T11:47:24","date_gmt":"2022-09-01T11:47:24","guid":{"rendered":"https:\/\/theclimatebook.org\/notes-de-fin\/la-planete-change-sous-nos-yeux\/2-23-le-pergelisol\/"},"modified":"2022-09-01T11:47:24","modified_gmt":"2022-09-01T11:47:24","slug":"2-23-le-pergelisol","status":"publish","type":"page","link":"https:\/\/theclimatebook.org\/fr\/notes-de-fin\/la-planete-change-sous-nos-yeux\/2-23-le-pergelisol\/","title":{"rendered":"2.23 Le perge\u0301lisol"},"content":{"rendered":"<div class=\"notes\">\n<p class=\"author\"><a href=\"\/contributors#\u00f6rjan-gustafsson\" rel=\"author\">\u00d6rjan Gustafsson<\/a><\/p>\n<p class=\"date\">Toutes les sources num\u00e9riques ont \u00e9t\u00e9 consult\u00e9es le <time datetime=\"2022-03-01\">1<sup>er<\/sup> mars 2022<\/time><\/p>\n<ol start=\"114\">\n<li>\n<p>\n<q>environ 75 % des de\u0301po\u0302ts peu profonds d\u2019hydrates de la Terre<\/q> Shakhova, N., et al., <cite>\u2018Understanding the permafrost\u2013hydrate system and associated methane releases in the east Siberian Arctic shelf\u2019<\/cite>, <span class=\"book\">Geosciences<\/span>, 9 (6), 2019: Article 251, <a href=\"https:\/\/doi.org\/10.3390\/geosciences9060251\" target=\"_blank\" rel=\"noopener\">https:\/\/doi.org\/10.3390\/geosciences9060251<\/a>.\n<\/p>\n<\/li>\n<li>\n<p>\n<q>le perge\u0301lisol du plateau tibe\u0301tain s\u2019effondre dix fois plus vite<\/q> Gao, T., et al., <cite>\u2018Accelerating permafrost collapse on the eastern Tibetan Plateau\u2019<\/cite>, <span class=\"book\">Environmental Research Letters<\/span>, 16 (5), 2021: Article 054023, <a href=\"https:\/\/doi.org\/10.1088\/1748-9326\/abf7f0\" target=\"_blank\" rel=\"noopener\">https:\/\/doi.org\/10.1088\/1748-9326\/abf7f0https:\/\/doi.org\/10.1088\/1748-9326\/abf7f0<\/a>.\n<\/p>\n<p>\n<q>elle a gagne\u0301 pre\u0300s de 10 \u00b0C sous l\u2019effet des eaux de surface<\/q> Shakhova, N., et al., <cite>\u2018Current rates and mechanisms of subsea permafrost degradation in the east Siberian Arctic shelf\u2019<\/cite>, <span class=\"book\">Nature Communications<\/span>, 8, 2017: Article 15872, <a href=\"https:\/\/doi.org\/10.1038\/ncomms15872\" target=\"_blank\" rel=\"noopener\">https:\/\/doi.org\/10.1038\/ncomms15872<\/a>.\n<\/p>\n<\/li>\n<li>\n<p>\n<q>un de\u0301gagement de bulles de me\u0301thane<\/q> Shakhova, N., et al., <cite>\u2018Extensive methane venting to the atmosphere from sediments of the east Siberian Arctic shelf\u2019<\/cite>, <span class=\"book\">Science<\/span>, 327 (5970), 2010: 1246\u201350, <a href=\"https:\/\/doi.org\/10.1126\/science.1182221\" target=\"_blank\" rel=\"noopener\">https:\/\/doi.org\/10.1126\/science.1182221<\/a>; Steinbach, J., et al., <cite>\u2018Source apportionment of methane escaping the subsea permafrost system in the outer Eurasian Arctic shelf\u2019<\/cite>, <span class=\"book\">Proceedings of the National Academy of Sciences<\/span>, 118 (10), 2021: Article e2019672118, <a href=\"https:\/\/doi.org\/10.1073\/pnas.2019672118\" target=\"_blank\" rel=\"noopener\">https:\/\/doi.org\/10.1073\/pnas.2019672118<\/a>.\n<\/p>\n<\/li>\n<\/ol>\n<\/div>\n","protected":false},"excerpt":{"rendered":"<p>\u00d6rjan Gustafsson Toutes les sources num\u00e9riques ont \u00e9t\u00e9 consult\u00e9es le 1er mars 2022 environ 75 % des de\u0301po\u0302ts peu profonds d\u2019hydrates de la Terre Shakhova, N., et al., \u2018Understanding the permafrost\u2013hydrate system and associated methane releases in the east Siberian Arctic shelf\u2019, Geosciences, 9 (6), 2019: Article 251, https:\/\/doi.org\/10.3390\/geosciences9060251. le perge\u0301lisol du plateau tibe\u0301tain s\u2019effondre&hellip;<\/p>\n","protected":false},"author":5,"featured_media":0,"parent":717,"menu_order":23,"comment_status":"closed","ping_status":"closed","template":"page-essay.php","meta":{"footnotes":""},"class_list":["post-738","page","type-page","status-publish","hentry"],"_links":{"self":[{"href":"https:\/\/theclimatebook.org\/fr\/wp-json\/wp\/v2\/pages\/738","targetHints":{"allow":["GET"]}}],"collection":[{"href":"https:\/\/theclimatebook.org\/fr\/wp-json\/wp\/v2\/pages"}],"about":[{"href":"https:\/\/theclimatebook.org\/fr\/wp-json\/wp\/v2\/types\/page"}],"author":[{"embeddable":true,"href":"https:\/\/theclimatebook.org\/fr\/wp-json\/wp\/v2\/users\/5"}],"replies":[{"embeddable":true,"href":"https:\/\/theclimatebook.org\/fr\/wp-json\/wp\/v2\/comments?post=738"}],"version-history":[{"count":0,"href":"https:\/\/theclimatebook.org\/fr\/wp-json\/wp\/v2\/pages\/738\/revisions"}],"up":[{"embeddable":true,"href":"https:\/\/theclimatebook.org\/fr\/wp-json\/wp\/v2\/pages\/717"}],"wp:attachment":[{"href":"https:\/\/theclimatebook.org\/fr\/wp-json\/wp\/v2\/media?parent=738"}],"curies":[{"name":"wp","href":"https:\/\/api.w.org\/{rel}","templated":true}]}}